{"id":9796,"date":"2020-04-04T00:34:34","date_gmt":"2020-04-04T00:34:34","guid":{"rendered":"https:\/\/www.alide.org.pe\/?page_id=9796"},"modified":"2020-04-07T16:16:47","modified_gmt":"2020-04-07T16:16:47","slug":"cofide-asssumes-presidency","status":"publish","type":"page","link":"https:\/\/www.alide.org.pe\/en\/cofide-asssumes-presidency\/","title":{"rendered":""},"content":{"rendered":"<div class=\"wpb-content-wrapper\"><p>[vc_row 0=&#8221;&#8221;][vc_column 0=&#8221;&#8221;][vc_empty_space 0=&#8221;&#8221;][\/vc_column][\/vc_row][vc_row 0=&#8221;&#8221;][vc_column width=&#8221;1\/6&#8243;][\/vc_column][vc_column width=&#8221;2\/3&#8243;][vc_single_image image=&#8221;9813&#8243; img_size=&#8221;full&#8221; alignment=&#8221;center&#8221;][vc_custom_heading 1=&#8221;Latinoamericana&#8221; 2=&#8221;sobre&#8221; 3=&#8221;Financiamiento&#8221; 4=&#8221;e&#8221; 5=&#8221;Impulso&#8221; 6=&#8221;de&#8221; 7=&#8221;los&#8221; 8=&#8221;Negocios&#8221; 9=&#8221;e&#8221; 10=&#8221;Inversiones&#8221; 11=&#8221;Internacionales&#8220;&#8221; text=&#8221;Cofide assumes the presidency of the Latin American development financing institutions&#8221; font_container=&#8221;tag:h3|text_align:center|color:%23013c7b&#8221; use_theme_fonts=&#8221;yes&#8221;][vc_column_text 0=&#8221;&#8221;]\u2022 Carlos Linares, Chairman of COFIDE\u2019s Board of Directors, is elected as the highest-level representative of the Latin American Association of Development Financing Institutions (ALIDE).<br \/>\n\u2022 Peruvian executive to lead coordinated initiatives for the region\u2019s development from the vantage point of this Association that congregates nearly 90 financial institutions.<\/p>\n<p><span style=\"color: #009de5;\"><strong>January 21, 2020.-\u00a0<\/strong><\/span>In line with the rules and regulations governing the Latin American Association of Development Financing Institutions (ALIDE), the Peruvian development bank assumes the Presidency of the Association\u2019s Executive Committee, through Carlos Linares, Cofide Chairman of the Board.<\/p>\n<p>The change in the institution\u2019s regulatory body took place after the recent withdrawal of Juan Curutchet, occupant of the top position in ALIDE, as President of Banco Provincia de Buenos Aires (Bapro).<\/p>\n<p>\u201cThis election is an honor for me and a recognition of the efforts being made by Peru, through COFIDE. From our position in ALIDE, we will continue to do our utmost to share good practices and knowledge among countries, always guided by the common aim that unites us: to achieve sustainable and inclusive development in our region,\u201d Carlos Linares stated.<br \/>\nALIDE\u2019s Executive Committee is the body that leads and guides the Association\u2019s activities and is made up of some of the highest-level bank and development financing institution authorities, chosen in keeping with a criterion of regional representativeness.<\/p>\n<p>In addition to Carlos Linares of COFIDE-Peru, the Executive Committee consists of Vice-Presidents Chesron D.A. Isidora (Executive Director of the Cura\u00e7ao Development Corporation) and Mar\u00eda Jeannette Ruiz (President of Banco Nacional de Costa Rica); Directors Sergio Gusm\u00e3o (President and Board Member of Banco de Desenvolvimento de Minas Gerais, Brazil) and Sandra G\u00f3mez (President of Financiera de Desarrollo Territorial, Colombia); and Edgardo Alvarez, ALIDE Secretary General.<\/p>\n<p>Carlos Linares is a prominent professional connected with the world of banking and public administration, with a career spanning over 35 years. He has occupied executive and management positions in institutions like Banco de la Naci\u00f3n, Petroper\u00fa and COFIDE. Mr. Linares holds a B.S. in Economics from the University of the Pacific and a Master\u2019s degree in Management from the J L Kellogg Graduate School of Management at Northwestern University.<\/p>\n<p><span style=\"color: #009de5;\"><strong>About ALIDE<br \/>\n<\/strong><\/span>ALIDE is the community of financial institutions that generates solutions in Latin America and the Caribbean. Its main objective is to contribute to the economic and social development of the region, through good practices in the financing of development, the promotion of its members, through cohesion activities and strengthening the participation of financial institutions in the process regional economic.<\/p>\n<p><span style=\"color: #009de5;\"><strong>Press Contact<\/strong><\/span><br \/>\nHanguk Yun<br \/>\nResponsable de Comunicaci\u00f3n Social de ALIDE<br \/>\nTel\u00e9fono: +511-203-5520 |: Ext: 226<br \/>\n<a href=\"mailto:comunicaciones@alide.org\">comunicaciones@alide.org<\/a><br \/>\n<a href=\"http:\/\/www.alide.org\" target=\"_blank\" rel=\"noopener\">www.alide.org<\/a>[\/vc_column_text][\/vc_column][\/vc_row][vc_row 0=&#8221;&#8221;][vc_column 0=&#8221;&#8221;][\/vc_column][\/vc_row]<\/p>\n<\/div>","protected":false},"excerpt":{"rendered":"<p>[vc_row 0=&#8221;&#8221;][vc_column 0=&#8221;&#8221;][vc_empty_space 0=&#8221;&#8221;][\/vc_column][\/vc_row][vc_row 0=&#8221;&#8221;][vc_column width=&#8221;1\/6&#8243;][\/vc_column][vc_column width=&#8221;2\/3&#8243;][vc_single_image image=&#8221;9813&#8243; img_size=&#8221;full&#8221; alignment=&#8221;center&#8221;][vc_custom_heading 1=&#8221;Latinoamericana&#8221; 2=&#8221;sobre&#8221; 3=&#8221;Financiamiento&#8221; 4=&#8221;e&#8221; 5=&#8221;Impulso&#8221; 6=&#8221;de&#8221; 7=&#8221;los&#8221; 8=&#8221;Negocios&#8221; 9=&#8221;e&#8221; 10=&#8221;Inversiones&#8221; 11=&#8221;Internacionales&#8220;&#8221; text=&#8221;Cofide assumes the presidency of<span class=\"excerpt-hellip\"> [\u2026]<\/span><\/p>\n","protected":false},"author":3,"featured_media":0,"parent":0,"menu_order":0,"comment_status":"closed","ping_status":"closed","template":"","meta":{"_uag_custom_page_level_css":"","footnotes":""},"class_list":["post-9796","page","type-page","status-publish","hentry"],"yoast_head":"<!-- This site is optimized with the Yoast SEO plugin v26.1.1 - https:\/\/yoast.com\/wordpress\/plugins\/seo\/ -->\n<title>- ALIDE<\/title>\n<meta name=\"robots\" content=\"index, follow, max-snippet:-1, max-image-preview:large, max-video-preview:-1\" \/>\n<link rel=\"canonical\" href=\"https:\/\/www.alide.org.pe\/en\/cofide-asssumes-presidency\/\" \/>\n<meta property=\"og:locale\" content=\"en_US\" \/>\n<meta property=\"og:type\" content=\"article\" \/>\n<meta property=\"og:title\" content=\"- ALIDE\" \/>\n<meta property=\"og:description\" content=\"[vc_row 0=&#8221;&#8221;][vc_column 0=&#8221;&#8221;][vc_empty_space 0=&#8221;&#8221;][\/vc_column][\/vc_row][vc_row 0=&#8221;&#8221;][vc_column width=&#8221;1\/6&#8243;][\/vc_column][vc_column width=&#8221;2\/3&#8243;][vc_single_image image=&#8221;9813&#8243; img_size=&#8221;full&#8221; alignment=&#8221;center&#8221;][vc_custom_heading 1=&#8221;Latinoamericana&#8221; 2=&#8221;sobre&#8221; 3=&#8221;Financiamiento&#8221; 4=&#8221;e&#8221; 5=&#8221;Impulso&#8221; 6=&#8221;de&#8221; 7=&#8221;los&#8221; 8=&#8221;Negocios&#8221; 9=&#8221;e&#8221; 10=&#8221;Inversiones&#8221; 11=&#8221;Internacionales&#8220;&#8221; text=&#8221;Cofide assumes the presidency of [\u2026]\" \/>\n<meta property=\"og:url\" content=\"https:\/\/www.alide.org.pe\/en\/cofide-asssumes-presidency\/\" \/>\n<meta property=\"og:site_name\" content=\"ALIDE\" \/>\n<meta property=\"article:publisher\" content=\"https:\/\/www.facebook.com\/alideoficial\/\" \/>\n<meta property=\"article:modified_time\" content=\"2020-04-07T16:16:47+00:00\" \/>\n<meta name=\"twitter:card\" content=\"summary_large_image\" \/>\n<meta name=\"twitter:site\" content=\"@_ALIDE_\" \/>\n<meta name=\"twitter:label1\" content=\"Est. reading time\" \/>\n\t<meta name=\"twitter:data1\" content=\"3 minutes\" \/>\n<script type=\"application\/ld+json\" class=\"yoast-schema-graph\">{\"@context\":\"https:\/\/schema.org\",\"@graph\":[{\"@type\":\"WebPage\",\"@id\":\"https:\/\/www.alide.org.pe\/en\/cofide-asssumes-presidency\/\",\"url\":\"https:\/\/www.alide.org.pe\/en\/cofide-asssumes-presidency\/\",\"name\":\"- ALIDE\",\"isPartOf\":{\"@id\":\"https:\/\/www.alide.org.pe\/#website\"},\"datePublished\":\"2020-04-04T00:34:34+00:00\",\"dateModified\":\"2020-04-07T16:16:47+00:00\",\"inLanguage\":\"en-US\",\"potentialAction\":[{\"@type\":\"ReadAction\",\"target\":[\"https:\/\/www.alide.org.pe\/en\/cofide-asssumes-presidency\/\"]}]},{\"@type\":\"WebSite\",\"@id\":\"https:\/\/www.alide.org.pe\/#website\",\"url\":\"https:\/\/www.alide.org.pe\/\",\"name\":\"ALIDE\",\"description\":\"Asociaci\u00f3n Latinoamericana de Instituciones Financieras para el Desarrollo\",\"potentialAction\":[{\"@type\":\"SearchAction\",\"target\":{\"@type\":\"EntryPoint\",\"urlTemplate\":\"https:\/\/www.alide.org.pe\/?s={search_term_string}\"},\"query-input\":{\"@type\":\"PropertyValueSpecification\",\"valueRequired\":true,\"valueName\":\"search_term_string\"}}],\"inLanguage\":\"en-US\"}]}<\/script>\n<!-- \/ Yoast SEO plugin. -->","yoast_head_json":{"title":"- ALIDE","robots":{"index":"index","follow":"follow","max-snippet":"max-snippet:-1","max-image-preview":"max-image-preview:large","max-video-preview":"max-video-preview:-1"},"canonical":"https:\/\/www.alide.org.pe\/en\/cofide-asssumes-presidency\/","og_locale":"en_US","og_type":"article","og_title":"- ALIDE","og_description":"[vc_row 0=&#8221;&#8221;][vc_column 0=&#8221;&#8221;][vc_empty_space 0=&#8221;&#8221;][\/vc_column][\/vc_row][vc_row 0=&#8221;&#8221;][vc_column width=&#8221;1\/6&#8243;][\/vc_column][vc_column width=&#8221;2\/3&#8243;][vc_single_image image=&#8221;9813&#8243; img_size=&#8221;full&#8221; alignment=&#8221;center&#8221;][vc_custom_heading 1=&#8221;Latinoamericana&#8221; 2=&#8221;sobre&#8221; 3=&#8221;Financiamiento&#8221; 4=&#8221;e&#8221; 5=&#8221;Impulso&#8221; 6=&#8221;de&#8221; 7=&#8221;los&#8221; 8=&#8221;Negocios&#8221; 9=&#8221;e&#8221; 10=&#8221;Inversiones&#8221; 11=&#8221;Internacionales&#8220;&#8221; text=&#8221;Cofide assumes the presidency of [\u2026]","og_url":"https:\/\/www.alide.org.pe\/en\/cofide-asssumes-presidency\/","og_site_name":"ALIDE","article_publisher":"https:\/\/www.facebook.com\/alideoficial\/","article_modified_time":"2020-04-07T16:16:47+00:00","twitter_card":"summary_large_image","twitter_site":"@_ALIDE_","twitter_misc":{"Est. reading time":"3 minutes"},"schema":{"@context":"https:\/\/schema.org","@graph":[{"@type":"WebPage","@id":"https:\/\/www.alide.org.pe\/en\/cofide-asssumes-presidency\/","url":"https:\/\/www.alide.org.pe\/en\/cofide-asssumes-presidency\/","name":"- ALIDE","isPartOf":{"@id":"https:\/\/www.alide.org.pe\/#website"},"datePublished":"2020-04-04T00:34:34+00:00","dateModified":"2020-04-07T16:16:47+00:00","inLanguage":"en-US","potentialAction":[{"@type":"ReadAction","target":["https:\/\/www.alide.org.pe\/en\/cofide-asssumes-presidency\/"]}]},{"@type":"WebSite","@id":"https:\/\/www.alide.org.pe\/#website","url":"https:\/\/www.alide.org.pe\/","name":"ALIDE","description":"Asociaci\u00f3n Latinoamericana de Instituciones Financieras para el Desarrollo","potentialAction":[{"@type":"SearchAction","target":{"@type":"EntryPoint","urlTemplate":"https:\/\/www.alide.org.pe\/?s={search_term_string}"},"query-input":{"@type":"PropertyValueSpecification","valueRequired":true,"valueName":"search_term_string"}}],"inLanguage":"en-US"}]}},"uagb_featured_image_src":{"full":false,"thumbnail":false,"medium":false,"medium_large":false,"large":false,"1536x1536":false,"2048x2048":false,"post-thumbnail":false,"50x50":false,"clients-slider":false,"slider-content":false,"testimonials":false,"blog-navi":false,"portfolio-mf":false,"portfolio-mf-w":false,"portfolio-mf-t":false,"portfolio-list":false,"blog-portfolio":false,"blog-single":false},"uagb_author_info":{"display_name":"ALIDE","author_link":"https:\/\/www.alide.org.pe\/en\/author\/hanguk\/"},"uagb_comment_info":0,"uagb_excerpt":"[vc_row 0=&#8221;&#8221;][vc_column 0=&#8221;&#8221;][vc_empty_space 0=&#8221;&#8221;][\/vc_column][\/vc_row][vc_row 0=&#8221;&#8221;][vc_column width=&#8221;1\/6&#8243;][\/vc_column][vc_column width=&#8221;2\/3&#8243;][vc_single_image image=&#8221;9813&#8243; img_size=&#8221;full&#8221; alignment=&#8221;center&#8221;][vc_custom_heading 1=&#8221;Latinoamericana&#8221; 2=&#8221;sobre&#8221; 3=&#8221;Financiamiento&#8221; 4=&#8221;e&#8221; 5=&#8221;Impulso&#8221; 6=&#8221;de&#8221; 7=&#8221;los&#8221; 8=&#8221;Negocios&#8221; 9=&#8221;e&#8221; 10=&#8221;Inversiones&#8221; 11=&#8221;Internacionales&#8220;&#8221; text=&#8221;Cofide assumes the presidency of [\u2026]","_links":{"self":[{"href":"https:\/\/www.alide.org.pe\/en\/wp-json\/wp\/v2\/pages\/9796","targetHints":{"allow":["GET"]}}],"collection":[{"href":"https:\/\/www.alide.org.pe\/en\/wp-json\/wp\/v2\/pages"}],"about":[{"href":"https:\/\/www.alide.org.pe\/en\/wp-json\/wp\/v2\/types\/page"}],"author":[{"embeddable":true,"href":"https:\/\/www.alide.org.pe\/en\/wp-json\/wp\/v2\/users\/3"}],"replies":[{"embeddable":true,"href":"https:\/\/www.alide.org.pe\/en\/wp-json\/wp\/v2\/comments?post=9796"}],"version-history":[{"count":2,"href":"https:\/\/www.alide.org.pe\/en\/wp-json\/wp\/v2\/pages\/9796\/revisions"}],"predecessor-version":[{"id":9814,"href":"https:\/\/www.alide.org.pe\/en\/wp-json\/wp\/v2\/pages\/9796\/revisions\/9814"}],"wp:attachment":[{"href":"https:\/\/www.alide.org.pe\/en\/wp-json\/wp\/v2\/media?parent=9796"}],"curies":[{"name":"wp","href":"https:\/\/api.w.org\/{rel}","templated":true}]}}