{"id":33069,"date":"2026-01-06T05:24:12","date_gmt":"2026-01-06T05:24:12","guid":{"rendered":"https:\/\/www.alide.org.pe\/actividades-2026-de-alide\/"},"modified":"2026-01-06T06:42:06","modified_gmt":"2026-01-06T06:42:06","slug":"actividades-2026-de-alide","status":"publish","type":"page","link":"https:\/\/www.alide.org.pe\/en\/actividades-2026-de-alide\/","title":{"rendered":"Actividades 2026: Calendario de eventos de ALIDE"},"content":{"rendered":"<div class=\"wpb-content-wrapper\"><p>[vc_row][vc_column][vc_custom_heading text=&#8221;<strong>Calendario de Actividades 2026<\/strong>&#8221; font_container=&#8221;tag:h2|font_size:25|text_align:left|color:%23013c7b&#8221; use_theme_fonts=&#8221;yes&#8221; css=&#8221;.vc_custom_1767677047700{margin-top: 10px !important;border-top-width: 10px !important;}&#8221;][vc_column_text]La <strong data-start=\"1775\" data-end=\"1861\">Asociaci\u00f3n Latinoamericana de Instituciones Financieras para el Desarrollo (ALIDE)<\/strong> presenta su <strong>Calendario de Actividades 2026<\/strong>, que incluye asambleas, capacitaciones, seminarios y encuentros orientados a fortalecer el rol de la <strong data-start=\"2015\" data-end=\"2068\">banca de desarrollo en Am\u00e9rica Latina y el Caribe<\/strong>.[\/vc_column_text][\/vc_column][\/vc_row][vc_row][vc_column][vc_custom_heading text=&#8221;Enero&#8221; font_container=&#8221;tag:h2|font_size:25|text_align:left|color:%23013c7b&#8221; use_theme_fonts=&#8221;yes&#8221;][\/vc_column][\/vc_row][vc_row 0=&#8221;&#8221;][vc_column width=&#8221;1\/4&#8243;][vc_column_text]<\/p>\n<div style=\"border-left: 1px solid #013c7b; padding-left: 25px;\">\n<p style=\"color: #013c7b; font-size: x-large;\"><strong>29 de enero<\/strong><\/p>\n<p style=\"color: #6d6e70; font-size: medium;\"><strong><em>\u00a0(*) Reuni\u00f3n de la Comunidad de Pr\u00e1ctica de la Banca de Desarrollo<\/em><\/strong><\/p>\n<p>Desempe\u00f1o y Perspectivas Econ\u00f3micas de Am\u00e9rica Latina y el Caribe 2026<\/p>\n<p style=\"color: #5db0bd;\">Virtual<br \/>\nALIDE | CEPAL | BID | S&amp;P Ratings | Comunidad de Practica de la Banca de Desarrollo (CDP)<\/p>\n<\/div>\n<p>[\/vc_column_text][\/vc_column][vc_column width=&#8221;1\/4&#8243;][\/vc_column][vc_column width=&#8221;1\/4&#8243;][\/vc_column][vc_column width=&#8221;1\/4&#8243;][\/vc_column][\/vc_row][vc_row][vc_column][vc_custom_heading text=&#8221;Febrero&#8221; font_container=&#8221;tag:h2|font_size:25|text_align:left|color:%23013c7b&#8221; use_theme_fonts=&#8221;yes&#8221;][\/vc_column][\/vc_row][vc_row 0=&#8221;&#8221;][vc_column width=&#8221;1\/4&#8243;][vc_column_text]<\/p>\n<div style=\"border-left: 1px solid #013c7b; padding-left: 25px;\">\n<p style=\"color: #013c7b; font-size: x-large;\"><strong>17 de febrero<\/strong><\/p>\n<p style=\"color: #6d6e70; font-size: medium;\"><strong><em>\u00a0(*) Webinar<\/em><\/strong><\/p>\n<p>Reuni\u00f3n del Comit\u00e9 T\u00e9cnico de ALIDE para el Financiamiento de la Agricultura<\/p>\n<p style=\"color: #5db0bd;\">Virtual<br \/>\nALIDE<\/p>\n<\/div>\n<p>[\/vc_column_text][\/vc_column][vc_column width=&#8221;1\/4&#8243;][vc_column_text]<\/p>\n<div style=\"border-left: 1px solid #013c7b; padding-left: 25px;\">\n<p style=\"color: #013c7b; font-size: x-large;\"><strong>18 de febrero \u2013 25 de marzo<\/strong><\/p>\n<p style=\"color: #6d6e70; font-size: medium;\"><strong><em>Curso Online<\/em><\/strong><\/p>\n<p>Sostenibilidad Corporativa en Bancos para el Desarrollo de las Finanzas Sostenibles<\/p>\n<p style=\"color: #5db0bd;\">Virtual<br \/>\nE-Learning ALIDE<\/p>\n<\/div>\n<p>[\/vc_column_text][\/vc_column][vc_column width=&#8221;1\/4&#8243;][vc_column_text]<\/p>\n<div style=\"border-left: 1px solid #013c7b; padding-left: 25px;\">\n<p style=\"color: #013c7b; font-size: x-large;\"><strong>24 al 26 de febrero<\/strong><\/p>\n<p style=\"color: #6d6e70; font-size: medium;\"><strong><em>Congreso Online<\/em><\/strong><\/p>\n<p>Transformaci\u00f3n Digital e Inteligencia Artificial (IA) en la Banca de Desarrollo: Innovaci\u00f3n, tecnolog\u00edas e impacto<\/p>\n<p style=\"color: #5db0bd;\">Virtual<br \/>\nALIDE | BID<\/p>\n<\/div>\n<p>[\/vc_column_text][\/vc_column][vc_column width=&#8221;1\/4&#8243;][vc_column_text]<\/p>\n<div style=\"border-left: 1px solid #013c7b; padding-left: 25px;\">\n<p style=\"color: #013c7b; font-size: x-large;\"><strong>Fecha por definir<\/strong><\/p>\n<p style=\"color: #6d6e70; font-size: medium;\"><strong><em>Webinar <\/em><\/strong><\/p>\n<p>Iniciativas de cooperaci\u00f3n del Banco Europeo de Inversiones con Am\u00e9rica Latina y el Caribe<\/p>\n<p style=\"color: #5db0bd;\">Virtual<br \/>\nBEI | ALIDE<\/p>\n<\/div>\n<p>[\/vc_column_text][\/vc_column][\/vc_row][vc_row][vc_column][vc_custom_heading text=&#8221;Marzo&#8221; font_container=&#8221;tag:h2|font_size:25|text_align:left|color:%23013c7b&#8221; use_theme_fonts=&#8221;yes&#8221;][\/vc_column][\/vc_row][vc_row 0=&#8221;&#8221;][vc_column width=&#8221;1\/4&#8243;][vc_column_text]<\/p>\n<div style=\"border-left: 1px solid #013c7b; padding-left: 25px;\">\n<p style=\"color: #013c7b; font-size: x-large;\"><strong>10 de marzo \u2013 7 de abril<\/strong><\/p>\n<p style=\"color: #6d6e70; font-size: medium;\"><strong><em>Curso Online<\/em><\/strong><\/p>\n<p><span data-olk-copy-source=\"MessageBody\">Gesti\u00f3n Integral de la Ciberseguridad y Ciber resiliencia en Bancos e Instituciones Financieras<\/span><\/p>\n<p style=\"color: #5db0bd;\">Virtual<br \/>\nE-Learning ALIDE<\/p>\n<\/div>\n<p>[\/vc_column_text][\/vc_column][vc_column width=&#8221;1\/4&#8243;][vc_column_text]<\/p>\n<div style=\"border-left: 1px solid #013c7b; padding-left: 25px;\">\n<p style=\"color: #013c7b; font-size: x-large;\"><strong>18 al 20 de marzo\u00a0<\/strong><\/p>\n<p style=\"color: #6d6e70; font-size: medium;\"><strong><em>Pasant\u00eda<\/em><\/strong><\/p>\n<p>Hidr\u00f3geno Verde: Motor de la Transici\u00f3n Energ\u00e9tica y el Desarrollo Sostenible<\/p>\n<p style=\"color: #5db0bd;\">Santiago, Chile<br \/>\nALIDE | CORFO<\/p>\n<\/div>\n<p>[\/vc_column_text][\/vc_column][vc_column width=&#8221;1\/4&#8243;][vc_column_text]<\/p>\n<div style=\"border-left: 1px solid #013c7b; padding-left: 25px;\">\n<p style=\"color: #013c7b; font-size: x-large;\"><strong>24 de marzo \u2013 21 de abril<\/strong><\/p>\n<p style=\"color: #6d6e70; font-size: medium;\"><strong><em>Curso Online<\/em><\/strong><\/p>\n<p>Modelos Crediticios de Riesgo y P\u00e9rdida Esperada bajo IFRS 9 y Basilea<\/p>\n<p style=\"color: #5db0bd;\">Virtual<br \/>\nE-Learning ALIDE<\/p>\n<\/div>\n<p>[\/vc_column_text][\/vc_column][vc_column width=&#8221;1\/4&#8243;][\/vc_column][\/vc_row][vc_row][vc_column][vc_custom_heading text=&#8221;Abril&#8221; font_container=&#8221;tag:h2|font_size:25|text_align:left|color:%23013c7b&#8221; use_theme_fonts=&#8221;yes&#8221;][\/vc_column][\/vc_row][vc_row][vc_column][vc_custom_heading text=&#8221;Mayo&#8221; font_container=&#8221;tag:h2|font_size:25|text_align:left|color:%23013c7b&#8221; use_theme_fonts=&#8221;yes&#8221;][\/vc_column][\/vc_row][vc_row 0=&#8221;&#8221;][vc_column width=&#8221;1\/4&#8243;][vc_column_text]<\/p>\n<div style=\"border-left: 1px solid #013c7b; padding-left: 25px;\">\n<p style=\"color: #013c7b; font-size: x-large;\"><strong>19 de mayo <\/strong><\/p>\n<p style=\"color: #6d6e70; font-size: medium;\"><strong><em>\u00a0(*) Reuni\u00f3n de Coordinadores Nacionales de ALIDE<\/em><\/strong><\/p>\n<p style=\"color: #5db0bd;\">Asunci\u00f3n, Paraguay<br \/>\nALIDE<\/p>\n<\/div>\n<p>[\/vc_column_text][\/vc_column][vc_column width=&#8221;1\/4&#8243;][vc_column_text]<\/p>\n<div style=\"border-left: 1px solid #013c7b; padding-left: 25px;\">\n<p style=\"color: #013c7b; font-size: x-large;\"><strong>20 al 22 de mayo<\/strong><\/p>\n<p style=\"color: #6d6e70; font-size: medium;\"><strong><em>(*) 56 Reuni\u00f3n de la Asamblea General de ALIDE<\/em><\/strong><\/p>\n<p>Innovar, Invertir, Incluir: Banca de desarrollo impulsando un crecimiento inclusivo y transformador en el nuevo escenario econ\u00f3mico global<\/p>\n<p style=\"color: #5db0bd;\">Asunci\u00f3n, Paraguay<br \/>\nALIDE | BNF<\/p>\n<\/div>\n<p>[\/vc_column_text][\/vc_column][vc_column width=&#8221;1\/4&#8243;][\/vc_column][vc_column width=&#8221;1\/4&#8243;][\/vc_column][\/vc_row][vc_row][vc_column][vc_custom_heading text=&#8221;Junio&#8221; font_container=&#8221;tag:h2|font_size:25|text_align:left|color:%23013c7b&#8221; use_theme_fonts=&#8221;yes&#8221;][\/vc_column][\/vc_row][vc_row][vc_column][vc_custom_heading text=&#8221;Julio&#8221; font_container=&#8221;tag:h2|font_size:25|text_align:left|color:%23013c7b&#8221; use_theme_fonts=&#8221;yes&#8221;][\/vc_column][\/vc_row][vc_row][vc_column][vc_custom_heading text=&#8221;Agosto&#8221; font_container=&#8221;tag:h2|font_size:25|text_align:left|color:%23013c7b&#8221; use_theme_fonts=&#8221;yes&#8221;][\/vc_column][\/vc_row][vc_row][vc_column][vc_custom_heading text=&#8221;Septiembre&#8221; font_container=&#8221;tag:h2|font_size:25|text_align:left|color:%23013c7b&#8221; use_theme_fonts=&#8221;yes&#8221;][\/vc_column][\/vc_row][vc_row][vc_column][vc_custom_heading text=&#8221;Octubre&#8221; font_container=&#8221;tag:h2|font_size:25|text_align:left|color:%23013c7b&#8221; use_theme_fonts=&#8221;yes&#8221;][\/vc_column][\/vc_row][vc_row 0=&#8221;&#8221;][vc_column width=&#8221;1\/4&#8243;][vc_column_text]<\/p>\n<div style=\"border-left: 1px solid #013c7b; padding-left: 25px;\">\n<p style=\"color: #013c7b; font-size: x-large;\"><strong>21 al 23 de octubre<\/strong><\/p>\n<p style=\"color: #6d6e70; font-size: medium;\"><strong><em><span data-olk-copy-source=\"MessageBody\">5ta. Reuni\u00f3n anual de la Red de Desarrollo de Capacidades de Evaluaci\u00f3n<\/span><\/em><\/strong><\/p>\n<p style=\"color: #5db0bd;\">Lima, Per\u00fa<br \/>\nREDECA | ALIDE<\/p>\n<\/div>\n<p>[\/vc_column_text][\/vc_column][vc_column width=&#8221;1\/4&#8243;][\/vc_column][vc_column width=&#8221;1\/4&#8243;][\/vc_column][vc_column width=&#8221;1\/4&#8243;][\/vc_column][\/vc_row][vc_row][vc_column][vc_custom_heading text=&#8221;Noviembre&#8221; font_container=&#8221;tag:h2|font_size:25|text_align:left|color:%23013c7b&#8221; use_theme_fonts=&#8221;yes&#8221;][\/vc_column][\/vc_row][vc_row 0=&#8221;&#8221;][vc_column width=&#8221;1\/4&#8243;][vc_column_text]<\/p>\n<div style=\"border-left: 1px solid #013c7b; padding-left: 25px;\">\n<p style=\"color: #013c7b; font-size: x-large;\"><strong>Fecha por definir<\/strong><\/p>\n<p style=\"color: #6d6e70; font-size: medium;\"><strong><em>Webinar<\/em><\/strong><\/p>\n<p>Innovaciones Financieras y de Gesti\u00f3n en la Banca de Desarrollo de Am\u00e9rica Latina y el Caribe<\/p>\n<p style=\"color: #5db0bd;\">Virtual<br \/>\nALIDE | BID | CEPAL | Comunidad de Pr\u00e1ctica de Banca de Desarrollo (CDP)<\/p>\n<\/div>\n<p>[\/vc_column_text][\/vc_column][vc_column width=&#8221;1\/4&#8243;][\/vc_column][vc_column width=&#8221;1\/4&#8243;][\/vc_column][vc_column width=&#8221;1\/4&#8243;][\/vc_column][\/vc_row][vc_row][vc_column][vc_custom_heading text=&#8221;Diciembre&#8221; font_container=&#8221;tag:h2|font_size:25|text_align:left|color:%23013c7b&#8221; use_theme_fonts=&#8221;yes&#8221;][\/vc_column][\/vc_row][vc_row 0=&#8221;&#8221;][vc_column width=&#8221;1\/4&#8243;][\/vc_column][vc_column_text 0=&#8221;&#8221;]<\/p>\n<p style=\"text-align: left;\"><strong>Glosario de t\u00e9rminos<\/strong><\/p>\n<p><strong>BEI:\u00a0 <\/strong>Banco Europeo de Inversiones<br \/>\n<strong>BID:<\/strong>\u00a0 Banco Interamericano de Desarrollo<br \/>\n<strong>BNF:<\/strong>\u00a0 Banco Nacional de Fomento, Paraguay<br \/>\n<strong>CDP:<\/strong>\u00a0 Comunidad de Pr\u00e1ctica de Banca de Desarrollo<br \/>\n<strong>CEPAL:<\/strong>\u00a0 Comisi\u00f3n Econ\u00f3mica para Am\u00e9rica Latina y el Caribe<br \/>\n<strong>CORFO:<\/strong>\u00a0 Corporaci\u00f3n de Fomento de la Producci\u00f3n, Chile<br \/>\n<strong>REDECA:<\/strong>\u00a0 Red de Desarrollo de Capacidades de Evaluaci\u00f3n<\/p>\n<p style=\"text-align: left;\"><u>Nota<\/u>: (*) Confirmado. | Las fechas, sedes y organizadores son propuestas sujetas a confirmaci\u00f3n en el anuncio de las actividades del programa de trabajo.<\/p>\n<h3><span style=\"color: #009fdf;\"><strong>Informaciones<\/strong><\/span><\/h3>\n<p>Marlene Zamora <a href=\"mailto:mzamora@alide.org\">mzamora@alide.org<\/a>,<br \/>\n<a href=\"http:\/\/www.alide.org\/\">www.alide.org<\/a>[\/vc_column_text][\/vc_row][vc_row][\/vc_row][vc_column][\/vc_column][vc_column_text 0=&#8221;&#8221;][\/vc_column_text]<\/p>\n<\/div>","protected":false},"excerpt":{"rendered":"<p>[vc_row][vc_column][vc_custom_heading text=&#8221;Calendario de Actividades 2026&#8221; font_container=&#8221;tag:h2|font_size:25|text_align:left|color:%23013c7b&#8221; use_theme_fonts=&#8221;yes&#8221; css=&#8221;.vc_custom_1767677047700{margin-top: 10px !important;border-top-width: 10px !important;}&#8221;][vc_column_text]La Asociaci\u00f3n Latinoamericana de Instituciones Financieras para el Desarrollo (ALIDE) presenta su Calendario de Actividades<span class=\"excerpt-hellip\"> [\u2026]<\/span><\/p>\n","protected":false},"author":10,"featured_media":0,"parent":0,"menu_order":0,"comment_status":"closed","ping_status":"closed","template":"","meta":{"_uag_custom_page_level_css":"","footnotes":""},"class_list":["post-33069","page","type-page","status-publish","hentry"],"yoast_head":"<!-- This site is optimized with the Yoast SEO plugin v26.1.1 - https:\/\/yoast.com\/wordpress\/plugins\/seo\/ -->\n<title>Actividades 2026: Calendario de eventos de ALIDE - ALIDE<\/title>\n<meta name=\"description\" content=\"El calendario de actividades 2024 de ALIDE contiene los eventos organizados por la instituci\u00f3n: congresos, foros, cursos, seminarios y m\u00e1s.\" \/>\n<meta name=\"robots\" content=\"index, follow, max-snippet:-1, max-image-preview:large, max-video-preview:-1\" \/>\n<link rel=\"canonical\" href=\"https:\/\/www.alide.org.pe\/en\/actividades-2026-de-alide\/\" \/>\n<meta property=\"og:locale\" content=\"en_US\" \/>\n<meta property=\"og:type\" content=\"article\" \/>\n<meta property=\"og:title\" content=\"Actividades 2026: Calendario de eventos de ALIDE - ALIDE\" \/>\n<meta property=\"og:description\" content=\"El calendario de actividades 2024 de ALIDE contiene los eventos organizados por la instituci\u00f3n: congresos, foros, cursos, seminarios y m\u00e1s.\" \/>\n<meta property=\"og:url\" content=\"https:\/\/www.alide.org.pe\/en\/actividades-2026-de-alide\/\" \/>\n<meta property=\"og:site_name\" content=\"ALIDE\" \/>\n<meta property=\"article:publisher\" content=\"https:\/\/www.facebook.com\/alideoficial\/\" \/>\n<meta property=\"article:modified_time\" content=\"2026-01-06T06:42:06+00:00\" \/>\n<meta name=\"twitter:card\" content=\"summary_large_image\" \/>\n<meta name=\"twitter:site\" content=\"@_ALIDE_\" \/>\n<meta name=\"twitter:label1\" content=\"Est. reading time\" \/>\n\t<meta name=\"twitter:data1\" content=\"10 minutes\" \/>\n<script type=\"application\/ld+json\" class=\"yoast-schema-graph\">{\"@context\":\"https:\/\/schema.org\",\"@graph\":[{\"@type\":\"WebPage\",\"@id\":\"https:\/\/www.alide.org.pe\/en\/actividades-2026-de-alide\/\",\"url\":\"https:\/\/www.alide.org.pe\/en\/actividades-2026-de-alide\/\",\"name\":\"Actividades 2026: Calendario de eventos de ALIDE - ALIDE\",\"isPartOf\":{\"@id\":\"https:\/\/www.alide.org.pe\/#website\"},\"datePublished\":\"2026-01-06T05:24:12+00:00\",\"dateModified\":\"2026-01-06T06:42:06+00:00\",\"description\":\"El calendario de actividades 2024 de ALIDE contiene los eventos organizados por la instituci\u00f3n: congresos, foros, cursos, seminarios y m\u00e1s.\",\"breadcrumb\":{\"@id\":\"https:\/\/www.alide.org.pe\/en\/actividades-2026-de-alide\/#breadcrumb\"},\"inLanguage\":\"en-US\",\"potentialAction\":[{\"@type\":\"ReadAction\",\"target\":[\"https:\/\/www.alide.org.pe\/en\/actividades-2026-de-alide\/\"]}]},{\"@type\":\"BreadcrumbList\",\"@id\":\"https:\/\/www.alide.org.pe\/en\/actividades-2026-de-alide\/#breadcrumb\",\"itemListElement\":[{\"@type\":\"ListItem\",\"position\":1,\"name\":\"Portada\",\"item\":\"https:\/\/www.alide.org.pe\/en\/7-2-2-2-2-2\/\"},{\"@type\":\"ListItem\",\"position\":2,\"name\":\"Actividades 2026: Calendario de eventos de ALIDE\"}]},{\"@type\":\"WebSite\",\"@id\":\"https:\/\/www.alide.org.pe\/#website\",\"url\":\"https:\/\/www.alide.org.pe\/\",\"name\":\"ALIDE\",\"description\":\"Asociaci\u00f3n Latinoamericana de Instituciones Financieras para el Desarrollo\",\"potentialAction\":[{\"@type\":\"SearchAction\",\"target\":{\"@type\":\"EntryPoint\",\"urlTemplate\":\"https:\/\/www.alide.org.pe\/?s={search_term_string}\"},\"query-input\":{\"@type\":\"PropertyValueSpecification\",\"valueRequired\":true,\"valueName\":\"search_term_string\"}}],\"inLanguage\":\"en-US\"}]}<\/script>\n<!-- \/ Yoast SEO plugin. -->","yoast_head_json":{"title":"Actividades 2026: Calendario de eventos de ALIDE - ALIDE","description":"El calendario de actividades 2024 de ALIDE contiene los eventos organizados por la instituci\u00f3n: congresos, foros, cursos, seminarios y m\u00e1s.","robots":{"index":"index","follow":"follow","max-snippet":"max-snippet:-1","max-image-preview":"max-image-preview:large","max-video-preview":"max-video-preview:-1"},"canonical":"https:\/\/www.alide.org.pe\/en\/actividades-2026-de-alide\/","og_locale":"en_US","og_type":"article","og_title":"Actividades 2026: Calendario de eventos de ALIDE - ALIDE","og_description":"El calendario de actividades 2024 de ALIDE contiene los eventos organizados por la instituci\u00f3n: congresos, foros, cursos, seminarios y m\u00e1s.","og_url":"https:\/\/www.alide.org.pe\/en\/actividades-2026-de-alide\/","og_site_name":"ALIDE","article_publisher":"https:\/\/www.facebook.com\/alideoficial\/","article_modified_time":"2026-01-06T06:42:06+00:00","twitter_card":"summary_large_image","twitter_site":"@_ALIDE_","twitter_misc":{"Est. reading time":"10 minutes"},"schema":{"@context":"https:\/\/schema.org","@graph":[{"@type":"WebPage","@id":"https:\/\/www.alide.org.pe\/en\/actividades-2026-de-alide\/","url":"https:\/\/www.alide.org.pe\/en\/actividades-2026-de-alide\/","name":"Actividades 2026: Calendario de eventos de ALIDE - ALIDE","isPartOf":{"@id":"https:\/\/www.alide.org.pe\/#website"},"datePublished":"2026-01-06T05:24:12+00:00","dateModified":"2026-01-06T06:42:06+00:00","description":"El calendario de actividades 2024 de ALIDE contiene los eventos organizados por la instituci\u00f3n: congresos, foros, cursos, seminarios y m\u00e1s.","breadcrumb":{"@id":"https:\/\/www.alide.org.pe\/en\/actividades-2026-de-alide\/#breadcrumb"},"inLanguage":"en-US","potentialAction":[{"@type":"ReadAction","target":["https:\/\/www.alide.org.pe\/en\/actividades-2026-de-alide\/"]}]},{"@type":"BreadcrumbList","@id":"https:\/\/www.alide.org.pe\/en\/actividades-2026-de-alide\/#breadcrumb","itemListElement":[{"@type":"ListItem","position":1,"name":"Portada","item":"https:\/\/www.alide.org.pe\/en\/7-2-2-2-2-2\/"},{"@type":"ListItem","position":2,"name":"Actividades 2026: Calendario de eventos de ALIDE"}]},{"@type":"WebSite","@id":"https:\/\/www.alide.org.pe\/#website","url":"https:\/\/www.alide.org.pe\/","name":"ALIDE","description":"Asociaci\u00f3n Latinoamericana de Instituciones Financieras para el Desarrollo","potentialAction":[{"@type":"SearchAction","target":{"@type":"EntryPoint","urlTemplate":"https:\/\/www.alide.org.pe\/?s={search_term_string}"},"query-input":{"@type":"PropertyValueSpecification","valueRequired":true,"valueName":"search_term_string"}}],"inLanguage":"en-US"}]}},"uagb_featured_image_src":{"full":false,"thumbnail":false,"medium":false,"medium_large":false,"large":false,"1536x1536":false,"2048x2048":false,"post-thumbnail":false,"50x50":false,"clients-slider":false,"slider-content":false,"testimonials":false,"blog-navi":false,"portfolio-mf":false,"portfolio-mf-w":false,"portfolio-mf-t":false,"portfolio-list":false,"blog-portfolio":false,"blog-single":false},"uagb_author_info":{"display_name":"Andrea Villafranca D\u00e1vila","author_link":"https:\/\/www.alide.org.pe\/en\/author\/andrea\/"},"uagb_comment_info":0,"uagb_excerpt":"[vc_row][vc_column][vc_custom_heading text=&#8221;Calendario de Actividades 2026&#8221; font_container=&#8221;tag:h2|font_size:25|text_align:left|color:%23013c7b&#8221; use_theme_fonts=&#8221;yes&#8221; css=&#8221;.vc_custom_1767677047700{margin-top: 10px !important;border-top-width: 10px !important;}&#8221;][vc_column_text]La Asociaci\u00f3n Latinoamericana de Instituciones Financieras para el Desarrollo (ALIDE) presenta su Calendario de Actividades [\u2026]","_links":{"self":[{"href":"https:\/\/www.alide.org.pe\/en\/wp-json\/wp\/v2\/pages\/33069","targetHints":{"allow":["GET"]}}],"collection":[{"href":"https:\/\/www.alide.org.pe\/en\/wp-json\/wp\/v2\/pages"}],"about":[{"href":"https:\/\/www.alide.org.pe\/en\/wp-json\/wp\/v2\/types\/page"}],"author":[{"embeddable":true,"href":"https:\/\/www.alide.org.pe\/en\/wp-json\/wp\/v2\/users\/10"}],"replies":[{"embeddable":true,"href":"https:\/\/www.alide.org.pe\/en\/wp-json\/wp\/v2\/comments?post=33069"}],"version-history":[{"count":2,"href":"https:\/\/www.alide.org.pe\/en\/wp-json\/wp\/v2\/pages\/33069\/revisions"}],"predecessor-version":[{"id":33072,"href":"https:\/\/www.alide.org.pe\/en\/wp-json\/wp\/v2\/pages\/33069\/revisions\/33072"}],"wp:attachment":[{"href":"https:\/\/www.alide.org.pe\/en\/wp-json\/wp\/v2\/media?parent=33069"}],"curies":[{"name":"wp","href":"https:\/\/api.w.org\/{rel}","templated":true}]}}