{"id":32577,"date":"2025-10-22T17:50:49","date_gmt":"2025-10-22T17:50:49","guid":{"rendered":"https:\/\/www.alide.org.pe\/?page_id=32577"},"modified":"2025-10-22T17:50:49","modified_gmt":"2025-10-22T17:50:49","slug":"best-practices","status":"publish","type":"page","link":"https:\/\/www.alide.org.pe\/en\/best-practices\/","title":{"rendered":"Best Practices"},"content":{"rendered":"<div class=\"wpb-content-wrapper\"><p>[vc_row][vc_column][vc_empty_space][vc_custom_heading text=&#8221;<strong>Best Practices<\/strong>&#8221; font_container=&#8221;tag:h2|font_size:30px|text_align:left|color:%23013c7b&#8221; use_theme_fonts=&#8221;yes&#8221;][vc_column_text]Las instituciones financieras de desarrollo se caracterizan por ser agentes de cambio, ya que atienden a necesidades y sectores m\u00e1s amplios y diversos que la banca comercial. Esta tarea las motiva a crear productos y servicios innovadores, que plantean cambios a nivel de la concepci\u00f3n, estructura y alcance. ALIDE alienta la innovaci\u00f3n en el sector, otorgando reconocimientos a las buenas pr\u00e1cticas.<\/p>\n<p style=\"text-align: center;\"><a class=\"button  button_size_2 button_js\" href=\"https:\/\/www.alide.org.pe\/premios-alide\/\" target=\"_blank\"     style=\" background-color:#0088cc !important; color:#ffffff;\"><span class=\"button_label\">Premios ALIDE<\/span><\/a>\n<\/p>\n<p style=\"text-align: center;\"><a class=\"button  button_size_2 button_js\" href=\"https:\/\/www.alide.org.pe\/banco-del-ano\/\" target=\"_blank\"     style=\" background-color:#0088cc !important; color:#ffffff;\"><span class=\"button_label\">Banco del A\u00f1o<\/span><\/a>\n<\/p>\n<p>[\/vc_column_text][\/vc_column][\/vc_row]<\/p>\n<\/div>","protected":false},"excerpt":{"rendered":"<p>[vc_row][vc_column][vc_empty_space][vc_custom_heading text=&#8221;Best Practices&#8221; font_container=&#8221;tag:h2|font_size:30px|text_align:left|color:%23013c7b&#8221; use_theme_fonts=&#8221;yes&#8221;][vc_column_text]Las instituciones financieras de desarrollo se caracterizan por ser agentes de cambio, ya que atienden a necesidades y sectores m\u00e1s amplios y<span class=\"excerpt-hellip\"> [\u2026]<\/span><\/p>\n","protected":false},"author":10,"featured_media":0,"parent":0,"menu_order":0,"comment_status":"closed","ping_status":"closed","template":"","meta":{"_uag_custom_page_level_css":"","footnotes":""},"class_list":["post-32577","page","type-page","status-publish","hentry"],"yoast_head":"<!-- This site is optimized with the Yoast SEO plugin v26.1.1 - https:\/\/yoast.com\/wordpress\/plugins\/seo\/ -->\n<title>Best Practices - ALIDE<\/title>\n<meta name=\"robots\" content=\"index, follow, max-snippet:-1, max-image-preview:large, max-video-preview:-1\" \/>\n<link rel=\"canonical\" href=\"https:\/\/www.alide.org.pe\/en\/best-practices\/\" \/>\n<meta property=\"og:locale\" content=\"en_US\" \/>\n<meta property=\"og:type\" content=\"article\" \/>\n<meta property=\"og:title\" content=\"Best Practices - ALIDE\" \/>\n<meta property=\"og:description\" content=\"[vc_row][vc_column][vc_empty_space][vc_custom_heading text=&#8221;Best Practices&#8221; font_container=&#8221;tag:h2|font_size:30px|text_align:left|color:%23013c7b&#8221; use_theme_fonts=&#8221;yes&#8221;][vc_column_text]Las instituciones financieras de desarrollo se caracterizan por ser agentes de cambio, ya que atienden a necesidades y sectores m\u00e1s amplios y [\u2026]\" \/>\n<meta property=\"og:url\" content=\"https:\/\/www.alide.org.pe\/en\/best-practices\/\" \/>\n<meta property=\"og:site_name\" content=\"ALIDE\" \/>\n<meta property=\"article:publisher\" content=\"https:\/\/www.facebook.com\/alideoficial\/\" \/>\n<meta name=\"twitter:card\" content=\"summary_large_image\" \/>\n<meta name=\"twitter:site\" content=\"@_ALIDE_\" \/>\n<meta name=\"twitter:label1\" content=\"Est. reading time\" \/>\n\t<meta name=\"twitter:data1\" content=\"1 minute\" \/>\n<script type=\"application\/ld+json\" class=\"yoast-schema-graph\">{\"@context\":\"https:\/\/schema.org\",\"@graph\":[{\"@type\":\"WebPage\",\"@id\":\"https:\/\/www.alide.org.pe\/en\/best-practices\/\",\"url\":\"https:\/\/www.alide.org.pe\/en\/best-practices\/\",\"name\":\"Best Practices - ALIDE\",\"isPartOf\":{\"@id\":\"https:\/\/www.alide.org.pe\/#website\"},\"datePublished\":\"2025-10-22T17:50:49+00:00\",\"breadcrumb\":{\"@id\":\"https:\/\/www.alide.org.pe\/en\/best-practices\/#breadcrumb\"},\"inLanguage\":\"en-US\",\"potentialAction\":[{\"@type\":\"ReadAction\",\"target\":[\"https:\/\/www.alide.org.pe\/en\/best-practices\/\"]}]},{\"@type\":\"BreadcrumbList\",\"@id\":\"https:\/\/www.alide.org.pe\/en\/best-practices\/#breadcrumb\",\"itemListElement\":[{\"@type\":\"ListItem\",\"position\":1,\"name\":\"Portada\",\"item\":\"https:\/\/www.alide.org.pe\/en\/7-2-2-2-2-2\/\"},{\"@type\":\"ListItem\",\"position\":2,\"name\":\"Best Practices\"}]},{\"@type\":\"WebSite\",\"@id\":\"https:\/\/www.alide.org.pe\/#website\",\"url\":\"https:\/\/www.alide.org.pe\/\",\"name\":\"ALIDE\",\"description\":\"Asociaci\u00f3n Latinoamericana de Instituciones Financieras para el Desarrollo\",\"potentialAction\":[{\"@type\":\"SearchAction\",\"target\":{\"@type\":\"EntryPoint\",\"urlTemplate\":\"https:\/\/www.alide.org.pe\/?s={search_term_string}\"},\"query-input\":{\"@type\":\"PropertyValueSpecification\",\"valueRequired\":true,\"valueName\":\"search_term_string\"}}],\"inLanguage\":\"en-US\"}]}<\/script>\n<!-- \/ Yoast SEO plugin. -->","yoast_head_json":{"title":"Best Practices - ALIDE","robots":{"index":"index","follow":"follow","max-snippet":"max-snippet:-1","max-image-preview":"max-image-preview:large","max-video-preview":"max-video-preview:-1"},"canonical":"https:\/\/www.alide.org.pe\/en\/best-practices\/","og_locale":"en_US","og_type":"article","og_title":"Best Practices - ALIDE","og_description":"[vc_row][vc_column][vc_empty_space][vc_custom_heading text=&#8221;Best Practices&#8221; font_container=&#8221;tag:h2|font_size:30px|text_align:left|color:%23013c7b&#8221; use_theme_fonts=&#8221;yes&#8221;][vc_column_text]Las instituciones financieras de desarrollo se caracterizan por ser agentes de cambio, ya que atienden a necesidades y sectores m\u00e1s amplios y [\u2026]","og_url":"https:\/\/www.alide.org.pe\/en\/best-practices\/","og_site_name":"ALIDE","article_publisher":"https:\/\/www.facebook.com\/alideoficial\/","twitter_card":"summary_large_image","twitter_site":"@_ALIDE_","twitter_misc":{"Est. reading time":"1 minute"},"schema":{"@context":"https:\/\/schema.org","@graph":[{"@type":"WebPage","@id":"https:\/\/www.alide.org.pe\/en\/best-practices\/","url":"https:\/\/www.alide.org.pe\/en\/best-practices\/","name":"Best Practices - ALIDE","isPartOf":{"@id":"https:\/\/www.alide.org.pe\/#website"},"datePublished":"2025-10-22T17:50:49+00:00","breadcrumb":{"@id":"https:\/\/www.alide.org.pe\/en\/best-practices\/#breadcrumb"},"inLanguage":"en-US","potentialAction":[{"@type":"ReadAction","target":["https:\/\/www.alide.org.pe\/en\/best-practices\/"]}]},{"@type":"BreadcrumbList","@id":"https:\/\/www.alide.org.pe\/en\/best-practices\/#breadcrumb","itemListElement":[{"@type":"ListItem","position":1,"name":"Portada","item":"https:\/\/www.alide.org.pe\/en\/7-2-2-2-2-2\/"},{"@type":"ListItem","position":2,"name":"Best Practices"}]},{"@type":"WebSite","@id":"https:\/\/www.alide.org.pe\/#website","url":"https:\/\/www.alide.org.pe\/","name":"ALIDE","description":"Asociaci\u00f3n Latinoamericana de Instituciones Financieras para el Desarrollo","potentialAction":[{"@type":"SearchAction","target":{"@type":"EntryPoint","urlTemplate":"https:\/\/www.alide.org.pe\/?s={search_term_string}"},"query-input":{"@type":"PropertyValueSpecification","valueRequired":true,"valueName":"search_term_string"}}],"inLanguage":"en-US"}]}},"uagb_featured_image_src":{"full":false,"thumbnail":false,"medium":false,"medium_large":false,"large":false,"1536x1536":false,"2048x2048":false,"post-thumbnail":false,"50x50":false,"clients-slider":false,"slider-content":false,"testimonials":false,"blog-navi":false,"portfolio-mf":false,"portfolio-mf-w":false,"portfolio-mf-t":false,"portfolio-list":false,"blog-portfolio":false,"blog-single":false},"uagb_author_info":{"display_name":"Andrea Villafranca D\u00e1vila","author_link":"https:\/\/www.alide.org.pe\/en\/author\/andrea\/"},"uagb_comment_info":0,"uagb_excerpt":"[vc_row][vc_column][vc_empty_space][vc_custom_heading text=&#8221;Best Practices&#8221; font_container=&#8221;tag:h2|font_size:30px|text_align:left|color:%23013c7b&#8221; use_theme_fonts=&#8221;yes&#8221;][vc_column_text]Las instituciones financieras de desarrollo se caracterizan por ser agentes de cambio, ya que atienden a necesidades y sectores m\u00e1s amplios y [\u2026]","_links":{"self":[{"href":"https:\/\/www.alide.org.pe\/en\/wp-json\/wp\/v2\/pages\/32577","targetHints":{"allow":["GET"]}}],"collection":[{"href":"https:\/\/www.alide.org.pe\/en\/wp-json\/wp\/v2\/pages"}],"about":[{"href":"https:\/\/www.alide.org.pe\/en\/wp-json\/wp\/v2\/types\/page"}],"author":[{"embeddable":true,"href":"https:\/\/www.alide.org.pe\/en\/wp-json\/wp\/v2\/users\/10"}],"replies":[{"embeddable":true,"href":"https:\/\/www.alide.org.pe\/en\/wp-json\/wp\/v2\/comments?post=32577"}],"version-history":[{"count":1,"href":"https:\/\/www.alide.org.pe\/en\/wp-json\/wp\/v2\/pages\/32577\/revisions"}],"predecessor-version":[{"id":32578,"href":"https:\/\/www.alide.org.pe\/en\/wp-json\/wp\/v2\/pages\/32577\/revisions\/32578"}],"wp:attachment":[{"href":"https:\/\/www.alide.org.pe\/en\/wp-json\/wp\/v2\/media?parent=32577"}],"curies":[{"name":"wp","href":"https:\/\/api.w.org\/{rel}","templated":true}]}}