{"id":32573,"date":"2025-10-22T17:39:34","date_gmt":"2025-10-22T17:39:34","guid":{"rendered":"https:\/\/www.alide.org.pe\/?page_id=32573"},"modified":"2025-11-10T22:07:58","modified_gmt":"2025-11-10T22:07:58","slug":"banca-desarrollo-magazine","status":"publish","type":"page","link":"https:\/\/www.alide.org.pe\/en\/publicaciones-2\/banca-desarrollo-magazine\/","title":{"rendered":"Banca &#038; Desarrollo Magazine"},"content":{"rendered":"<div class=\"wpb-content-wrapper\"><p>[vc_row][vc_column][vc_column_text]<\/p>\n<h2><span style=\"color: #2b4b80;\">Banca &amp; Desarrollo Magazine<\/span><\/h2>\n<p>Published quarterly, the magazine features analytical articles on development finance and financial initiatives that promote the progress of sectors often underserved by commercial banking, such as MSMEs, social infrastructure, agriculture, and sustainable development. It also includes interviews with leading executives from development finance institutions in Latin America and the Caribbean.[\/vc_column_text][\/vc_column][\/vc_row][vc_row][vc_column][vc_tta_tabs alignment=&#8221;center&#8221; active_section=&#8221;1&#8243;][vc_tta_section title=&#8221;2025&#8243; tab_id=&#8221;1721953856446-da75f2cf-b95e&#8221;][vc_empty_space height=&#8221;15px&#8221;][vc_separator]<div class=\"promo_box no_border\"><div class=\"promo_box_wrapper promo_box_left\"><div class=\"photo_wrapper\"><img loading=\"lazy\" decoding=\"async\" class=\"scale-with-grid\" src=\"https:\/\/www.alide.org.pe\/wp-content\/uploads\/2025\/04\/2025-E1-ENG.png\" alt=\"2025-E1-ENG\" width=\"225\" height=\"300\"\/><\/div><div class=\"desc_wrapper\"><h2>January \u2013 March 2025 edition<\/h2><div class=\"desc\">\u2013 Message from the President Luis Antonio Ram\u00edrez<br \/>\n\u2013 From global crisis to comprehensive security: Development Banking, shaping the future of Latin America and the Caribbean<br \/>\n\u2013 Interview with Juan Cuattromo, President of Banco de la Provincia de Buenos Aires (BAPRO), Argentina<br \/>\n\u2013 Interview: Henry N. Anderson, CEO of Development Finance Corporation (DFC) of Belize<br \/>\n\u2013 EInterview with Alexandra Restrepo, president of Fondo para el Financiamiento del Sector Agropecuario (Finagro), Colombia<br \/>\n\u2013 Food security and sustainable agriculture: a global and regional approach<br \/>\n\u2013 PRIME Certification A boost for business growth in Mexico. Bancomext Business Banking Unit<br \/>\n\u2013 Financial instruments and key factors in climate finance: lessons and challenges for the national Development Banking<br \/>\n\u2013 Nacional Financiera: leader in the implementation of the gender approach in Development Banking for the empowerment of women in Mexico<\/div><a href=\"https:\/\/alidedatabank.org\/1001\/plantilla\/DocumentosBiblioteca\/1468.pdf\" class=\"button button_left button_theme button_js\" target=\"_blank\"><span class=\"button_icon\"><i class=\"icon-layout\"><\/i><\/span><span class=\"button_label\">Read the magazine<\/span><\/a><\/div><\/div><\/div>\n[vc_separator]<div class=\"promo_box no_border\"><div class=\"promo_box_wrapper promo_box_left\"><div class=\"photo_wrapper\"><img loading=\"lazy\" decoding=\"async\" class=\"scale-with-grid\" src=\"https:\/\/www.alide.org.pe\/wp-content\/uploads\/2025\/08\/2025-E2-ENG.jpg\" alt=\"2025-E2-ENG\" width=\"225\" height=\"300\"\/><\/div><div class=\"desc_wrapper\"><h2>April \u2013 June 2025 edition<\/h2><div class=\"desc\">\u2013 Message from the President Juan Cuattromo<br \/>\n\u2013 From Global Crisis to Comprehensive Security: Development Banking, Forging the Future of Latin America<br \/>\n\u2013 ALIDE Promotes an Innovative Proposal with the Regional Rapid Response Fund for Disasterss<br \/>\n\u2013 Declaration of Santo Domingo: Comprehensive Cooperation in the Face of Global Insecurities<br \/>\n\u2013 ALIDE awarded eleven innovative best practices<br \/>\n\u2013 Banco Provincia de Buenos Aires was recognized as the Bank of the Year 2025<br \/>\n\u2013 Interview with Bettina Prato, Regional Director a.i. of the Latin America and Caribbean Division of the IFAD<br \/>\n\u2013 Digitalization and growth: an approach from the measurement of the impact of Banco Provincia\u2019s DNI Account on consumption<br \/>\n\u2013 Development Instruments with Gender Perspectives<\/div><a href=\"https:\/\/alidedatabank.org\/1001\/plantilla\/DocumentosBiblioteca\/1475.pdf\" class=\"button button_left button_theme button_js\" target=\"_blank\"><span class=\"button_icon\"><i class=\"icon-layout\"><\/i><\/span><span class=\"button_label\">Read the magazine<\/span><\/a><\/div><\/div><\/div>\n[vc_separator]<div class=\"promo_box no_border\"><div class=\"promo_box_wrapper promo_box_left\"><div class=\"photo_wrapper\"><img loading=\"lazy\" decoding=\"async\" class=\"scale-with-grid\" src=\"https:\/\/www.alide.org.pe\/wp-content\/uploads\/2025\/10\/2025-E3-ENG.jpg\" alt=\"2025-E3-ENG\" width=\"225\" height=\"300\"\/><\/div><div class=\"desc_wrapper\"><h2>July \u2013 September 2025 edition<\/h2><div class=\"desc\">\u2013 Message from the President Juan Cuattromo<br \/>\n\u2013 The Seville Commitment: A New Roadmap for Development Banking<br \/>\n\u2013 An interview with Sebasti\u00e1n Nieto-Parra, Head of the Regional Division at the OECD Development Centre.<br \/>\n\u2013 BNDES FUST: Digital Inclusion and Territorial Transformation in Brazil<br \/>\n\u2013 Blended Finance and Financial Innovation to Boost Agri-SMEs and Family Farming in LAC<br \/>\n\u2013 Transforming Communities Program an initiative by Banco Nacional de Costa Rica<br \/>\n\u2013 Ecoefficiency: A Financial Product of the Banco de Desarrollo Productivo, Bolivia<br \/>\n\u2013 Blue Financing in Action: Experiences of Development Banking in Latin American<br \/>\n<\/div><a href=\"https:\/\/alidedatabank.org\/1001\/plantilla\/DocumentosBiblioteca\/1489.pdf\" class=\"button button_left button_theme button_js\" target=\"_blank\"><span class=\"button_icon\"><i class=\"icon-layout\"><\/i><\/span><span class=\"button_label\">Read the magazine<\/span><\/a><\/div><\/div><\/div>\n[vc_separator][\/vc_tta_section][vc_tta_section title=&#8221;2024&#8243; tab_id=&#8221;1744810766677-5f99ac05-6d96&#8243;][vc_empty_space height=&#8221;10px&#8221;][vc_separator]<div class=\"promo_box no_border\"><div class=\"promo_box_wrapper promo_box_left\"><div class=\"photo_wrapper\"><img loading=\"lazy\" decoding=\"async\" class=\"scale-with-grid\" src=\"https:\/\/www.alide.org.pe\/wp-content\/uploads\/2024\/11\/RJunio-ENG.png\" alt=\"RJunio-ENG\" width=\"225\" height=\"300\"\/><\/div><div class=\"desc_wrapper\"><h2>Edition April-June 2024<\/h2><div class=\"desc\">&#8211; Letter from the President Luis Antonio Ramirez<br \/>\n&#8211; Scaling up Sustainable Financing in Latin America and the Caribbean<br \/>\n&#8211; Productive Transformation Focused on Sustainable Production and Consumption<br \/>\n&#8211; Impact Investment for Social Inclusion<br \/>\n&#8211; Declaration of Fortaleza Development Banking committed to the Sustainable Development Goals<br \/>\n&#8211; Lecture by Dr. James A. Robinson: Search for a broader understanding of LAC\u2019s economic problems<br \/>\n&#8211; New Environmental and Climate Trends and Opportunities<br \/>\n&#8211; Joint infrastructure financing efforts<br \/>\n&#8211; Ethical AI at the service of development<br \/>\n&#8211; ALIDE Prizes 2024: Nine development banking institutions were prizewinners<br \/>\n&#8211; BNF, of Paraguay, recognized as the Development Bank of 2024<br \/>\n&#8211; Women\u2019s Financial and Social Inclusion in LAC<br \/>\n<\/div><a href=\"https:\/\/alidedatabank.org\/1001\/plantilla\/DocumentosBiblioteca\/1428.pdf\" class=\"button button_left button_theme button_js\" target=\"_blank\"><span class=\"button_icon\"><i class=\"icon-layout\"><\/i><\/span><span class=\"button_label\">Read the magazine<\/span><\/a><\/div><\/div><\/div>\n[vc_separator]<div class=\"promo_box no_border\"><div class=\"promo_box_wrapper promo_box_left\"><div class=\"photo_wrapper\"><img loading=\"lazy\" decoding=\"async\" class=\"scale-with-grid\" src=\"https:\/\/www.alide.org.pe\/wp-content\/uploads\/2024\/11\/RSeptiembre-ENG.png\" alt=\"RSeptiembre-ENG\" width=\"225\" height=\"300\"\/><\/div><div class=\"desc_wrapper\"><h2>Edition July-September 2024<\/h2><div class=\"desc\">&#8211; Letter from the President Luis Antonio Ramirez<br \/>\n&#8211; Strategic action of the Development Banking System<br \/>\n&#8211; Nafin, 90 years as a key actor in Mexico\u2019s growth and development<br \/>\n&#8211; Interview with Jorge Velarde, president of Peru&#8217;s Corporaci\u00f3n Financiera de Desarrollo (COFIDE)<br \/>\n&#8211; International climate finances<br \/>\n&#8211; Financing for rural projects: successful experiences of public development banks<br \/>\n&#8211; Women for Social Inclusion Program in Bolivia<br \/>\n&#8211; Restructuring and development of public transportation: Colombia\u2019s experience<br \/>\n&#8211; The development bank closest to he communities; Nafin offers its training in Mexico\u2019s native languages<\/div><a href=\"https:\/\/alidedatabank.org\/1001\/plantilla\/DocumentosBiblioteca\/101024%20JULIO%20-%20SEPTIEMBRE%20REVISTA%20ALIDE%202024-ingles.pdf\" class=\"button button_left button_theme button_js\" target=\"_blank\"><span class=\"button_icon\"><i class=\"icon-layout\"><\/i><\/span><span class=\"button_label\">Read the magazine<\/span><\/a><\/div><\/div><\/div>\n[vc_separator]<div class=\"promo_box no_border\"><div class=\"promo_box_wrapper promo_box_left\"><div class=\"photo_wrapper\"><img loading=\"lazy\" decoding=\"async\" class=\"scale-with-grid\" src=\"https:\/\/www.alide.org.pe\/wp-content\/uploads\/2025\/02\/RSeptiembre-ENG.jpg\" alt=\"RSeptiembre-ENG\" width=\"225\" height=\"300\"\/><\/div><div class=\"desc_wrapper\"><h2>Edition October-December 2024<\/h2><div class=\"desc\">&#8211; Message from ALIDE President, Luis Antonio Ram\u00edrez<br \/>\n&#8211; Global Financial Cooperation: Boosting Sustainable Development in Asia-Pacific and Latin America<br \/>\n&#8211; Interview with Fernando Dur\u00e1n General Administrator, Banco Agr\u00edcola de la Rep\u00fablica Dominicana (BAGR\u00cdCOLA)<br \/>\n&#8211; Development Banking System: key for SDG 6 in Latin America and the Caribbean<br \/>\n&#8211; The Sustainable Nafin Strategy: transforming Mexico\u2019s development banking system by Ismael Villanueva from Nafin<br \/>\n&#8211; Impact of guarantees for SMEs during the crisis<br \/>\n&#8211; Climate transition financing in LAC public development banks<br \/>\n&#8211; Disruptive and sustainable housing innovation in Latin America and the Caribbean<\/div><a href=\"https:\/\/alidedatabank.org\/1001\/plantilla\/DocumentosBiblioteca\/1451.pdf\" class=\"button button_left button_theme button_js\" target=\"_blank\"><span class=\"button_icon\"><i class=\"icon-layout\"><\/i><\/span><span class=\"button_label\">Read the magazine<\/span><\/a><\/div><\/div><\/div>\n[\/vc_tta_section][\/vc_tta_tabs][\/vc_column][\/vc_row][vc_row full_width=&#8221;stretch_row&#8221; disable_element=&#8221;yes&#8221; css=&#8221;.vc_custom_1756531449313{background-color: #f4f4f4 !important;}&#8221;][vc_column][vc_custom_heading text=&#8221;<strong>News Media<\/strong>&#8221; font_container=&#8221;tag:h2|font_size:30px|text_align:left|color:%23013c7b&#8221; use_theme_fonts=&#8221;yes&#8221;][vc_column_text]<\/p>\n<p style=\"text-align: justify;\"><span class=\"azul2\">Para garantizar un intercambio \u00e1gil y actualizado de informaciones entre sus miembros y la comunidad financiera, ALIDE edita cinco publicaciones peri\u00f3dicas y diversos informes y libros especializados sobre temas de financiamiento para el desarrollo.<\/span><\/p>\n<p>[\/vc_column_text]<div class=\"list_item lists_1 clearfix\"><a href=\"https:\/\/www.alide.org.pe\/publicaciones\/revista-alide\/\" target=\"_blank\"><div class=\"list_left list_image\"><img loading=\"lazy\" decoding=\"async\" src=\"https:\/\/www.alide.org.pe\/wp-content\/uploads\/2017\/07\/Iconos_ALIDE_B-07.png\" class=\"scale-with-grid\" alt=\"Iconos_ALIDE_B-07\" width=\"200\" height=\"201\"\/><\/div><div class=\"list_right\"><h4>Revista Banca &amp; Desarrollo:<\/h4><div class=\"desc\">The quarterly Banca &amp; Desarrollo magazine publishes articles, analyses, interviews, and specialized documents that discuss Latin American and Caribbean development finance issues.<\/div><\/div><\/a><\/div>\n<div class=\"list_item lists_1 clearfix\"><a href=\"https:\/\/www.alide.org.pe\/boletin-alide-noticias-historial\/\" target=\"_blank\"><div class=\"list_left list_image\"><img loading=\"lazy\" decoding=\"async\" src=\"https:\/\/www.alide.org.pe\/wp-content\/uploads\/2017\/07\/Iconos_ALIDE_B-07.png\" class=\"scale-with-grid\" alt=\"Iconos_ALIDE_B-07\" width=\"200\" height=\"201\"\/><\/div><div class=\"list_right\"><h4>ALIDE noticias:<\/h4><div class=\"desc\">This bulletin, which is published every two months, contains information about the most important activities and initiatives of ALIDE and its Member institutions. <\/div><\/div><\/a><\/div>\n<div class=\"list_item lists_1 clearfix\"><a href=\"https:\/\/www.alide.org.pe\/en\/boletin-e-banca-historial\/\" target=\"_blank\"><div class=\"list_left list_image\"><img loading=\"lazy\" decoding=\"async\" src=\"https:\/\/www.alide.org.pe\/wp-content\/uploads\/2017\/07\/Iconos_ALIDE_B-07.png\" class=\"scale-with-grid\" alt=\"Iconos_ALIDE_B-07\" width=\"200\" height=\"201\"\/><\/div><div class=\"list_right\"><h4>E-Banca:<\/h4><div class=\"desc\">Targeting executives of non-Spanish-speaking countries, this quarterly electronic bulletin distributed in English contains varied information about ALIDE\u2019s principal activities and technical articles on development finance. <\/div><\/div><\/a><\/div>\n<div class=\"list_item lists_1 clearfix\"><a href=\"https:\/\/www.alide.org.pe\/en\/boletin-e-news-historial\/\" target=\"_blank\"><div class=\"list_left list_image\"><img loading=\"lazy\" decoding=\"async\" src=\"https:\/\/www.alide.org.pe\/wp-content\/uploads\/2017\/07\/Iconos_ALIDE_B-07.png\" class=\"scale-with-grid\" alt=\"Iconos_ALIDE_B-07\" width=\"200\" height=\"201\"\/><\/div><div class=\"list_right\"><h4>E-News:<\/h4><div class=\"desc\">Targeting executives of non-Spanish-speaking countries, this quarterly electronic bulletin distributed in English contains varied information about ALIDE\u2019s principal activities and technical articles on development finance.<\/div><\/div><\/a><\/div>\n<div class=\"list_item lists_1 clearfix\"><a href=\"https:\/\/www.alide.org.pe\/publicaciones\/memoria-institucional\/\" ><div class=\"list_left list_image\"><img loading=\"lazy\" decoding=\"async\" src=\"https:\/\/www.alide.org.pe\/wp-content\/uploads\/2017\/07\/Iconos_ALIDE_B-07.png\" class=\"scale-with-grid\" alt=\"Iconos_ALIDE_B-07\" width=\"200\" height=\"201\"\/><\/div><div class=\"list_right\"><h4>Annual Report:<\/h4><div class=\"desc\">The ALIDE Institutional Report contains a summary of all the activities carried out by the association and its member institutions during the year.<\/div><\/div><\/a><\/div>\n[\/vc_column][\/vc_row][vc_row][vc_column][vc_empty_space height=&#8221;20px&#8221;][\/vc_column][\/vc_row]<\/p>\n<\/div>","protected":false},"excerpt":{"rendered":"<p>[vc_row][vc_column][vc_column_text] Banca &amp; Desarrollo Magazine Published quarterly, the magazine features analytical articles on development finance and financial initiatives that promote the progress of sectors often underserved<span class=\"excerpt-hellip\"> [\u2026]<\/span><\/p>\n","protected":false},"author":10,"featured_media":0,"parent":2506,"menu_order":0,"comment_status":"closed","ping_status":"closed","template":"","meta":{"_uag_custom_page_level_css":"","footnotes":""},"class_list":["post-32573","page","type-page","status-publish","hentry"],"yoast_head":"<!-- This site is optimized with the Yoast SEO plugin v26.1.1 - https:\/\/yoast.com\/wordpress\/plugins\/seo\/ -->\n<title>Banca &amp; Desarrollo Magazine - ALIDE<\/title>\n<meta name=\"description\" content=\"La revista Banca &amp; Desarrollo difunde notas y entrevistas sobre finanzas para el desarrollo e iniciativas innovadoras para la banca.\" \/>\n<meta name=\"robots\" content=\"index, follow, max-snippet:-1, max-image-preview:large, max-video-preview:-1\" \/>\n<link rel=\"canonical\" href=\"https:\/\/www.alide.org.pe\/en\/publicaciones-2\/banca-desarrollo-magazine\/\" \/>\n<meta property=\"og:locale\" content=\"en_US\" \/>\n<meta property=\"og:type\" content=\"article\" \/>\n<meta property=\"og:title\" content=\"Banca &amp; Desarrollo Magazine - ALIDE\" \/>\n<meta property=\"og:description\" content=\"La revista Banca &amp; Desarrollo difunde notas y entrevistas sobre finanzas para el desarrollo e iniciativas innovadoras para la banca.\" \/>\n<meta property=\"og:url\" content=\"https:\/\/www.alide.org.pe\/en\/publicaciones-2\/banca-desarrollo-magazine\/\" \/>\n<meta property=\"og:site_name\" content=\"ALIDE\" \/>\n<meta property=\"article:publisher\" content=\"https:\/\/www.facebook.com\/alideoficial\/\" \/>\n<meta property=\"article:modified_time\" content=\"2025-11-10T22:07:58+00:00\" \/>\n<meta name=\"twitter:card\" content=\"summary_large_image\" \/>\n<meta name=\"twitter:site\" content=\"@_ALIDE_\" \/>\n<meta name=\"twitter:label1\" content=\"Est. reading time\" \/>\n\t<meta name=\"twitter:data1\" content=\"7 minutes\" \/>\n<script type=\"application\/ld+json\" class=\"yoast-schema-graph\">{\"@context\":\"https:\/\/schema.org\",\"@graph\":[{\"@type\":\"WebPage\",\"@id\":\"https:\/\/www.alide.org.pe\/en\/publicaciones-2\/banca-desarrollo-magazine\/\",\"url\":\"https:\/\/www.alide.org.pe\/en\/publicaciones-2\/banca-desarrollo-magazine\/\",\"name\":\"Banca & Desarrollo Magazine - ALIDE\",\"isPartOf\":{\"@id\":\"https:\/\/www.alide.org.pe\/#website\"},\"datePublished\":\"2025-10-22T17:39:34+00:00\",\"dateModified\":\"2025-11-10T22:07:58+00:00\",\"description\":\"La revista Banca & Desarrollo difunde notas y entrevistas sobre finanzas para el desarrollo e iniciativas innovadoras para la banca.\",\"breadcrumb\":{\"@id\":\"https:\/\/www.alide.org.pe\/en\/publicaciones-2\/banca-desarrollo-magazine\/#breadcrumb\"},\"inLanguage\":\"en-US\",\"potentialAction\":[{\"@type\":\"ReadAction\",\"target\":[\"https:\/\/www.alide.org.pe\/en\/publicaciones-2\/banca-desarrollo-magazine\/\"]}]},{\"@type\":\"BreadcrumbList\",\"@id\":\"https:\/\/www.alide.org.pe\/en\/publicaciones-2\/banca-desarrollo-magazine\/#breadcrumb\",\"itemListElement\":[{\"@type\":\"ListItem\",\"position\":1,\"name\":\"Portada\",\"item\":\"https:\/\/www.alide.org.pe\/en\/7-2-2-2-2-2\/\"},{\"@type\":\"ListItem\",\"position\":2,\"name\":\"Publications\",\"item\":\"https:\/\/www.alide.org.pe\/en\/publicaciones-2\/\"},{\"@type\":\"ListItem\",\"position\":3,\"name\":\"Banca &#038; Desarrollo Magazine\"}]},{\"@type\":\"WebSite\",\"@id\":\"https:\/\/www.alide.org.pe\/#website\",\"url\":\"https:\/\/www.alide.org.pe\/\",\"name\":\"ALIDE\",\"description\":\"Asociaci\u00f3n Latinoamericana de Instituciones Financieras para el Desarrollo\",\"potentialAction\":[{\"@type\":\"SearchAction\",\"target\":{\"@type\":\"EntryPoint\",\"urlTemplate\":\"https:\/\/www.alide.org.pe\/?s={search_term_string}\"},\"query-input\":{\"@type\":\"PropertyValueSpecification\",\"valueRequired\":true,\"valueName\":\"search_term_string\"}}],\"inLanguage\":\"en-US\"}]}<\/script>\n<!-- \/ Yoast SEO plugin. -->","yoast_head_json":{"title":"Banca & Desarrollo Magazine - ALIDE","description":"La revista Banca & Desarrollo difunde notas y entrevistas sobre finanzas para el desarrollo e iniciativas innovadoras para la banca.","robots":{"index":"index","follow":"follow","max-snippet":"max-snippet:-1","max-image-preview":"max-image-preview:large","max-video-preview":"max-video-preview:-1"},"canonical":"https:\/\/www.alide.org.pe\/en\/publicaciones-2\/banca-desarrollo-magazine\/","og_locale":"en_US","og_type":"article","og_title":"Banca & Desarrollo Magazine - ALIDE","og_description":"La revista Banca & Desarrollo difunde notas y entrevistas sobre finanzas para el desarrollo e iniciativas innovadoras para la banca.","og_url":"https:\/\/www.alide.org.pe\/en\/publicaciones-2\/banca-desarrollo-magazine\/","og_site_name":"ALIDE","article_publisher":"https:\/\/www.facebook.com\/alideoficial\/","article_modified_time":"2025-11-10T22:07:58+00:00","twitter_card":"summary_large_image","twitter_site":"@_ALIDE_","twitter_misc":{"Est. reading time":"7 minutes"},"schema":{"@context":"https:\/\/schema.org","@graph":[{"@type":"WebPage","@id":"https:\/\/www.alide.org.pe\/en\/publicaciones-2\/banca-desarrollo-magazine\/","url":"https:\/\/www.alide.org.pe\/en\/publicaciones-2\/banca-desarrollo-magazine\/","name":"Banca & Desarrollo Magazine - ALIDE","isPartOf":{"@id":"https:\/\/www.alide.org.pe\/#website"},"datePublished":"2025-10-22T17:39:34+00:00","dateModified":"2025-11-10T22:07:58+00:00","description":"La revista Banca & Desarrollo difunde notas y entrevistas sobre finanzas para el desarrollo e iniciativas innovadoras para la banca.","breadcrumb":{"@id":"https:\/\/www.alide.org.pe\/en\/publicaciones-2\/banca-desarrollo-magazine\/#breadcrumb"},"inLanguage":"en-US","potentialAction":[{"@type":"ReadAction","target":["https:\/\/www.alide.org.pe\/en\/publicaciones-2\/banca-desarrollo-magazine\/"]}]},{"@type":"BreadcrumbList","@id":"https:\/\/www.alide.org.pe\/en\/publicaciones-2\/banca-desarrollo-magazine\/#breadcrumb","itemListElement":[{"@type":"ListItem","position":1,"name":"Portada","item":"https:\/\/www.alide.org.pe\/en\/7-2-2-2-2-2\/"},{"@type":"ListItem","position":2,"name":"Publications","item":"https:\/\/www.alide.org.pe\/en\/publicaciones-2\/"},{"@type":"ListItem","position":3,"name":"Banca &#038; Desarrollo Magazine"}]},{"@type":"WebSite","@id":"https:\/\/www.alide.org.pe\/#website","url":"https:\/\/www.alide.org.pe\/","name":"ALIDE","description":"Asociaci\u00f3n Latinoamericana de Instituciones Financieras para el Desarrollo","potentialAction":[{"@type":"SearchAction","target":{"@type":"EntryPoint","urlTemplate":"https:\/\/www.alide.org.pe\/?s={search_term_string}"},"query-input":{"@type":"PropertyValueSpecification","valueRequired":true,"valueName":"search_term_string"}}],"inLanguage":"en-US"}]}},"uagb_featured_image_src":{"full":false,"thumbnail":false,"medium":false,"medium_large":false,"large":false,"1536x1536":false,"2048x2048":false,"post-thumbnail":false,"50x50":false,"clients-slider":false,"slider-content":false,"testimonials":false,"blog-navi":false,"portfolio-mf":false,"portfolio-mf-w":false,"portfolio-mf-t":false,"portfolio-list":false,"blog-portfolio":false,"blog-single":false},"uagb_author_info":{"display_name":"Andrea Villafranca D\u00e1vila","author_link":"https:\/\/www.alide.org.pe\/en\/author\/andrea\/"},"uagb_comment_info":0,"uagb_excerpt":"[vc_row][vc_column][vc_column_text] Banca &amp; Desarrollo Magazine Published quarterly, the magazine features analytical articles on development finance and financial initiatives that promote the progress of sectors often underserved [\u2026]","_links":{"self":[{"href":"https:\/\/www.alide.org.pe\/en\/wp-json\/wp\/v2\/pages\/32573","targetHints":{"allow":["GET"]}}],"collection":[{"href":"https:\/\/www.alide.org.pe\/en\/wp-json\/wp\/v2\/pages"}],"about":[{"href":"https:\/\/www.alide.org.pe\/en\/wp-json\/wp\/v2\/types\/page"}],"author":[{"embeddable":true,"href":"https:\/\/www.alide.org.pe\/en\/wp-json\/wp\/v2\/users\/10"}],"replies":[{"embeddable":true,"href":"https:\/\/www.alide.org.pe\/en\/wp-json\/wp\/v2\/comments?post=32573"}],"version-history":[{"count":3,"href":"https:\/\/www.alide.org.pe\/en\/wp-json\/wp\/v2\/pages\/32573\/revisions"}],"predecessor-version":[{"id":32739,"href":"https:\/\/www.alide.org.pe\/en\/wp-json\/wp\/v2\/pages\/32573\/revisions\/32739"}],"up":[{"embeddable":true,"href":"https:\/\/www.alide.org.pe\/en\/wp-json\/wp\/v2\/pages\/2506"}],"wp:attachment":[{"href":"https:\/\/www.alide.org.pe\/en\/wp-json\/wp\/v2\/media?parent=32573"}],"curies":[{"name":"wp","href":"https:\/\/api.w.org\/{rel}","templated":true}]}}