{"id":31298,"date":"2025-06-10T16:30:42","date_gmt":"2025-06-10T16:30:42","guid":{"rendered":"https:\/\/www.alide.org.pe\/?page_id=31298"},"modified":"2025-06-10T16:30:42","modified_gmt":"2025-06-10T16:30:42","slug":"santo-domingo-will-host-the-55th-general-assembly","status":"publish","type":"page","link":"https:\/\/www.alide.org.pe\/en\/santo-domingo-will-host-the-55th-general-assembly\/","title":{"rendered":"Santo Domingo will host the 55th ALIDE General Assembly"},"content":{"rendered":"<div class=\"wpb-content-wrapper\"><p>[vc_row 0=&#8221;&#8221;][vc_column 0=&#8221;&#8221;][vc_empty_space 0=&#8221;&#8221;][\/vc_column][\/vc_row][vc_row 0=&#8221;&#8221;][vc_column parallax=&#8221;content-moving&#8221; width=&#8221;1\/6&#8243;][\/vc_column][vc_column width=&#8221;2\/3&#8243;][vc_single_image image=&#8221;30686&#8243; img_size=&#8221;large&#8221; alignment=&#8221;center&#8221;][vc_custom_heading 1=&#8221;Latinoamericana&#8221; 2=&#8221;sobre&#8221; 3=&#8221;Financiamiento&#8221; 4=&#8221;e&#8221; 5=&#8221;Impulso&#8221; 6=&#8221;de&#8221; 7=&#8221;los&#8221; 8=&#8221;Negocios&#8221; 9=&#8221;e&#8221; 10=&#8221;Inversiones&#8221; 11=&#8221;Internacionales&#8220;&#8221; text=&#8221;Santo Domingo will host the 55th ALIDE General Assembly&#8221; font_container=&#8221;tag:h3|text_align:center|color:%23013c7b&#8221; use_theme_fonts=&#8221;yes&#8221; css=&#8221;.vc_custom_1749572633893{margin-top: -15px !important;margin-bottom: 10px !important;}&#8221;][vc_column_text 0=&#8221;&#8221; css=&#8221;.vc_custom_1749572909957{margin-top: 15px !important;padding-bottom: -25px !important;}&#8221;]<\/p>\n<ul>\n<li><em>The event will open with the presence of the Constitutional President of the Dominican Republic and more than 220 representatives of development finance institutions.<\/em><\/li>\n<\/ul>\n<hr \/>\n<p><span style=\"color: #009de5;\"><strong>May 11, 2025 &#8211;\u00a0<\/strong><\/span>The <a href=\"https:\/\/www.alide.org.pe\/en\/\">Latin American Association of Development Finance Institutions (ALIDE)<\/a> will hold its <strong>55<sup>th<\/sup> General Assembly from May 12 to 14<\/strong> at the JW Marriott Hotel in Santo Domingo, Dominican Republic.<\/p>\n<p>The opening will be attended by Luis Abinader Corona, <strong>President of the Dominican Republic; Jos\u00e9 Manuel Vicente, Minister of Finance;<\/strong> and<strong> Fernando Dur\u00e1n, General Manager of Banco Agr\u00edcola de la Rep\u00fablica Dominicana (BAGR\u00cdCOLA).<\/strong> Representatives of multilateral organizations and development banks from Latin America, the Caribbean, and other regions will also attend.<\/p>\n<p>Under the theme \u00abPath to Comprehensive Security: Development Banking, forging the Future of Latin America and the Caribbean,\u00bb the title of the event\u2019s central study, the Assembly will bring together more than <strong>220 delegates from 29 countries in the region and 8 extra-regional countries<\/strong>, who will address key issues such as economic, energy, food, digital, environmental, and social security.<\/p>\n<p>During the three days of the meeting, <strong>plenary sessions<\/strong> will be held focusing on the analysis of the main theme from three thematic axes:<\/p>\n<ol>\n<li><strong>Financial strengthening in the face of global critical situations: strategies to mitigate impacts in LAC.<\/strong><\/li>\n<li><strong>On the path to regional energy security: innovative mechanisms to promote investment.<\/strong><\/li>\n<li><strong>Food security and agricultural financing: strengthening resilience through innovation.<\/strong><\/li>\n<\/ol>\n<p>In addition, there will be <strong>conferences and panels featuring prominent figures, simultaneous workshops, and strategic dialogue venues<\/strong>, focused on strengthening the role of development banking as a driver of sustainable and inclusive transformation.<\/p>\n<p>Highlights include the panel <strong>\u201cNavigating Geopolitical and Climate Challenges: Empowering Caribbean Development Banks for Comprehensive Security\u201d<\/strong> and the session <strong>\u201cRapid Action Mechanisms for Natural and Climate-Related Disasters in Latin America and the Caribbean.\u201d<\/strong>[\/vc_column_text][vc_column_text 0=&#8221;&#8221; css=&#8221;.vc_custom_1749573017968{margin-top: 15px !important;padding-bottom: -25px !important;}&#8221;]<\/p>\n<h4><span style=\"color: #009de5;\"><strong>Previous activities<\/strong><\/span><\/h4>\n<p>The ALIDE General Assembly is<strong> the most important meeting of development banks in Latin America and the Caribbean<\/strong>, serving as a key platform for the exchange of experiences, the promotion of alliances, and the discussion of strategies to address the challenges of regional development.<\/p>\n<p>In preparation for the event, <strong>Edgardo \u00c1lvarez, ALIDE Secretary General,<\/strong> held a meeting with <strong>Fernando Dur\u00e1n, General Manager of BAGR\u00cdCOLA,<\/strong> to finalize organizational details and coordinate the joint efforts of both institutions.<\/p>\n<p>In addition, the <strong>ALIDE National Coordinators Meeting<\/strong> was held, with the participation of more than 30 representatives of development banks from 13 countries in Latin America, the Caribbean, and Europe, along with officials from international organizations and the Association\u2019s General Secretariat.<\/p>\n<p>It should be noted that this edition of the Assembly is locally organized by <strong>BAGR\u00cdCOLA<\/strong>, as the host institution, with the sponsorship of the<strong> Government of the Dominican Republic<\/strong>, the collaboration of the other ALIDE member institutions in the country \u2014<strong> BANDEX and Banreservas<\/strong> \u2014 and the support of the<strong> Inter-American Development Bank (IDB).<\/strong>[\/vc_column_text][vc_images_carousel images=&#8221;30680,30682,30684,30672,30674,30676,30678&#8243; img_size=&#8221;large&#8221;][\/vc_column][\/vc_row][vc_row 0=&#8221;&#8221;][vc_column width=&#8221;1\/3&#8243;][\/vc_column][vc_column width=&#8221;1\/3&#8243;][\/vc_column][vc_column width=&#8221;1\/3&#8243;][\/vc_column][\/vc_row][vc_row 0=&#8221;&#8221;][vc_column width=&#8221;1\/6&#8243;][\/vc_column][vc_column width=&#8221;2\/3&#8243;][vc_column_text]<\/p>\n<h3><span style=\"color: #009de5;\"><strong>Contact<\/strong><\/span><\/h3>\n<p><strong>Communnication Unit of ALIDE<\/strong><br \/>\n<span style=\"color: #333333;\">Phone: +511-203-5520 |: Ext: 227<\/span><br \/>\n<a href=\"mailto:comunicaciones@alide.org\">comunicaciones@alide.org<\/a>,\u00a0<a href=\"mailto:comunicaciones2@alide.org\">comunicaciones2@alide.org<\/a>[\/vc_column_text][\/vc_column][vc_column width=&#8221;1\/6&#8243;][\/vc_column][\/vc_row][vc_column parallax=&#8221;content-moving&#8221; width=&#8221;1\/6&#8243;][\/vc_column][vc_column width=&#8221;2\/3&#8243;][\/vc_column]<\/p>\n<\/div>","protected":false},"excerpt":{"rendered":"<p>[vc_row 0=&#8221;&#8221;][vc_column 0=&#8221;&#8221;][vc_empty_space 0=&#8221;&#8221;][\/vc_column][\/vc_row][vc_row 0=&#8221;&#8221;][vc_column parallax=&#8221;content-moving&#8221; width=&#8221;1\/6&#8243;][\/vc_column][vc_column width=&#8221;2\/3&#8243;][vc_single_image image=&#8221;30686&#8243; img_size=&#8221;large&#8221; alignment=&#8221;center&#8221;][vc_custom_heading 1=&#8221;Latinoamericana&#8221; 2=&#8221;sobre&#8221; 3=&#8221;Financiamiento&#8221; 4=&#8221;e&#8221; 5=&#8221;Impulso&#8221; 6=&#8221;de&#8221; 7=&#8221;los&#8221; 8=&#8221;Negocios&#8221; 9=&#8221;e&#8221; 10=&#8221;Inversiones&#8221; 11=&#8221;Internacionales&#8220;&#8221; text=&#8221;Santo Domingo will host<span class=\"excerpt-hellip\"> [\u2026]<\/span><\/p>\n","protected":false},"author":11,"featured_media":30686,"parent":0,"menu_order":0,"comment_status":"closed","ping_status":"closed","template":"","meta":{"_uag_custom_page_level_css":"","footnotes":""},"class_list":["post-31298","page","type-page","status-publish","has-post-thumbnail","hentry"],"yoast_head":"<!-- This site is optimized with the Yoast SEO plugin v26.1.1 - https:\/\/yoast.com\/wordpress\/plugins\/seo\/ -->\n<title>Santo Domingo will host the 55th ALIDE General Assembly - ALIDE<\/title>\n<meta name=\"description\" content=\"ALIDE y LA AFD han reafirmado su compromiso de colaboraci\u00f3n mediante la firma de un nuevo Memorando de Entendimiento (MOU)...\" \/>\n<meta name=\"robots\" content=\"index, follow, max-snippet:-1, max-image-preview:large, max-video-preview:-1\" \/>\n<link rel=\"canonical\" href=\"https:\/\/www.alide.org.pe\/en\/santo-domingo-will-host-the-55th-general-assembly\/\" \/>\n<meta property=\"og:locale\" content=\"en_US\" \/>\n<meta property=\"og:type\" content=\"article\" \/>\n<meta property=\"og:title\" content=\"Santo Domingo will host the 55th ALIDE General Assembly - ALIDE\" \/>\n<meta property=\"og:description\" content=\"ALIDE y LA AFD han reafirmado su compromiso de colaboraci\u00f3n mediante la firma de un nuevo Memorando de Entendimiento (MOU)...\" \/>\n<meta property=\"og:url\" content=\"https:\/\/www.alide.org.pe\/en\/santo-domingo-will-host-the-55th-general-assembly\/\" \/>\n<meta property=\"og:site_name\" content=\"ALIDE\" \/>\n<meta property=\"article:publisher\" content=\"https:\/\/www.facebook.com\/alideoficial\/\" \/>\n<meta property=\"og:image\" content=\"https:\/\/www.alide.org.pe\/wp-content\/uploads\/2025\/05\/Reunion-de-Coordinadores-62-copia.jpg\" \/>\n\t<meta property=\"og:image:width\" content=\"2011\" \/>\n\t<meta property=\"og:image:height\" content=\"1341\" \/>\n\t<meta property=\"og:image:type\" content=\"image\/jpeg\" \/>\n<meta name=\"twitter:card\" content=\"summary_large_image\" \/>\n<meta name=\"twitter:site\" content=\"@_ALIDE_\" \/>\n<meta name=\"twitter:label1\" content=\"Est. reading time\" \/>\n\t<meta name=\"twitter:data1\" content=\"5 minutes\" \/>\n<script type=\"application\/ld+json\" class=\"yoast-schema-graph\">{\"@context\":\"https:\/\/schema.org\",\"@graph\":[{\"@type\":\"WebPage\",\"@id\":\"https:\/\/www.alide.org.pe\/en\/santo-domingo-will-host-the-55th-general-assembly\/\",\"url\":\"https:\/\/www.alide.org.pe\/en\/santo-domingo-will-host-the-55th-general-assembly\/\",\"name\":\"Santo Domingo will host the 55th ALIDE General Assembly - ALIDE\",\"isPartOf\":{\"@id\":\"https:\/\/www.alide.org.pe\/#website\"},\"primaryImageOfPage\":{\"@id\":\"https:\/\/www.alide.org.pe\/en\/santo-domingo-will-host-the-55th-general-assembly\/#primaryimage\"},\"image\":{\"@id\":\"https:\/\/www.alide.org.pe\/en\/santo-domingo-will-host-the-55th-general-assembly\/#primaryimage\"},\"thumbnailUrl\":\"https:\/\/www.alide.org.pe\/wp-content\/uploads\/2025\/05\/Reunion-de-Coordinadores-62-copia.jpg\",\"datePublished\":\"2025-06-10T16:30:42+00:00\",\"description\":\"ALIDE y LA AFD han reafirmado su compromiso de colaboraci\u00f3n mediante la firma de un nuevo Memorando de Entendimiento (MOU)...\",\"breadcrumb\":{\"@id\":\"https:\/\/www.alide.org.pe\/en\/santo-domingo-will-host-the-55th-general-assembly\/#breadcrumb\"},\"inLanguage\":\"en-US\",\"potentialAction\":[{\"@type\":\"ReadAction\",\"target\":[\"https:\/\/www.alide.org.pe\/en\/santo-domingo-will-host-the-55th-general-assembly\/\"]}]},{\"@type\":\"ImageObject\",\"inLanguage\":\"en-US\",\"@id\":\"https:\/\/www.alide.org.pe\/en\/santo-domingo-will-host-the-55th-general-assembly\/#primaryimage\",\"url\":\"https:\/\/www.alide.org.pe\/wp-content\/uploads\/2025\/05\/Reunion-de-Coordinadores-62-copia.jpg\",\"contentUrl\":\"https:\/\/www.alide.org.pe\/wp-content\/uploads\/2025\/05\/Reunion-de-Coordinadores-62-copia.jpg\",\"width\":2011,\"height\":1341},{\"@type\":\"BreadcrumbList\",\"@id\":\"https:\/\/www.alide.org.pe\/en\/santo-domingo-will-host-the-55th-general-assembly\/#breadcrumb\",\"itemListElement\":[{\"@type\":\"ListItem\",\"position\":1,\"name\":\"Portada\",\"item\":\"https:\/\/www.alide.org.pe\/en\/\"},{\"@type\":\"ListItem\",\"position\":2,\"name\":\"Santo Domingo will host the 55th ALIDE General Assembly\"}]},{\"@type\":\"WebSite\",\"@id\":\"https:\/\/www.alide.org.pe\/#website\",\"url\":\"https:\/\/www.alide.org.pe\/\",\"name\":\"ALIDE\",\"description\":\"Asociaci\u00f3n Latinoamericana de Instituciones Financieras para el Desarrollo\",\"potentialAction\":[{\"@type\":\"SearchAction\",\"target\":{\"@type\":\"EntryPoint\",\"urlTemplate\":\"https:\/\/www.alide.org.pe\/?s={search_term_string}\"},\"query-input\":{\"@type\":\"PropertyValueSpecification\",\"valueRequired\":true,\"valueName\":\"search_term_string\"}}],\"inLanguage\":\"en-US\"}]}<\/script>\n<!-- \/ Yoast SEO plugin. -->","yoast_head_json":{"title":"Santo Domingo will host the 55th ALIDE General Assembly - ALIDE","description":"ALIDE y LA AFD han reafirmado su compromiso de colaboraci\u00f3n mediante la firma de un nuevo Memorando de Entendimiento (MOU)...","robots":{"index":"index","follow":"follow","max-snippet":"max-snippet:-1","max-image-preview":"max-image-preview:large","max-video-preview":"max-video-preview:-1"},"canonical":"https:\/\/www.alide.org.pe\/en\/santo-domingo-will-host-the-55th-general-assembly\/","og_locale":"en_US","og_type":"article","og_title":"Santo Domingo will host the 55th ALIDE General Assembly - ALIDE","og_description":"ALIDE y LA AFD han reafirmado su compromiso de colaboraci\u00f3n mediante la firma de un nuevo Memorando de Entendimiento (MOU)...","og_url":"https:\/\/www.alide.org.pe\/en\/santo-domingo-will-host-the-55th-general-assembly\/","og_site_name":"ALIDE","article_publisher":"https:\/\/www.facebook.com\/alideoficial\/","og_image":[{"width":2011,"height":1341,"url":"https:\/\/www.alide.org.pe\/wp-content\/uploads\/2025\/05\/Reunion-de-Coordinadores-62-copia.jpg","type":"image\/jpeg"}],"twitter_card":"summary_large_image","twitter_site":"@_ALIDE_","twitter_misc":{"Est. reading time":"5 minutes"},"schema":{"@context":"https:\/\/schema.org","@graph":[{"@type":"WebPage","@id":"https:\/\/www.alide.org.pe\/en\/santo-domingo-will-host-the-55th-general-assembly\/","url":"https:\/\/www.alide.org.pe\/en\/santo-domingo-will-host-the-55th-general-assembly\/","name":"Santo Domingo will host the 55th ALIDE General Assembly - ALIDE","isPartOf":{"@id":"https:\/\/www.alide.org.pe\/#website"},"primaryImageOfPage":{"@id":"https:\/\/www.alide.org.pe\/en\/santo-domingo-will-host-the-55th-general-assembly\/#primaryimage"},"image":{"@id":"https:\/\/www.alide.org.pe\/en\/santo-domingo-will-host-the-55th-general-assembly\/#primaryimage"},"thumbnailUrl":"https:\/\/www.alide.org.pe\/wp-content\/uploads\/2025\/05\/Reunion-de-Coordinadores-62-copia.jpg","datePublished":"2025-06-10T16:30:42+00:00","description":"ALIDE y LA AFD han reafirmado su compromiso de colaboraci\u00f3n mediante la firma de un nuevo Memorando de Entendimiento (MOU)...","breadcrumb":{"@id":"https:\/\/www.alide.org.pe\/en\/santo-domingo-will-host-the-55th-general-assembly\/#breadcrumb"},"inLanguage":"en-US","potentialAction":[{"@type":"ReadAction","target":["https:\/\/www.alide.org.pe\/en\/santo-domingo-will-host-the-55th-general-assembly\/"]}]},{"@type":"ImageObject","inLanguage":"en-US","@id":"https:\/\/www.alide.org.pe\/en\/santo-domingo-will-host-the-55th-general-assembly\/#primaryimage","url":"https:\/\/www.alide.org.pe\/wp-content\/uploads\/2025\/05\/Reunion-de-Coordinadores-62-copia.jpg","contentUrl":"https:\/\/www.alide.org.pe\/wp-content\/uploads\/2025\/05\/Reunion-de-Coordinadores-62-copia.jpg","width":2011,"height":1341},{"@type":"BreadcrumbList","@id":"https:\/\/www.alide.org.pe\/en\/santo-domingo-will-host-the-55th-general-assembly\/#breadcrumb","itemListElement":[{"@type":"ListItem","position":1,"name":"Portada","item":"https:\/\/www.alide.org.pe\/en\/"},{"@type":"ListItem","position":2,"name":"Santo Domingo will host the 55th ALIDE General Assembly"}]},{"@type":"WebSite","@id":"https:\/\/www.alide.org.pe\/#website","url":"https:\/\/www.alide.org.pe\/","name":"ALIDE","description":"Asociaci\u00f3n Latinoamericana de Instituciones Financieras para el Desarrollo","potentialAction":[{"@type":"SearchAction","target":{"@type":"EntryPoint","urlTemplate":"https:\/\/www.alide.org.pe\/?s={search_term_string}"},"query-input":{"@type":"PropertyValueSpecification","valueRequired":true,"valueName":"search_term_string"}}],"inLanguage":"en-US"}]}},"uagb_featured_image_src":{"full":["https:\/\/www.alide.org.pe\/wp-content\/uploads\/2025\/05\/Reunion-de-Coordinadores-62-copia.jpg",2011,1341,false],"thumbnail":["https:\/\/www.alide.org.pe\/wp-content\/uploads\/2025\/05\/Reunion-de-Coordinadores-62-copia-150x150.jpg",150,150,true],"medium":["https:\/\/www.alide.org.pe\/wp-content\/uploads\/2025\/05\/Reunion-de-Coordinadores-62-copia-300x200.jpg",300,200,true],"medium_large":["https:\/\/www.alide.org.pe\/wp-content\/uploads\/2025\/05\/Reunion-de-Coordinadores-62-copia-768x512.jpg",768,512,true],"large":["https:\/\/www.alide.org.pe\/wp-content\/uploads\/2025\/05\/Reunion-de-Coordinadores-62-copia-1024x683.jpg",1024,683,true],"1536x1536":["https:\/\/www.alide.org.pe\/wp-content\/uploads\/2025\/05\/Reunion-de-Coordinadores-62-copia-1536x1024.jpg",1536,1024,true],"2048x2048":["https:\/\/www.alide.org.pe\/wp-content\/uploads\/2025\/05\/Reunion-de-Coordinadores-62-copia.jpg",2011,1341,false],"post-thumbnail":["https:\/\/www.alide.org.pe\/wp-content\/uploads\/2025\/05\/Reunion-de-Coordinadores-62-copia-219x146.jpg",219,146,true],"50x50":["https:\/\/www.alide.org.pe\/wp-content\/uploads\/2025\/05\/Reunion-de-Coordinadores-62-copia-50x33.jpg",50,33,true],"clients-slider":["https:\/\/www.alide.org.pe\/wp-content\/uploads\/2025\/05\/Reunion-de-Coordinadores-62-copia-112x75.jpg",112,75,true],"slider-content":["https:\/\/www.alide.org.pe\/wp-content\/uploads\/2025\/05\/Reunion-de-Coordinadores-62-copia-1630x860.jpg",1630,860,true],"testimonials":["https:\/\/www.alide.org.pe\/wp-content\/uploads\/2025\/05\/Reunion-de-Coordinadores-62-copia-85x85.jpg",85,85,true],"blog-navi":["https:\/\/www.alide.org.pe\/wp-content\/uploads\/2025\/05\/Reunion-de-Coordinadores-62-copia-80x80.jpg",80,80,true],"portfolio-mf":["https:\/\/www.alide.org.pe\/wp-content\/uploads\/2025\/05\/Reunion-de-Coordinadores-62-copia-1280x1000.jpg",1280,1000,true],"portfolio-mf-w":["https:\/\/www.alide.org.pe\/wp-content\/uploads\/2025\/05\/Reunion-de-Coordinadores-62-copia-1280x500.jpg",1280,500,true],"portfolio-mf-t":["https:\/\/www.alide.org.pe\/wp-content\/uploads\/2025\/05\/Reunion-de-Coordinadores-62-copia-768x1200.jpg",768,1200,true],"portfolio-list":["https:\/\/www.alide.org.pe\/wp-content\/uploads\/2025\/05\/Reunion-de-Coordinadores-62-copia-1920x750.jpg",1920,750,true],"blog-portfolio":["https:\/\/www.alide.org.pe\/wp-content\/uploads\/2025\/05\/Reunion-de-Coordinadores-62-copia-960x720.jpg",960,720,true],"blog-single":["https:\/\/www.alide.org.pe\/wp-content\/uploads\/2025\/05\/Reunion-de-Coordinadores-62-copia-1200x675.jpg",1200,675,true]},"uagb_author_info":{"display_name":"Giselle","author_link":"https:\/\/www.alide.org.pe\/en\/author\/katherine\/"},"uagb_comment_info":0,"uagb_excerpt":"[vc_row 0=&#8221;&#8221;][vc_column 0=&#8221;&#8221;][vc_empty_space 0=&#8221;&#8221;][\/vc_column][\/vc_row][vc_row 0=&#8221;&#8221;][vc_column parallax=&#8221;content-moving&#8221; width=&#8221;1\/6&#8243;][\/vc_column][vc_column width=&#8221;2\/3&#8243;][vc_single_image image=&#8221;30686&#8243; img_size=&#8221;large&#8221; alignment=&#8221;center&#8221;][vc_custom_heading 1=&#8221;Latinoamericana&#8221; 2=&#8221;sobre&#8221; 3=&#8221;Financiamiento&#8221; 4=&#8221;e&#8221; 5=&#8221;Impulso&#8221; 6=&#8221;de&#8221; 7=&#8221;los&#8221; 8=&#8221;Negocios&#8221; 9=&#8221;e&#8221; 10=&#8221;Inversiones&#8221; 11=&#8221;Internacionales&#8220;&#8221; text=&#8221;Santo Domingo will host [\u2026]","_links":{"self":[{"href":"https:\/\/www.alide.org.pe\/en\/wp-json\/wp\/v2\/pages\/31298","targetHints":{"allow":["GET"]}}],"collection":[{"href":"https:\/\/www.alide.org.pe\/en\/wp-json\/wp\/v2\/pages"}],"about":[{"href":"https:\/\/www.alide.org.pe\/en\/wp-json\/wp\/v2\/types\/page"}],"author":[{"embeddable":true,"href":"https:\/\/www.alide.org.pe\/en\/wp-json\/wp\/v2\/users\/11"}],"replies":[{"embeddable":true,"href":"https:\/\/www.alide.org.pe\/en\/wp-json\/wp\/v2\/comments?post=31298"}],"version-history":[{"count":2,"href":"https:\/\/www.alide.org.pe\/en\/wp-json\/wp\/v2\/pages\/31298\/revisions"}],"predecessor-version":[{"id":31958,"href":"https:\/\/www.alide.org.pe\/en\/wp-json\/wp\/v2\/pages\/31298\/revisions\/31958"}],"wp:featuredmedia":[{"embeddable":true,"href":"https:\/\/www.alide.org.pe\/en\/wp-json\/wp\/v2\/media\/30686"}],"wp:attachment":[{"href":"https:\/\/www.alide.org.pe\/en\/wp-json\/wp\/v2\/media?parent=31298"}],"curies":[{"name":"wp","href":"https:\/\/api.w.org\/{rel}","templated":true}]}}