{"id":30491,"date":"2025-03-19T16:43:40","date_gmt":"2025-03-19T16:43:40","guid":{"rendered":"https:\/\/www.alide.org.pe\/?page_id=30491"},"modified":"2025-03-19T16:52:54","modified_gmt":"2025-03-19T16:52:54","slug":"bda-of-panama-joins-alide-to-boost-development-banking","status":"publish","type":"page","link":"https:\/\/www.alide.org.pe\/en\/bda-of-panama-joins-alide-to-boost-development-banking\/","title":{"rendered":"BDA of Panama joined as an active member of ALIDE"},"content":{"rendered":"<div class=\"wpb-content-wrapper\"><p>[vc_row 0=&#8221;&#8221;][vc_column 0=&#8221;&#8221;][vc_empty_space 0=&#8221;&#8221;][\/vc_column][\/vc_row][vc_row 0=&#8221;&#8221;][vc_column parallax=&#8221;content-moving&#8221; width=&#8221;1\/6&#8243;][\/vc_column][vc_column width=&#8221;2\/3&#8243;][vc_single_image image=&#8221;30342&#8243; img_size=&#8221;large&#8221;][vc_custom_heading 1=&#8221;Latinoamericana&#8221; 2=&#8221;sobre&#8221; 3=&#8221;Financiamiento&#8221; 4=&#8221;e&#8221; 5=&#8221;Impulso&#8221; 6=&#8221;de&#8221; 7=&#8221;los&#8221; 8=&#8221;Negocios&#8221; 9=&#8221;e&#8221; 10=&#8221;Inversiones&#8221; 11=&#8221;Internacionales&#8220;&#8221; text=&#8221;BDA of Panama joined as an active member of ALIDE&#8221; font_container=&#8221;tag:h3|text_align:center|color:%23013c7b&#8221; use_theme_fonts=&#8221;yes&#8221; css=&#8221;.vc_custom_1742402079627{margin-top: -15px !important;margin-bottom: 10px !important;}&#8221;][vc_column_text 0=&#8221;&#8221; css=&#8221;.vc_custom_1742402552624{margin-top: 15px !important;padding-bottom: -25px !important;}&#8221;]<\/p>\n<ul>\n<li><em>Banco de Desarrollo Agropecuario (BDA) is the main state development bank for the sustainable development of the agricultural-livestock and agro-industrial sector in Panama<\/em><\/li>\n<\/ul>\n<hr \/>\n<p><span style=\"color: #009de5;\"><strong>February 17, 2025 &#8211; <\/strong><\/span><a href=\"https:\/\/www.bda.gob.pa\/\">Banco de Desarrollo Agropecuario (BDA)<\/a> has joined as an active member of the <a href=\"https:\/\/www.alide.org.pe\/\">Latin American Association of Development Finance Institutions (ALIDE)<\/a>. This action strengthens regional cooperation and reaffirms the commitment of both institutions to development banking.<\/p>\n<p>The bank is currently chaired by <a href=\"https:\/\/www.bda.gob.pa\/el-ing-roberto-arnulfo-barria-stanziola-ha-sido-ratificado-como-el-nuevo-gerente-general-del-banco-de-desarrollo-agropecuario-bda\/\">Engr. Roberto Barr\u00eda Stanziola<\/a> and its mission is to provide financing for agricultural-livestock development programs and agro-industrial projects, especially for micro, small and medium-sized producers.<\/p>\n<p>With more than 50 years of institutional life, <a href=\"https:\/\/www.bda.gob.pa\/nosotros\/\">BDA has four strategic axes<\/a> that reflect its commitment to economic growth and rural development, such as responsible resource management; strengthening of capital; direct support to producers; and optimization of the operating system.<\/p>\n<p>BDA is positioned as a key institution for the agricultural-livestock development of Panama, betting on the modernization and implementation of new technologies to strengthen agricultural and livestock production in the country.<\/p>\n<p>The participation of Banco de Desarrollo Agropecuario as a member of ALIDE will allow it to strengthen its ties with other institutions that promote the financing of economic, social and sustainable development in the region, such as international organizations, cooperation agencies and development banks; thus generating an exchange of knowledge and best practices.[\/vc_column_text][\/vc_column][\/vc_row][vc_row 0=&#8221;&#8221;][vc_column width=&#8221;1\/6&#8243;][\/vc_column][vc_column width=&#8221;2\/3&#8243;][vc_column_text]<\/p>\n<h3><span style=\"color: #009de5;\"><strong>Contact<\/strong><\/span><\/h3>\n<p><span style=\"color: #333333;\"><strong>Communnication Unit of ALIDE<\/strong><\/span><br \/>\n<span style=\"color: #333333;\">Phone: +511-203-5520 |: Ext: 227<\/span><br \/>\n<a href=\"mailto:comunicaciones@alide.org\">comunicaciones@alide.org<\/a>,\u00a0<a href=\"mailto:comunicaciones2@alide.org\">comunicaciones2@alide.org<\/a>[\/vc_column_text][\/vc_column][vc_column width=&#8221;1\/6&#8243;][\/vc_column][\/vc_row][vc_column parallax=&#8221;content-moving&#8221; width=&#8221;1\/6&#8243;][\/vc_column][vc_column width=&#8221;2\/3&#8243;][\/vc_column]<\/p>\n<\/div>","protected":false},"excerpt":{"rendered":"<p>[vc_row 0=&#8221;&#8221;][vc_column 0=&#8221;&#8221;][vc_empty_space 0=&#8221;&#8221;][\/vc_column][\/vc_row][vc_row 0=&#8221;&#8221;][vc_column parallax=&#8221;content-moving&#8221; width=&#8221;1\/6&#8243;][\/vc_column][vc_column width=&#8221;2\/3&#8243;][vc_single_image image=&#8221;30342&#8243; img_size=&#8221;large&#8221;][vc_custom_heading 1=&#8221;Latinoamericana&#8221; 2=&#8221;sobre&#8221; 3=&#8221;Financiamiento&#8221; 4=&#8221;e&#8221; 5=&#8221;Impulso&#8221; 6=&#8221;de&#8221; 7=&#8221;los&#8221; 8=&#8221;Negocios&#8221; 9=&#8221;e&#8221; 10=&#8221;Inversiones&#8221; 11=&#8221;Internacionales&#8220;&#8221; text=&#8221;BDA of Panama joined as<span class=\"excerpt-hellip\"> [\u2026]<\/span><\/p>\n","protected":false},"author":11,"featured_media":30343,"parent":0,"menu_order":0,"comment_status":"closed","ping_status":"closed","template":"","meta":{"_uag_custom_page_level_css":"","footnotes":""},"class_list":["post-30491","page","type-page","status-publish","has-post-thumbnail","hentry"],"yoast_head":"<!-- This site is optimized with the Yoast SEO plugin v26.1.1 - https:\/\/yoast.com\/wordpress\/plugins\/seo\/ -->\n<title>BDA of Panama joined as an active member of ALIDE - ALIDE<\/title>\n<meta name=\"description\" content=\"El Banco de Desarrollo Agropecuario (BDA) se incorpor\u00f3 como miembro activo de ALIDE. Esta acci\u00f3n fortalece la cooperaci\u00f3n regional...\" \/>\n<meta name=\"robots\" content=\"index, follow, max-snippet:-1, max-image-preview:large, max-video-preview:-1\" \/>\n<link rel=\"canonical\" href=\"https:\/\/www.alide.org.pe\/en\/bda-of-panama-joins-alide-to-boost-development-banking\/\" \/>\n<meta property=\"og:locale\" content=\"en_US\" \/>\n<meta property=\"og:type\" content=\"article\" \/>\n<meta property=\"og:title\" content=\"BDA of Panama joined as an active member of ALIDE - ALIDE\" \/>\n<meta property=\"og:description\" content=\"El Banco de Desarrollo Agropecuario (BDA) se incorpor\u00f3 como miembro activo de ALIDE. Esta acci\u00f3n fortalece la cooperaci\u00f3n regional...\" \/>\n<meta property=\"og:url\" content=\"https:\/\/www.alide.org.pe\/en\/bda-of-panama-joins-alide-to-boost-development-banking\/\" \/>\n<meta property=\"og:site_name\" content=\"ALIDE\" \/>\n<meta property=\"article:publisher\" content=\"https:\/\/www.facebook.com\/alideoficial\/\" \/>\n<meta property=\"article:modified_time\" content=\"2025-03-19T16:52:54+00:00\" \/>\n<meta property=\"og:image\" content=\"https:\/\/www.alide.org.pe\/wp-content\/uploads\/2025\/02\/BDA-Y-ALIDE-scaled.jpg\" \/>\n\t<meta property=\"og:image:width\" content=\"2560\" \/>\n\t<meta property=\"og:image:height\" content=\"1062\" \/>\n\t<meta property=\"og:image:type\" content=\"image\/jpeg\" \/>\n<meta name=\"twitter:card\" content=\"summary_large_image\" \/>\n<meta name=\"twitter:site\" content=\"@_ALIDE_\" \/>\n<meta name=\"twitter:label1\" content=\"Est. reading time\" \/>\n\t<meta name=\"twitter:data1\" content=\"2 minutes\" \/>\n<script type=\"application\/ld+json\" class=\"yoast-schema-graph\">{\"@context\":\"https:\/\/schema.org\",\"@graph\":[{\"@type\":\"WebPage\",\"@id\":\"https:\/\/www.alide.org.pe\/en\/bda-of-panama-joins-alide-to-boost-development-banking\/\",\"url\":\"https:\/\/www.alide.org.pe\/en\/bda-of-panama-joins-alide-to-boost-development-banking\/\",\"name\":\"BDA of Panama joined as an active member of ALIDE - ALIDE\",\"isPartOf\":{\"@id\":\"https:\/\/www.alide.org.pe\/#website\"},\"primaryImageOfPage\":{\"@id\":\"https:\/\/www.alide.org.pe\/en\/bda-of-panama-joins-alide-to-boost-development-banking\/#primaryimage\"},\"image\":{\"@id\":\"https:\/\/www.alide.org.pe\/en\/bda-of-panama-joins-alide-to-boost-development-banking\/#primaryimage\"},\"thumbnailUrl\":\"https:\/\/www.alide.org.pe\/wp-content\/uploads\/2025\/02\/BDA-Y-ALIDE-scaled.jpg\",\"datePublished\":\"2025-03-19T16:43:40+00:00\",\"dateModified\":\"2025-03-19T16:52:54+00:00\",\"description\":\"El Banco de Desarrollo Agropecuario (BDA) se incorpor\u00f3 como miembro activo de ALIDE. Esta acci\u00f3n fortalece la cooperaci\u00f3n regional...\",\"breadcrumb\":{\"@id\":\"https:\/\/www.alide.org.pe\/en\/bda-of-panama-joins-alide-to-boost-development-banking\/#breadcrumb\"},\"inLanguage\":\"en-US\",\"potentialAction\":[{\"@type\":\"ReadAction\",\"target\":[\"https:\/\/www.alide.org.pe\/en\/bda-of-panama-joins-alide-to-boost-development-banking\/\"]}]},{\"@type\":\"ImageObject\",\"inLanguage\":\"en-US\",\"@id\":\"https:\/\/www.alide.org.pe\/en\/bda-of-panama-joins-alide-to-boost-development-banking\/#primaryimage\",\"url\":\"https:\/\/www.alide.org.pe\/wp-content\/uploads\/2025\/02\/BDA-Y-ALIDE-scaled.jpg\",\"contentUrl\":\"https:\/\/www.alide.org.pe\/wp-content\/uploads\/2025\/02\/BDA-Y-ALIDE-scaled.jpg\",\"width\":2560,\"height\":1062},{\"@type\":\"BreadcrumbList\",\"@id\":\"https:\/\/www.alide.org.pe\/en\/bda-of-panama-joins-alide-to-boost-development-banking\/#breadcrumb\",\"itemListElement\":[{\"@type\":\"ListItem\",\"position\":1,\"name\":\"Portada\",\"item\":\"https:\/\/www.alide.org.pe\/en\/\"},{\"@type\":\"ListItem\",\"position\":2,\"name\":\"BDA of Panama joined as an active member of ALIDE\"}]},{\"@type\":\"WebSite\",\"@id\":\"https:\/\/www.alide.org.pe\/#website\",\"url\":\"https:\/\/www.alide.org.pe\/\",\"name\":\"ALIDE\",\"description\":\"Asociaci\u00f3n Latinoamericana de Instituciones Financieras para el Desarrollo\",\"potentialAction\":[{\"@type\":\"SearchAction\",\"target\":{\"@type\":\"EntryPoint\",\"urlTemplate\":\"https:\/\/www.alide.org.pe\/?s={search_term_string}\"},\"query-input\":{\"@type\":\"PropertyValueSpecification\",\"valueRequired\":true,\"valueName\":\"search_term_string\"}}],\"inLanguage\":\"en-US\"}]}<\/script>\n<!-- \/ Yoast SEO plugin. -->","yoast_head_json":{"title":"BDA of Panama joined as an active member of ALIDE - ALIDE","description":"El Banco de Desarrollo Agropecuario (BDA) se incorpor\u00f3 como miembro activo de ALIDE. Esta acci\u00f3n fortalece la cooperaci\u00f3n regional...","robots":{"index":"index","follow":"follow","max-snippet":"max-snippet:-1","max-image-preview":"max-image-preview:large","max-video-preview":"max-video-preview:-1"},"canonical":"https:\/\/www.alide.org.pe\/en\/bda-of-panama-joins-alide-to-boost-development-banking\/","og_locale":"en_US","og_type":"article","og_title":"BDA of Panama joined as an active member of ALIDE - ALIDE","og_description":"El Banco de Desarrollo Agropecuario (BDA) se incorpor\u00f3 como miembro activo de ALIDE. Esta acci\u00f3n fortalece la cooperaci\u00f3n regional...","og_url":"https:\/\/www.alide.org.pe\/en\/bda-of-panama-joins-alide-to-boost-development-banking\/","og_site_name":"ALIDE","article_publisher":"https:\/\/www.facebook.com\/alideoficial\/","article_modified_time":"2025-03-19T16:52:54+00:00","og_image":[{"width":2560,"height":1062,"url":"https:\/\/www.alide.org.pe\/wp-content\/uploads\/2025\/02\/BDA-Y-ALIDE-scaled.jpg","type":"image\/jpeg"}],"twitter_card":"summary_large_image","twitter_site":"@_ALIDE_","twitter_misc":{"Est. reading time":"2 minutes"},"schema":{"@context":"https:\/\/schema.org","@graph":[{"@type":"WebPage","@id":"https:\/\/www.alide.org.pe\/en\/bda-of-panama-joins-alide-to-boost-development-banking\/","url":"https:\/\/www.alide.org.pe\/en\/bda-of-panama-joins-alide-to-boost-development-banking\/","name":"BDA of Panama joined as an active member of ALIDE - ALIDE","isPartOf":{"@id":"https:\/\/www.alide.org.pe\/#website"},"primaryImageOfPage":{"@id":"https:\/\/www.alide.org.pe\/en\/bda-of-panama-joins-alide-to-boost-development-banking\/#primaryimage"},"image":{"@id":"https:\/\/www.alide.org.pe\/en\/bda-of-panama-joins-alide-to-boost-development-banking\/#primaryimage"},"thumbnailUrl":"https:\/\/www.alide.org.pe\/wp-content\/uploads\/2025\/02\/BDA-Y-ALIDE-scaled.jpg","datePublished":"2025-03-19T16:43:40+00:00","dateModified":"2025-03-19T16:52:54+00:00","description":"El Banco de Desarrollo Agropecuario (BDA) se incorpor\u00f3 como miembro activo de ALIDE. Esta acci\u00f3n fortalece la cooperaci\u00f3n regional...","breadcrumb":{"@id":"https:\/\/www.alide.org.pe\/en\/bda-of-panama-joins-alide-to-boost-development-banking\/#breadcrumb"},"inLanguage":"en-US","potentialAction":[{"@type":"ReadAction","target":["https:\/\/www.alide.org.pe\/en\/bda-of-panama-joins-alide-to-boost-development-banking\/"]}]},{"@type":"ImageObject","inLanguage":"en-US","@id":"https:\/\/www.alide.org.pe\/en\/bda-of-panama-joins-alide-to-boost-development-banking\/#primaryimage","url":"https:\/\/www.alide.org.pe\/wp-content\/uploads\/2025\/02\/BDA-Y-ALIDE-scaled.jpg","contentUrl":"https:\/\/www.alide.org.pe\/wp-content\/uploads\/2025\/02\/BDA-Y-ALIDE-scaled.jpg","width":2560,"height":1062},{"@type":"BreadcrumbList","@id":"https:\/\/www.alide.org.pe\/en\/bda-of-panama-joins-alide-to-boost-development-banking\/#breadcrumb","itemListElement":[{"@type":"ListItem","position":1,"name":"Portada","item":"https:\/\/www.alide.org.pe\/en\/"},{"@type":"ListItem","position":2,"name":"BDA of Panama joined as an active member of ALIDE"}]},{"@type":"WebSite","@id":"https:\/\/www.alide.org.pe\/#website","url":"https:\/\/www.alide.org.pe\/","name":"ALIDE","description":"Asociaci\u00f3n Latinoamericana de Instituciones Financieras para el Desarrollo","potentialAction":[{"@type":"SearchAction","target":{"@type":"EntryPoint","urlTemplate":"https:\/\/www.alide.org.pe\/?s={search_term_string}"},"query-input":{"@type":"PropertyValueSpecification","valueRequired":true,"valueName":"search_term_string"}}],"inLanguage":"en-US"}]}},"uagb_featured_image_src":{"full":["https:\/\/www.alide.org.pe\/wp-content\/uploads\/2025\/02\/BDA-Y-ALIDE-scaled.jpg",2560,1062,false],"thumbnail":["https:\/\/www.alide.org.pe\/wp-content\/uploads\/2025\/02\/BDA-Y-ALIDE-150x150.jpg",150,150,true],"medium":["https:\/\/www.alide.org.pe\/wp-content\/uploads\/2025\/02\/BDA-Y-ALIDE-300x124.jpg",300,124,true],"medium_large":["https:\/\/www.alide.org.pe\/wp-content\/uploads\/2025\/02\/BDA-Y-ALIDE-768x319.jpg",768,319,true],"large":["https:\/\/www.alide.org.pe\/wp-content\/uploads\/2025\/02\/BDA-Y-ALIDE-1024x425.jpg",1024,425,true],"1536x1536":["https:\/\/www.alide.org.pe\/wp-content\/uploads\/2025\/02\/BDA-Y-ALIDE-1536x637.jpg",1536,637,true],"2048x2048":["https:\/\/www.alide.org.pe\/wp-content\/uploads\/2025\/02\/BDA-Y-ALIDE-2048x850.jpg",2048,850,true],"post-thumbnail":["https:\/\/www.alide.org.pe\/wp-content\/uploads\/2025\/02\/BDA-Y-ALIDE-260x108.jpg",260,108,true],"50x50":["https:\/\/www.alide.org.pe\/wp-content\/uploads\/2025\/02\/BDA-Y-ALIDE-50x21.jpg",50,21,true],"clients-slider":["https:\/\/www.alide.org.pe\/wp-content\/uploads\/2025\/02\/BDA-Y-ALIDE-150x62.jpg",150,62,true],"slider-content":["https:\/\/www.alide.org.pe\/wp-content\/uploads\/2025\/02\/BDA-Y-ALIDE-1630x860.jpg",1630,860,true],"testimonials":["https:\/\/www.alide.org.pe\/wp-content\/uploads\/2025\/02\/BDA-Y-ALIDE-85x85.jpg",85,85,true],"blog-navi":["https:\/\/www.alide.org.pe\/wp-content\/uploads\/2025\/02\/BDA-Y-ALIDE-80x80.jpg",80,80,true],"portfolio-mf":["https:\/\/www.alide.org.pe\/wp-content\/uploads\/2025\/02\/BDA-Y-ALIDE-1280x1000.jpg",1280,1000,true],"portfolio-mf-w":["https:\/\/www.alide.org.pe\/wp-content\/uploads\/2025\/02\/BDA-Y-ALIDE-1280x500.jpg",1280,500,true],"portfolio-mf-t":["https:\/\/www.alide.org.pe\/wp-content\/uploads\/2025\/02\/BDA-Y-ALIDE-768x1152.jpg",768,1152,true],"portfolio-list":["https:\/\/www.alide.org.pe\/wp-content\/uploads\/2025\/02\/BDA-Y-ALIDE-1920x750.jpg",1920,750,true],"blog-portfolio":["https:\/\/www.alide.org.pe\/wp-content\/uploads\/2025\/02\/BDA-Y-ALIDE-960x720.jpg",960,720,true],"blog-single":["https:\/\/www.alide.org.pe\/wp-content\/uploads\/2025\/02\/BDA-Y-ALIDE-1200x675.jpg",1200,675,true]},"uagb_author_info":{"display_name":"Giselle","author_link":"https:\/\/www.alide.org.pe\/en\/author\/katherine\/"},"uagb_comment_info":0,"uagb_excerpt":"[vc_row 0=&#8221;&#8221;][vc_column 0=&#8221;&#8221;][vc_empty_space 0=&#8221;&#8221;][\/vc_column][\/vc_row][vc_row 0=&#8221;&#8221;][vc_column parallax=&#8221;content-moving&#8221; width=&#8221;1\/6&#8243;][\/vc_column][vc_column width=&#8221;2\/3&#8243;][vc_single_image image=&#8221;30342&#8243; img_size=&#8221;large&#8221;][vc_custom_heading 1=&#8221;Latinoamericana&#8221; 2=&#8221;sobre&#8221; 3=&#8221;Financiamiento&#8221; 4=&#8221;e&#8221; 5=&#8221;Impulso&#8221; 6=&#8221;de&#8221; 7=&#8221;los&#8221; 8=&#8221;Negocios&#8221; 9=&#8221;e&#8221; 10=&#8221;Inversiones&#8221; 11=&#8221;Internacionales&#8220;&#8221; text=&#8221;BDA of Panama joined as [\u2026]","_links":{"self":[{"href":"https:\/\/www.alide.org.pe\/en\/wp-json\/wp\/v2\/pages\/30491","targetHints":{"allow":["GET"]}}],"collection":[{"href":"https:\/\/www.alide.org.pe\/en\/wp-json\/wp\/v2\/pages"}],"about":[{"href":"https:\/\/www.alide.org.pe\/en\/wp-json\/wp\/v2\/types\/page"}],"author":[{"embeddable":true,"href":"https:\/\/www.alide.org.pe\/en\/wp-json\/wp\/v2\/users\/11"}],"replies":[{"embeddable":true,"href":"https:\/\/www.alide.org.pe\/en\/wp-json\/wp\/v2\/comments?post=30491"}],"version-history":[{"count":2,"href":"https:\/\/www.alide.org.pe\/en\/wp-json\/wp\/v2\/pages\/30491\/revisions"}],"predecessor-version":[{"id":31955,"href":"https:\/\/www.alide.org.pe\/en\/wp-json\/wp\/v2\/pages\/30491\/revisions\/31955"}],"wp:featuredmedia":[{"embeddable":true,"href":"https:\/\/www.alide.org.pe\/en\/wp-json\/wp\/v2\/media\/30343"}],"wp:attachment":[{"href":"https:\/\/www.alide.org.pe\/en\/wp-json\/wp\/v2\/media?parent=30491"}],"curies":[{"name":"wp","href":"https:\/\/api.w.org\/{rel}","templated":true}]}}