{"id":3030,"date":"2018-04-23T19:56:51","date_gmt":"2018-04-23T19:56:51","guid":{"rendered":"https:\/\/www.alide.org.pe\/?page_id=3030"},"modified":"2018-04-23T19:56:51","modified_gmt":"2018-04-23T19:56:51","slug":"financiamiento-ambiental-2","status":"publish","type":"page","link":"https:\/\/www.alide.org.pe\/en\/comites-tecnicos\/financiamiento-ambiental-2\/","title":{"rendered":"Environmental Financing"},"content":{"rendered":"<div class=\"wpb-content-wrapper\"><p>[vc_row 0=&#8221;&#8221;][vc_column 0=&#8221;&#8221;][vc_tta_tabs alignment=&#8221;center&#8221; active_section=&#8221;1&#8243;][vc_tta_section title=&#8221;Technical Committee&#8221; tab_id=&#8221;1500312962074-f958b77c-315d&#8221;][vc_custom_heading source=&#8221;post_title&#8221; font_container=&#8221;tag:h2|font_size:30px|text_align:left|color:%23013c7b&#8221; use_theme_fonts=&#8221;yes&#8221;][vc_row_inner equal_height=&#8221;yes&#8221; content_placement=&#8221;top&#8221;][vc_column_inner width=&#8221;1\/3&#8243;][vc_single_image image=&#8221;579&#8243; img_size=&#8221;full&#8221;][\/vc_column_inner][vc_column_inner width=&#8221;2\/3&#8243;][vc_column_text 0=&#8221;&#8221;]The Technical Committee of ALIDE for Environmental Financing focuses its action on the analysis and promotion of good practices related to the financing of the sector in Latin America and the Caribbean. By holding technical meetings and publishing studies and documents, it proposes action guidelines to optimize the work performed by Development Banking in the promotion of projects oriented to sustainable development, with emphasis on the use of technologies and innovation.[\/vc_column_text][\/vc_column_inner][\/vc_row_inner][\/vc_tta_section][vc_tta_section title=&#8221;Articles&#8221; tab_id=&#8221;1500312962148-9ad4bdf6-0dae&#8221;][vc_row_inner 0=&#8221;&#8221;][vc_column_inner 0=&#8221;&#8221;]<div class=\"list_item lists_1 clearfix\"><a href=\"#\" ><div class=\"list_left list_icon\"><i class=\"icon-book\"><\/i><\/div><div class=\"list_right\"><h4> ESI como instrumento innovador para la Eficiencia Energ\u00e9tica<\/h4><div class=\"desc\"> Art\u00edculo publicado en la revista Banca &amp; Desarrollo de abril-junio 2017<\/div><\/div><\/a><\/div>\n<div class=\"list_item lists_1 clearfix\"><a href=\"#\" ><div class=\"list_left list_icon\"><i class=\"icon-book\"><\/i><\/div><div class=\"list_right\"><h4>Instrumentos financieros de apoyo a la eficiencia energ\u00e9tica<\/h4><div class=\"desc\">Art\u00edculo publicado en la revista Banca &amp; Desarrollo de enero-marzo 2017<br \/>\n<\/div><\/div><\/a><\/div>\n<div class=\"list_item lists_1 clearfix\"><a href=\"#\" ><div class=\"list_left list_icon\"><i class=\"icon-book\"><\/i><\/div><div class=\"list_right\"><h4> Nacional Financiera y su compromiso con el financiamiento verde<\/h4><div class=\"desc\">Art\u00edculo publicado en la revista Banca &amp; Desarrollo de enero-marzo 2017<br \/>\n<\/div><\/div><\/a><\/div>\n<div class=\"list_item lists_1 clearfix\"><a href=\"#\" ><div class=\"list_left list_icon\"><i class=\"icon-book\"><\/i><\/div><div class=\"list_right\"><h4> EcoCasa en M\u00e9xico<\/h4><div class=\"desc\">Art\u00edculo publicado en la revista Banca &amp; Desarrollo de octubre-diciembre 2016<\/div><\/div><\/a><\/div>\n<div class=\"list_item lists_1 clearfix\"><a href=\"#\" ><div class=\"list_left list_icon\"><i class=\"icon-book\"><\/i><\/div><div class=\"list_right\"><h4>Las oportunidades del financiamiento verde<\/h4><div class=\"desc\">Art\u00edculo publicado en la revista ALIDE julio-setiembre 2016<\/div><\/div><\/a><\/div>\n<div class=\"list_item lists_1 clearfix\"><a href=\"#\" ><div class=\"list_left list_icon\"><i class=\"icon-book\"><\/i><\/div><div class=\"list_right\"><h4>El sistema financiero internacional y el cambio clim\u00e1tico; oportunidades para los bancos de desarrollo<\/h4><div class=\"desc\">Art\u00edculo publicado en la revista ALIDE enero-marzo 2016<\/div><\/div><\/a><\/div>\n<div class=\"list_item lists_1 clearfix\"><a href=\"#\" ><div class=\"list_left list_icon\"><i class=\"icon-book\"><\/i><\/div><div class=\"list_right\"><h4>La financiaci\u00f3n de inversiones para la adaptaci\u00f3n al cambio clim\u00e1tico<\/h4><div class=\"desc\">Art\u00edculo publicado en la revista ALIDE octubre-diciembre 2015<br \/>\n<\/div><\/div><\/a><\/div>\n<div class=\"list_item lists_1 clearfix\"><a href=\"#\" ><div class=\"list_left list_icon\"><i class=\"icon-book\"><\/i><\/div><div class=\"list_right\"><h4>Nafin emite su primer bono verde<\/h4><div class=\"desc\">30 Octubre, 2015<br \/>\n<\/div><\/div><\/a><\/div>\n<div class=\"list_item lists_1 clearfix\"><a href=\"#\" ><div class=\"list_left list_icon\"><i class=\"icon-book\"><\/i><\/div><div class=\"list_right\"><h4>Proyectos sustentables para desarrollar la econom\u00eda mexicana<\/h4><div class=\"desc\">Art\u00edculo publicado en la revista ALIDE julio-setiembre de 2015.<br \/>\n<\/div><\/div><\/a><\/div>\n<div class=\"list_item lists_1 clearfix\"><a href=\"#\" ><div class=\"list_left list_icon\"><i class=\"icon-book\"><\/i><\/div><div class=\"list_right\"><h4>Acceso a fondos verdes y gesti\u00f3n ambiental.<\/h4><div class=\"desc\">Art\u00edculo publicado en la revista ALIDE mayo-junio de 2015.<br \/>\n<\/div><\/div><\/a><\/div>\n<div class=\"list_item lists_1 clearfix\"><a href=\"#\" ><div class=\"list_left list_icon\"><i class=\"icon-book\"><\/i><\/div><div class=\"list_right\"><h4>Impulso a las viviendas sostenibles en M\u00e9xico.<\/h4><div class=\"desc\">Art\u00edculo publicado en la revista ALIDE, enero-marzo de 2015.<br \/>\n<\/div><\/div><\/a><\/div>\n<div class=\"list_item lists_1 clearfix\"><a href=\"#\" ><div class=\"list_left list_icon\"><i class=\"icon-book\"><\/i><\/div><div class=\"list_right\"><h4>Ciudades sostenibles en construcci\u00f3n<\/h4><div class=\"desc\">Art\u00edculo publicado en la revista ALIDE, octubre-diciembre de 2014<br \/>\n<\/div><\/div><\/a><\/div>\n<div class=\"list_item lists_1 clearfix\"><a href=\"#\" ><div class=\"list_left list_icon\"><i class=\"icon-book\"><\/i><\/div><div class=\"list_right\"><h4>Innovaciones en escalada para el financiamiento verde en ALC<\/h4><div class=\"desc\">Art\u00edculo publicado en la revista ALIDE, octubre-diciembre de 2014.<br \/>\n<\/div><\/div><\/a><\/div>\n<div class=\"list_item lists_1 clearfix\"><a href=\"#\" ><div class=\"list_left list_icon\"><i class=\"icon-book\"><\/i><\/div><div class=\"list_right\"><h4>Proyecto ARECA: Inversiones en energ\u00eda renovable en Centroam\u00e9rica.<\/h4><div class=\"desc\">Art\u00edculo publicado en la revista ALIDE, julio-setiembre de 2013.<br \/>\n<\/div><\/div><\/a><\/div>\n<div class=\"list_item lists_1 clearfix\"><a href=\"#\" ><div class=\"list_left list_icon\"><i class=\"icon-book\"><\/i><\/div><div class=\"list_right\"><h4>Financiera verde en Am\u00e9rica Latina<\/h4><div class=\"desc\">Art\u00edculo publicado en la revista ALIDE, julio-setiembre de 2013<br \/>\n<\/div><\/div><\/a><\/div>\n<div class=\"list_item lists_1 clearfix\"><a href=\"#\" ><div class=\"list_left list_icon\"><i class=\"icon-book\"><\/i><\/div><div class=\"list_right\"><h4>Necesitamos sustentar las bases para una banca sustentable.<\/h4><div class=\"desc\">Art\u00edculo publicado en la revista ALIDE, abril-junio 2013.<br \/>\n<\/div><\/div><\/a><\/div>\n<div class=\"list_item lists_1 clearfix\"><a href=\"#\" ><div class=\"list_left list_icon\"><i class=\"icon-book\"><\/i><\/div><div class=\"list_right\"><h4>Innovaci\u00f3n en el sector agroalimentario latinoamericano<\/h4><div class=\"desc\">Art\u00edculo publicado en la revista ALIDE, abril-junio de 2013<br \/>\n<\/div><\/div><\/a><\/div>\n<div class=\"list_item lists_1 clearfix\"><a href=\"#\" ><div class=\"list_left list_icon\"><i class=\"icon-book\"><\/i><\/div><div class=\"list_right\"><h4>La contribuci\u00f3n ambiental de Infonavit<\/h4><div class=\"desc\">Art\u00edculo publicado en la revista ALIDE, enero-marzo de 2013<br \/>\n<\/div><\/div><\/a><\/div>\n<div class=\"list_item lists_1 clearfix\"><a href=\"#\" ><div class=\"list_left list_icon\"><i class=\"icon-book\"><\/i><\/div><div class=\"list_right\"><h4>Instrumentos financieros para la sostenibilidad.<\/h4><div class=\"desc\">Art\u00edculo publicado en la revista ALIDE, octubre-diciembre de 2012.<br \/>\n<\/div><\/div><\/a><\/div>\n<div class=\"list_item lists_1 clearfix\"><a href=\"#\" ><div class=\"list_left list_icon\"><i class=\"icon-book\"><\/i><\/div><div class=\"list_right\"><h4>Bancos nacionales de desarrollo contra el cambio clim\u00e1tico.<\/h4><div class=\"desc\">Art\u00edculo publicado en la revista ALIDE, enero-marzo de 2011.<\/p>\n<p><\/div><\/div><\/a><\/div>\n<div class=\"list_item lists_1 clearfix\"><a href=\"#\" ><div class=\"list_left list_icon\"><i class=\"icon-book\"><\/i><\/div><div class=\"list_right\"><h4>Por la recuperaci\u00f3n de espacios naturales.<\/h4><div class=\"desc\">Art\u00edculo publicado en la revista ALIDE, julio-setiembre 2012.<\/p>\n<p><\/div><\/div><\/a><\/div>\n<div class=\"list_item lists_1 clearfix\"><a href=\"#\" ><div class=\"list_left list_icon\"><i class=\"icon-book\"><\/i><\/div><div class=\"list_right\"><h4>Desaf\u00edos globales de las IFD para alcanzar la sustentabilidad ambiental.<\/h4><div class=\"desc\">Art\u00edculo publicado en la revista ALIDE, julio-setiembre 2011.<\/p>\n<p><\/div><\/div><\/a><\/div>\n<div class=\"list_item lists_1 clearfix\"><a href=\"#\" ><div class=\"list_left list_icon\"><i class=\"icon-book\"><\/i><\/div><div class=\"list_right\"><h4>Mitigaci\u00f3n del cambio clim\u00e1tico: desaf\u00edos pendientes.<\/h4><div class=\"desc\">Art\u00edculo publicado en la revista ALIDE, octubre-diciembre 2010.<\/p>\n<p><\/div><\/div><\/a><\/div>\n<div class=\"list_item lists_1 clearfix\"><a href=\"#\" ><div class=\"list_left list_icon\"><i class=\"icon-book\"><\/i><\/div><div class=\"list_right\"><h4>Banca de desarrollo financiar\u00e1 mejora de regiones \u00e1ridas y semi\u00e1ridas.<\/h4><div class=\"desc\">Art\u00edculo publicado en la revista ALIDE, julio-setiembre 2010.<\/p>\n<p><\/div><\/div><\/a><\/div>\n<div class=\"list_item lists_1 clearfix\"><a href=\"#\" ><div class=\"list_left list_icon\"><i class=\"icon-book\"><\/i><\/div><div class=\"list_right\"><h4>Fondo Amazon\u00eda del BNDES hace frente a la deforestaci\u00f3n brasile\u00f1a<\/h4><div class=\"desc\">Art\u00edculo publicado en la revista ALIDE, julio-setiembre 2010<\/p>\n<p><\/div><\/div><\/a><\/div>\n<div class=\"list_item lists_1 clearfix\"><a href=\"#\" ><div class=\"list_left list_icon\"><i class=\"icon-book\"><\/i><\/div><div class=\"list_right\"><h4>Bancos de desarrollo deben liderar creaci\u00f3n de productos financieros verdes en la regi\u00f3n<\/h4><div class=\"desc\">Art\u00edculo publicado en la revista ALIDE, abril-junio 2010<\/p>\n<p><\/div><\/div><\/a><\/div>\n[\/vc_column_inner][\/vc_row_inner][\/vc_tta_section][vc_tta_section title=&#8221;Documents&#8221; tab_id=&#8221;1500312973959-321bc569-bbb0&#8243;][vc_custom_heading text=&#8221;Instrumentos financieros innovadores para promover las inversiones en eficiencia energ\u00e9tica: buenas pr\u00e1cticas en Am\u00e9rica Latina y Asia Pac\u00edfico<\/p>\n<h6>Reporte, noviembre de 2016&#8243; font_container=&#8221;tag:h4|font_size:18px|text_align:left|color:%23013c7b&#8221; use_theme_fonts=&#8221;yes&#8221;][vc_row_inner 0=&#8221;&#8221;][vc_column_inner width=&#8221;1\/4&#8243;][vc_single_image image=&#8221;623&#8243; img_size=&#8221;medium&#8221;][\/vc_column_inner][vc_column_inner width=&#8221;1\/2&#8243;][vc_column_text 0=&#8221;&#8221;]Este reporte se public\u00f3 de manera conjunta y fue elaborado a partir de las exposiciones que se desarrollaron en el encuentro bi-continental de bancos de desarrollo de Am\u00e9rica Latina y el Caribe y Asia Pac\u00edfico. Recoge tendencias y estudios de caso de experiencias exitosas sobre promoci\u00f3n de inversiones en la industria de la eficiencia energ\u00e9tica.[\/vc_column_text][\/vc_column_inner][vc_column_inner width=&#8221;1\/4&#8243;]<div class=\"icon_box icon_position_top no_border\"><a class=\"\" href=\"https:\/\/www.alide.org.pe\/wp-content\/uploads\/2017\/09\/2016-Noviembre-BID_REP.pdf\"  ><div class=\"icon_wrapper\"><div class=\"icon\"><i class=\"icon-download\"><\/i><\/div><\/div><div class=\"desc_wrapper\"><h4 class=\"title\">Espa\u00f1ol<\/h4><div class=\"desc\">Descargar<\/div><\/div><\/a><\/div>\n[\/vc_column_inner][\/vc_row_inner][vc_separator 0=&#8221;&#8221;][vc_custom_heading text=&#8221;Informe de la reuni\u00f3n del Comit\u00e9 t\u00e9cnico de ALIDE para el Financiamiento Ambiental<\/h6>\n<h6>ALIDE, junio de 2016&#8243; font_container=&#8221;tag:h4|font_size:18px|text_align:left|color:%23013c7b&#8221; use_theme_fonts=&#8221;yes&#8221;][vc_row_inner 0=&#8221;&#8221;][vc_column_inner width=&#8221;1\/4&#8243;][vc_single_image image=&#8221;624&#8243; img_size=&#8221;medium&#8221;][\/vc_column_inner][vc_column_inner width=&#8221;1\/2&#8243;][vc_column_text 0=&#8221;&#8221;]La banca de desarrollo, pionera en el financiamiento a inversiones amigables con el medio ambiente, posee dos grandes retos en su camino a convertirse en una banca verde: impulsar la inversi\u00f3n en sectores de riesgo m\u00e1s elevado y fomentar el escrutinio de riesgo clim\u00e1tico inherente a las nuevas inversiones. Los ejecutivos del Comit\u00e9 T\u00e9cnico de Financiamiento Ambiental y Clim\u00e1tico reflexionaron acerca de este proceso en el marco de las oportunidades para la banca de desarrollo que plantea el Acuerdo de Par\u00eds (COP 21).[\/vc_column_text][\/vc_column_inner][vc_column_inner width=&#8221;1\/4&#8243;]<div class=\"icon_box icon_position_top no_border\"><a class=\"\" href=\"https:\/\/www.alide.org.pe\/wp-content\/uploads\/2017\/09\/2016-junio-ALIDE46_CTambiental_informe.pdf\"  ><div class=\"icon_wrapper\"><div class=\"icon\"><i class=\"icon-download\"><\/i><\/div><\/div><div class=\"desc_wrapper\"><h4 class=\"title\">Espa\u00f1ol<\/h4><div class=\"desc\">Descargar<\/div><\/div><\/a><\/div>\n[\/vc_column_inner][\/vc_row_inner][vc_separator 0=&#8221;&#8221;][vc_custom_heading text=&#8221;Instituciones financieras de desarrollo, financiamiento ambiental y fondos de carbono<\/h6>\n<h6>Documento distribuido en la 41 Asamblea General de ALIDE, mayo de 2010&#8243; font_container=&#8221;tag:h4|font_size:18px|text_align:left|color:%23013c7b&#8221; use_theme_fonts=&#8221;yes&#8221;][vc_row_inner 0=&#8221;&#8221;][vc_column_inner width=&#8221;1\/4&#8243;][\/vc_column_inner][vc_column_inner width=&#8221;1\/2&#8243;][vc_column_text 0=&#8221;&#8221;]Este documento recopila y analiza las estad\u00edsticas y caracter\u00edsticas cualitativas de la problem\u00e1tica ambiental en la regi\u00f3n latinoamericana y en el mundo. Temas como los efectos que tendr\u00e1 el cambio clim\u00e1tico en la regi\u00f3n, o la contribuci\u00f3n de esta al calentamiento global, son detallados en este documento, que fue presentado durante la primera sesi\u00f3n del comit\u00e9 t\u00e9cnico de ALIDE para el financiamiento ambiental.[\/vc_column_text][\/vc_column_inner][vc_column_inner width=&#8221;1\/4&#8243;]<div class=\"icon_box icon_position_top no_border\"><a class=\"\" href=\"#\"  ><div class=\"icon_wrapper\"><div class=\"icon\"><i class=\"icon-download\"><\/i><\/div><\/div><div class=\"desc_wrapper\"><h4 class=\"title\">Espa\u00f1ol<\/h4><div class=\"desc\">Descargar<\/div><\/div><\/a><\/div>\n[\/vc_column_inner][\/vc_row_inner][\/vc_tta_section][\/vc_tta_tabs][\/vc_column][\/vc_row][vc_row 0=&#8221;&#8221;][vc_column 0=&#8221;&#8221;][vc_column_text 0=&#8221;&#8221;]<\/h6>\n<p>[\/vc_column_text][\/vc_column][\/vc_row]<\/p>\n<\/div>","protected":false},"excerpt":{"rendered":"<p>[vc_row 0=&#8221;&#8221;][vc_column 0=&#8221;&#8221;][vc_tta_tabs alignment=&#8221;center&#8221; active_section=&#8221;1&#8243;][vc_tta_section title=&#8221;Technical Committee&#8221; tab_id=&#8221;1500312962074-f958b77c-315d&#8221;][vc_custom_heading source=&#8221;post_title&#8221; font_container=&#8221;tag:h2|font_size:30px|text_align:left|color:%23013c7b&#8221; use_theme_fonts=&#8221;yes&#8221;][vc_row_inner equal_height=&#8221;yes&#8221; content_placement=&#8221;top&#8221;][vc_column_inner width=&#8221;1\/3&#8243;][vc_single_image image=&#8221;579&#8243; img_size=&#8221;full&#8221;][\/vc_column_inner][vc_column_inner width=&#8221;2\/3&#8243;][vc_column_text 0=&#8221;&#8221;]The Technical Committee of ALIDE for Environmental Financing focuses<span class=\"excerpt-hellip\"> [\u2026]<\/span><\/p>\n","protected":false},"author":2,"featured_media":0,"parent":2492,"menu_order":0,"comment_status":"closed","ping_status":"closed","template":"","meta":{"_uag_custom_page_level_css":"","footnotes":""},"class_list":["post-3030","page","type-page","status-publish","hentry"],"yoast_head":"<!-- This site is optimized with the Yoast SEO plugin v26.1.1 - https:\/\/yoast.com\/wordpress\/plugins\/seo\/ -->\n<title>Environmental Financing - ALIDE<\/title>\n<meta name=\"robots\" content=\"index, follow, max-snippet:-1, max-image-preview:large, max-video-preview:-1\" \/>\n<link rel=\"canonical\" href=\"https:\/\/www.alide.org.pe\/en\/comites-tecnicos\/financiamiento-ambiental-2\/\" \/>\n<meta property=\"og:locale\" content=\"en_US\" \/>\n<meta property=\"og:type\" content=\"article\" \/>\n<meta property=\"og:title\" content=\"Environmental Financing - ALIDE\" \/>\n<meta property=\"og:description\" content=\"[vc_row 0=&#8221;&#8221;][vc_column 0=&#8221;&#8221;][vc_tta_tabs alignment=&#8221;center&#8221; active_section=&#8221;1&#8243;][vc_tta_section title=&#8221;Technical Committee&#8221; tab_id=&#8221;1500312962074-f958b77c-315d&#8221;][vc_custom_heading source=&#8221;post_title&#8221; font_container=&#8221;tag:h2|font_size:30px|text_align:left|color:%23013c7b&#8221; use_theme_fonts=&#8221;yes&#8221;][vc_row_inner equal_height=&#8221;yes&#8221; content_placement=&#8221;top&#8221;][vc_column_inner width=&#8221;1\/3&#8243;][vc_single_image image=&#8221;579&#8243; img_size=&#8221;full&#8221;][\/vc_column_inner][vc_column_inner width=&#8221;2\/3&#8243;][vc_column_text 0=&#8221;&#8221;]The Technical Committee of ALIDE for Environmental Financing focuses [\u2026]\" \/>\n<meta property=\"og:url\" content=\"https:\/\/www.alide.org.pe\/en\/comites-tecnicos\/financiamiento-ambiental-2\/\" \/>\n<meta property=\"og:site_name\" content=\"ALIDE\" \/>\n<meta property=\"article:publisher\" content=\"https:\/\/www.facebook.com\/alideoficial\/\" \/>\n<meta name=\"twitter:card\" content=\"summary_large_image\" \/>\n<meta name=\"twitter:site\" content=\"@_ALIDE_\" \/>\n<meta name=\"twitter:label1\" content=\"Est. reading time\" \/>\n\t<meta name=\"twitter:data1\" content=\"7 minutes\" \/>\n<script type=\"application\/ld+json\" class=\"yoast-schema-graph\">{\"@context\":\"https:\/\/schema.org\",\"@graph\":[{\"@type\":\"WebPage\",\"@id\":\"https:\/\/www.alide.org.pe\/en\/comites-tecnicos\/financiamiento-ambiental-2\/\",\"url\":\"https:\/\/www.alide.org.pe\/en\/comites-tecnicos\/financiamiento-ambiental-2\/\",\"name\":\"Environmental Financing - ALIDE\",\"isPartOf\":{\"@id\":\"https:\/\/www.alide.org.pe\/#website\"},\"datePublished\":\"2018-04-23T19:56:51+00:00\",\"breadcrumb\":{\"@id\":\"https:\/\/www.alide.org.pe\/en\/comites-tecnicos\/financiamiento-ambiental-2\/#breadcrumb\"},\"inLanguage\":\"en-US\",\"potentialAction\":[{\"@type\":\"ReadAction\",\"target\":[\"https:\/\/www.alide.org.pe\/en\/comites-tecnicos\/financiamiento-ambiental-2\/\"]}]},{\"@type\":\"BreadcrumbList\",\"@id\":\"https:\/\/www.alide.org.pe\/en\/comites-tecnicos\/financiamiento-ambiental-2\/#breadcrumb\",\"itemListElement\":[{\"@type\":\"ListItem\",\"position\":1,\"name\":\"Portada\",\"item\":\"https:\/\/www.alide.org.pe\/en\/\"},{\"@type\":\"ListItem\",\"position\":2,\"name\":\"Technical Committee\",\"item\":\"https:\/\/www.alide.org.pe\/en\/comites-tecnicos\/\"},{\"@type\":\"ListItem\",\"position\":3,\"name\":\"Environmental Financing\"}]},{\"@type\":\"WebSite\",\"@id\":\"https:\/\/www.alide.org.pe\/#website\",\"url\":\"https:\/\/www.alide.org.pe\/\",\"name\":\"ALIDE\",\"description\":\"Asociaci\u00f3n Latinoamericana de Instituciones Financieras para el Desarrollo\",\"potentialAction\":[{\"@type\":\"SearchAction\",\"target\":{\"@type\":\"EntryPoint\",\"urlTemplate\":\"https:\/\/www.alide.org.pe\/?s={search_term_string}\"},\"query-input\":{\"@type\":\"PropertyValueSpecification\",\"valueRequired\":true,\"valueName\":\"search_term_string\"}}],\"inLanguage\":\"en-US\"}]}<\/script>\n<!-- \/ Yoast SEO plugin. -->","yoast_head_json":{"title":"Environmental Financing - ALIDE","robots":{"index":"index","follow":"follow","max-snippet":"max-snippet:-1","max-image-preview":"max-image-preview:large","max-video-preview":"max-video-preview:-1"},"canonical":"https:\/\/www.alide.org.pe\/en\/comites-tecnicos\/financiamiento-ambiental-2\/","og_locale":"en_US","og_type":"article","og_title":"Environmental Financing - ALIDE","og_description":"[vc_row 0=&#8221;&#8221;][vc_column 0=&#8221;&#8221;][vc_tta_tabs alignment=&#8221;center&#8221; active_section=&#8221;1&#8243;][vc_tta_section title=&#8221;Technical Committee&#8221; tab_id=&#8221;1500312962074-f958b77c-315d&#8221;][vc_custom_heading source=&#8221;post_title&#8221; font_container=&#8221;tag:h2|font_size:30px|text_align:left|color:%23013c7b&#8221; use_theme_fonts=&#8221;yes&#8221;][vc_row_inner equal_height=&#8221;yes&#8221; content_placement=&#8221;top&#8221;][vc_column_inner width=&#8221;1\/3&#8243;][vc_single_image image=&#8221;579&#8243; img_size=&#8221;full&#8221;][\/vc_column_inner][vc_column_inner width=&#8221;2\/3&#8243;][vc_column_text 0=&#8221;&#8221;]The Technical Committee of ALIDE for Environmental Financing focuses [\u2026]","og_url":"https:\/\/www.alide.org.pe\/en\/comites-tecnicos\/financiamiento-ambiental-2\/","og_site_name":"ALIDE","article_publisher":"https:\/\/www.facebook.com\/alideoficial\/","twitter_card":"summary_large_image","twitter_site":"@_ALIDE_","twitter_misc":{"Est. reading time":"7 minutes"},"schema":{"@context":"https:\/\/schema.org","@graph":[{"@type":"WebPage","@id":"https:\/\/www.alide.org.pe\/en\/comites-tecnicos\/financiamiento-ambiental-2\/","url":"https:\/\/www.alide.org.pe\/en\/comites-tecnicos\/financiamiento-ambiental-2\/","name":"Environmental Financing - ALIDE","isPartOf":{"@id":"https:\/\/www.alide.org.pe\/#website"},"datePublished":"2018-04-23T19:56:51+00:00","breadcrumb":{"@id":"https:\/\/www.alide.org.pe\/en\/comites-tecnicos\/financiamiento-ambiental-2\/#breadcrumb"},"inLanguage":"en-US","potentialAction":[{"@type":"ReadAction","target":["https:\/\/www.alide.org.pe\/en\/comites-tecnicos\/financiamiento-ambiental-2\/"]}]},{"@type":"BreadcrumbList","@id":"https:\/\/www.alide.org.pe\/en\/comites-tecnicos\/financiamiento-ambiental-2\/#breadcrumb","itemListElement":[{"@type":"ListItem","position":1,"name":"Portada","item":"https:\/\/www.alide.org.pe\/en\/"},{"@type":"ListItem","position":2,"name":"Technical Committee","item":"https:\/\/www.alide.org.pe\/en\/comites-tecnicos\/"},{"@type":"ListItem","position":3,"name":"Environmental Financing"}]},{"@type":"WebSite","@id":"https:\/\/www.alide.org.pe\/#website","url":"https:\/\/www.alide.org.pe\/","name":"ALIDE","description":"Asociaci\u00f3n Latinoamericana de Instituciones Financieras para el Desarrollo","potentialAction":[{"@type":"SearchAction","target":{"@type":"EntryPoint","urlTemplate":"https:\/\/www.alide.org.pe\/?s={search_term_string}"},"query-input":{"@type":"PropertyValueSpecification","valueRequired":true,"valueName":"search_term_string"}}],"inLanguage":"en-US"}]}},"uagb_featured_image_src":{"full":false,"thumbnail":false,"medium":false,"medium_large":false,"large":false,"1536x1536":false,"2048x2048":false,"post-thumbnail":false,"50x50":false,"clients-slider":false,"slider-content":false,"testimonials":false,"blog-navi":false,"portfolio-mf":false,"portfolio-mf-w":false,"portfolio-mf-t":false,"portfolio-list":false,"blog-portfolio":false,"blog-single":false},"uagb_author_info":{"display_name":"","author_link":"https:\/\/www.alide.org.pe\/en\/author\/"},"uagb_comment_info":0,"uagb_excerpt":"[vc_row 0=&#8221;&#8221;][vc_column 0=&#8221;&#8221;][vc_tta_tabs alignment=&#8221;center&#8221; active_section=&#8221;1&#8243;][vc_tta_section title=&#8221;Technical Committee&#8221; tab_id=&#8221;1500312962074-f958b77c-315d&#8221;][vc_custom_heading source=&#8221;post_title&#8221; font_container=&#8221;tag:h2|font_size:30px|text_align:left|color:%23013c7b&#8221; use_theme_fonts=&#8221;yes&#8221;][vc_row_inner equal_height=&#8221;yes&#8221; content_placement=&#8221;top&#8221;][vc_column_inner width=&#8221;1\/3&#8243;][vc_single_image image=&#8221;579&#8243; img_size=&#8221;full&#8221;][\/vc_column_inner][vc_column_inner width=&#8221;2\/3&#8243;][vc_column_text 0=&#8221;&#8221;]The Technical Committee of ALIDE for Environmental Financing focuses [\u2026]","_links":{"self":[{"href":"https:\/\/www.alide.org.pe\/en\/wp-json\/wp\/v2\/pages\/3030","targetHints":{"allow":["GET"]}}],"collection":[{"href":"https:\/\/www.alide.org.pe\/en\/wp-json\/wp\/v2\/pages"}],"about":[{"href":"https:\/\/www.alide.org.pe\/en\/wp-json\/wp\/v2\/types\/page"}],"author":[{"embeddable":true,"href":"https:\/\/www.alide.org.pe\/en\/wp-json\/wp\/v2\/users\/2"}],"replies":[{"embeddable":true,"href":"https:\/\/www.alide.org.pe\/en\/wp-json\/wp\/v2\/comments?post=3030"}],"version-history":[{"count":2,"href":"https:\/\/www.alide.org.pe\/en\/wp-json\/wp\/v2\/pages\/3030\/revisions"}],"predecessor-version":[{"id":3886,"href":"https:\/\/www.alide.org.pe\/en\/wp-json\/wp\/v2\/pages\/3030\/revisions\/3886"}],"up":[{"embeddable":true,"href":"https:\/\/www.alide.org.pe\/en\/wp-json\/wp\/v2\/pages\/2492"}],"wp:attachment":[{"href":"https:\/\/www.alide.org.pe\/en\/wp-json\/wp\/v2\/media?parent=3030"}],"curies":[{"name":"wp","href":"https:\/\/api.w.org\/{rel}","templated":true}]}}