{"id":28010,"date":"2024-04-15T21:04:26","date_gmt":"2024-04-15T21:04:26","guid":{"rendered":"https:\/\/www.alide.org.pe\/?page_id=28010"},"modified":"2024-06-19T23:54:20","modified_gmt":"2024-06-19T23:54:20","slug":"alide-annual-meeting-fortaleza-2024","status":"publish","type":"page","link":"https:\/\/www.alide.org.pe\/en\/alide-annual-meeting-fortaleza-2024\/","title":{"rendered":"ALIDE Annual Meeting \u2013 FORTALEZA 2024"},"content":{"rendered":"<div class=\"wpb-content-wrapper\"><p>[vc_row 0=&#8221;&#8221;][vc_column 0=&#8221;&#8221;][vc_empty_space 0=&#8221;&#8221;][\/vc_column][\/vc_row][vc_row 0=&#8221;&#8221;][vc_column parallax=&#8221;content-moving&#8221; width=&#8221;1\/6&#8243;][\/vc_column][vc_column width=&#8221;2\/3&#8243;][vc_column_text]<\/p>\n<h2 style=\"text-align: center;\"><span style=\"color: #a41d2b;\"><b>54 Meeting of the General Assembly of ALIDE \u2013 Fortaleza 2024 <\/b><\/span><\/h2>\n<p>[\/vc_column_text][vc_empty_space height=&#8221;3px&#8221;][vc_video link=&#8221;https:\/\/youtu.be\/F-QgxGF8mFc&#8221; css=&#8221;.vc_custom_1713214798200{margin-bottom: -5px !important;border-bottom-width: -5px !important;}&#8221;][vc_column_text]<span class=\"\"><strong>The Latin American Association of Development Financial Institutions<\/strong> and <strong>Banco do Nordeste do Brasil (BNB)<\/strong> are pleased to invite you to the <strong>ALIDE Annual Meeting \u2013 FORTALEZA 2024<\/strong>, which will be held at the headquarters of Banco Nordeste, in its President Get\u00falio Vargas Administrative Center. , Av. Dr. Silas Munguba 5700-Passar\u00e9, in Fortaleza, State of Cear\u00e1, Brazil, from May 15 to 17, 2024.<\/span><\/p>\n<p>A complex environment of risks that derive from the global economic situation and tend towards chronic instability in the region with an impact on the worsening of poverty and social inequalities; make it important to consider\u00a0<strong>\u201cDevelopment finance in the face of current global challenges\u201d<\/strong> as the central theme of the meeting.<\/p>\n<p>The LAC Development Banking Summit will address issues that will allow us to move towards a higher stage of sustainable finance in the region, in line with the needs to finance the SDGs at a broad level, moving towards the financing of productive transformation focused on stimulating sustainable production and consumption, complemented by effective action to promote impact investment that will lead us to advance in the achievement of the social SDGs.[\/vc_column_text][\/vc_column][\/vc_row][vc_row 0=&#8221;&#8221;][vc_column parallax=&#8221;content-moving&#8221; width=&#8221;1\/5&#8243;][\/vc_column][vc_column width=&#8221;1\/5&#8243;]<div class=\"icon_box icon_position_top no_border\"><a class=\"\" href=\"https:\/\/asambleaalide.org\/Asambleas\/alide54\/\"  ><div class=\"image_wrapper\"><img loading=\"lazy\" decoding=\"async\" src=\"https:\/\/www.alide.org.pe\/wp-content\/uploads\/2024\/04\/Web-BNB-1.png\" class=\"scale-with-grid\" alt=\"Web BNB\" width=\"400\" height=\"400\"\/><\/div><div class=\"desc_wrapper\"><h4 class=\"title\">Web<\/h4><div class=\"desc\">Learn more about the event <\/div><\/div><\/a><\/div>\n[\/vc_column][vc_column width=&#8221;1\/5&#8243;]<div class=\"icon_box icon_position_top no_border\"><a class=\"\" href=\"https:\/\/www.alide.org.pe\/en\/54th-alide-general-assembly\/\"  ><div class=\"image_wrapper\"><img loading=\"lazy\" decoding=\"async\" src=\"https:\/\/www.alide.org.pe\/wp-content\/uploads\/2024\/04\/Agenda-BNB-1.png\" class=\"scale-with-grid\" alt=\"Agenda BNB\" width=\"400\" height=\"400\"\/><\/div><div class=\"desc_wrapper\"><h4 class=\"title\">Activities<\/h4><div class=\"desc\">How the event unfolded<\/div><\/div><\/a><\/div>\n[\/vc_column][vc_column width=&#8221;1\/5&#8243;]<div class=\"icon_box icon_position_top no_border\"><a class=\"\" href=\"https:\/\/www.youtube.com\/watch?v=RJXpofRu4Z0&amp;list=PL36cgteJBoaHuWDE8wXnTYWAotqmSy7Hn\"  ><div class=\"image_wrapper\"><img loading=\"lazy\" decoding=\"async\" src=\"https:\/\/www.alide.org.pe\/wp-content\/uploads\/2024\/06\/Diseno-sin-titulo-1.png\" class=\"scale-with-grid\" alt=\"Dise\u00f1o sin t\u00edtulo (1)\" width=\"1080\" height=\"1080\"\/><\/div><div class=\"desc_wrapper\"><h4 class=\"title\">Videos<\/h4><div class=\"desc\">Relive the event<\/div><\/div><\/a><\/div>\n[\/vc_column][vc_column width=&#8221;1\/5&#8243;][\/vc_column][\/vc_row][vc_row][vc_column width=&#8221;1\/6&#8243;][\/vc_column][vc_column width=&#8221;2\/3&#8243;][vc_single_image image=&#8221;28361&#8243; img_size=&#8221;large&#8221; alignment=&#8221;center&#8221; css=&#8221;.vc_custom_1716358003438{margin-bottom: -5px !important;border-top-width: -10px !important;border-bottom-width: -10px !important;}&#8221;][vc_empty_space height=&#8221;15px&#8221;][\/vc_column][vc_column width=&#8221;1\/6&#8243;][\/vc_column][\/vc_row]<\/p>\n<\/div>","protected":false},"excerpt":{"rendered":"<p>[vc_row 0=&#8221;&#8221;][vc_column 0=&#8221;&#8221;][vc_empty_space 0=&#8221;&#8221;][\/vc_column][\/vc_row][vc_row 0=&#8221;&#8221;][vc_column parallax=&#8221;content-moving&#8221; width=&#8221;1\/6&#8243;][\/vc_column][vc_column width=&#8221;2\/3&#8243;][vc_column_text] 54 Meeting of the General Assembly of ALIDE \u2013 Fortaleza 2024 [\/vc_column_text][vc_empty_space height=&#8221;3px&#8221;][vc_video link=&#8221;https:\/\/youtu.be\/F-QgxGF8mFc&#8221; css=&#8221;.vc_custom_1713214798200{margin-bottom: -5px !important;border-bottom-width: -5px<span class=\"excerpt-hellip\"> [\u2026]<\/span><\/p>\n","protected":false},"author":11,"featured_media":0,"parent":0,"menu_order":0,"comment_status":"closed","ping_status":"closed","template":"","meta":{"_uag_custom_page_level_css":"","footnotes":""},"class_list":["post-28010","page","type-page","status-publish","hentry"],"yoast_head":"<!-- This site is optimized with the Yoast SEO plugin v26.1.1 - https:\/\/yoast.com\/wordpress\/plugins\/seo\/ -->\n<title>ALIDE Annual Meeting \u2013 FORTALEZA 2024 - ALIDE<\/title>\n<meta name=\"robots\" content=\"index, follow, max-snippet:-1, max-image-preview:large, max-video-preview:-1\" \/>\n<link rel=\"canonical\" href=\"https:\/\/www.alide.org.pe\/en\/alide-annual-meeting-fortaleza-2024\/\" \/>\n<meta property=\"og:locale\" content=\"en_US\" \/>\n<meta property=\"og:type\" content=\"article\" \/>\n<meta property=\"og:title\" content=\"ALIDE Annual Meeting \u2013 FORTALEZA 2024 - ALIDE\" \/>\n<meta property=\"og:description\" content=\"[vc_row 0=&#8221;&#8221;][vc_column 0=&#8221;&#8221;][vc_empty_space 0=&#8221;&#8221;][\/vc_column][\/vc_row][vc_row 0=&#8221;&#8221;][vc_column parallax=&#8221;content-moving&#8221; width=&#8221;1\/6&#8243;][\/vc_column][vc_column width=&#8221;2\/3&#8243;][vc_column_text] 54 Meeting of the General Assembly of ALIDE \u2013 Fortaleza 2024 [\/vc_column_text][vc_empty_space height=&#8221;3px&#8221;][vc_video link=&#8221;https:\/\/youtu.be\/F-QgxGF8mFc&#8221; css=&#8221;.vc_custom_1713214798200{margin-bottom: -5px !important;border-bottom-width: -5px [\u2026]\" \/>\n<meta property=\"og:url\" content=\"https:\/\/www.alide.org.pe\/en\/alide-annual-meeting-fortaleza-2024\/\" \/>\n<meta property=\"og:site_name\" content=\"ALIDE\" \/>\n<meta property=\"article:publisher\" content=\"https:\/\/www.facebook.com\/alideoficial\/\" \/>\n<meta property=\"article:modified_time\" content=\"2024-06-19T23:54:20+00:00\" \/>\n<meta name=\"twitter:card\" content=\"summary_large_image\" \/>\n<meta name=\"twitter:site\" content=\"@_ALIDE_\" \/>\n<meta name=\"twitter:label1\" content=\"Est. reading time\" \/>\n\t<meta name=\"twitter:data1\" content=\"2 minutes\" \/>\n<script type=\"application\/ld+json\" class=\"yoast-schema-graph\">{\"@context\":\"https:\/\/schema.org\",\"@graph\":[{\"@type\":\"WebPage\",\"@id\":\"https:\/\/www.alide.org.pe\/en\/alide-annual-meeting-fortaleza-2024\/\",\"url\":\"https:\/\/www.alide.org.pe\/en\/alide-annual-meeting-fortaleza-2024\/\",\"name\":\"ALIDE Annual Meeting \u2013 FORTALEZA 2024 - ALIDE\",\"isPartOf\":{\"@id\":\"https:\/\/www.alide.org.pe\/#website\"},\"datePublished\":\"2024-04-15T21:04:26+00:00\",\"dateModified\":\"2024-06-19T23:54:20+00:00\",\"breadcrumb\":{\"@id\":\"https:\/\/www.alide.org.pe\/en\/alide-annual-meeting-fortaleza-2024\/#breadcrumb\"},\"inLanguage\":\"en-US\",\"potentialAction\":[{\"@type\":\"ReadAction\",\"target\":[\"https:\/\/www.alide.org.pe\/en\/alide-annual-meeting-fortaleza-2024\/\"]}]},{\"@type\":\"BreadcrumbList\",\"@id\":\"https:\/\/www.alide.org.pe\/en\/alide-annual-meeting-fortaleza-2024\/#breadcrumb\",\"itemListElement\":[{\"@type\":\"ListItem\",\"position\":1,\"name\":\"Portada\",\"item\":\"https:\/\/www.alide.org.pe\/en\/\"},{\"@type\":\"ListItem\",\"position\":2,\"name\":\"ALIDE Annual Meeting \u2013 FORTALEZA 2024\"}]},{\"@type\":\"WebSite\",\"@id\":\"https:\/\/www.alide.org.pe\/#website\",\"url\":\"https:\/\/www.alide.org.pe\/\",\"name\":\"ALIDE\",\"description\":\"Asociaci\u00f3n Latinoamericana de Instituciones Financieras para el Desarrollo\",\"potentialAction\":[{\"@type\":\"SearchAction\",\"target\":{\"@type\":\"EntryPoint\",\"urlTemplate\":\"https:\/\/www.alide.org.pe\/?s={search_term_string}\"},\"query-input\":{\"@type\":\"PropertyValueSpecification\",\"valueRequired\":true,\"valueName\":\"search_term_string\"}}],\"inLanguage\":\"en-US\"}]}<\/script>\n<!-- \/ Yoast SEO plugin. -->","yoast_head_json":{"title":"ALIDE Annual Meeting \u2013 FORTALEZA 2024 - ALIDE","robots":{"index":"index","follow":"follow","max-snippet":"max-snippet:-1","max-image-preview":"max-image-preview:large","max-video-preview":"max-video-preview:-1"},"canonical":"https:\/\/www.alide.org.pe\/en\/alide-annual-meeting-fortaleza-2024\/","og_locale":"en_US","og_type":"article","og_title":"ALIDE Annual Meeting \u2013 FORTALEZA 2024 - ALIDE","og_description":"[vc_row 0=&#8221;&#8221;][vc_column 0=&#8221;&#8221;][vc_empty_space 0=&#8221;&#8221;][\/vc_column][\/vc_row][vc_row 0=&#8221;&#8221;][vc_column parallax=&#8221;content-moving&#8221; width=&#8221;1\/6&#8243;][\/vc_column][vc_column width=&#8221;2\/3&#8243;][vc_column_text] 54 Meeting of the General Assembly of ALIDE \u2013 Fortaleza 2024 [\/vc_column_text][vc_empty_space height=&#8221;3px&#8221;][vc_video link=&#8221;https:\/\/youtu.be\/F-QgxGF8mFc&#8221; css=&#8221;.vc_custom_1713214798200{margin-bottom: -5px !important;border-bottom-width: -5px [\u2026]","og_url":"https:\/\/www.alide.org.pe\/en\/alide-annual-meeting-fortaleza-2024\/","og_site_name":"ALIDE","article_publisher":"https:\/\/www.facebook.com\/alideoficial\/","article_modified_time":"2024-06-19T23:54:20+00:00","twitter_card":"summary_large_image","twitter_site":"@_ALIDE_","twitter_misc":{"Est. reading time":"2 minutes"},"schema":{"@context":"https:\/\/schema.org","@graph":[{"@type":"WebPage","@id":"https:\/\/www.alide.org.pe\/en\/alide-annual-meeting-fortaleza-2024\/","url":"https:\/\/www.alide.org.pe\/en\/alide-annual-meeting-fortaleza-2024\/","name":"ALIDE Annual Meeting \u2013 FORTALEZA 2024 - ALIDE","isPartOf":{"@id":"https:\/\/www.alide.org.pe\/#website"},"datePublished":"2024-04-15T21:04:26+00:00","dateModified":"2024-06-19T23:54:20+00:00","breadcrumb":{"@id":"https:\/\/www.alide.org.pe\/en\/alide-annual-meeting-fortaleza-2024\/#breadcrumb"},"inLanguage":"en-US","potentialAction":[{"@type":"ReadAction","target":["https:\/\/www.alide.org.pe\/en\/alide-annual-meeting-fortaleza-2024\/"]}]},{"@type":"BreadcrumbList","@id":"https:\/\/www.alide.org.pe\/en\/alide-annual-meeting-fortaleza-2024\/#breadcrumb","itemListElement":[{"@type":"ListItem","position":1,"name":"Portada","item":"https:\/\/www.alide.org.pe\/en\/"},{"@type":"ListItem","position":2,"name":"ALIDE Annual Meeting \u2013 FORTALEZA 2024"}]},{"@type":"WebSite","@id":"https:\/\/www.alide.org.pe\/#website","url":"https:\/\/www.alide.org.pe\/","name":"ALIDE","description":"Asociaci\u00f3n Latinoamericana de Instituciones Financieras para el Desarrollo","potentialAction":[{"@type":"SearchAction","target":{"@type":"EntryPoint","urlTemplate":"https:\/\/www.alide.org.pe\/?s={search_term_string}"},"query-input":{"@type":"PropertyValueSpecification","valueRequired":true,"valueName":"search_term_string"}}],"inLanguage":"en-US"}]}},"uagb_featured_image_src":{"full":false,"thumbnail":false,"medium":false,"medium_large":false,"large":false,"1536x1536":false,"2048x2048":false,"post-thumbnail":false,"50x50":false,"clients-slider":false,"slider-content":false,"testimonials":false,"blog-navi":false,"portfolio-mf":false,"portfolio-mf-w":false,"portfolio-mf-t":false,"portfolio-list":false,"blog-portfolio":false,"blog-single":false},"uagb_author_info":{"display_name":"Giselle","author_link":"https:\/\/www.alide.org.pe\/en\/author\/katherine\/"},"uagb_comment_info":0,"uagb_excerpt":"[vc_row 0=&#8221;&#8221;][vc_column 0=&#8221;&#8221;][vc_empty_space 0=&#8221;&#8221;][\/vc_column][\/vc_row][vc_row 0=&#8221;&#8221;][vc_column parallax=&#8221;content-moving&#8221; width=&#8221;1\/6&#8243;][\/vc_column][vc_column width=&#8221;2\/3&#8243;][vc_column_text] 54 Meeting of the General Assembly of ALIDE \u2013 Fortaleza 2024 [\/vc_column_text][vc_empty_space height=&#8221;3px&#8221;][vc_video link=&#8221;https:\/\/youtu.be\/F-QgxGF8mFc&#8221; css=&#8221;.vc_custom_1713214798200{margin-bottom: -5px !important;border-bottom-width: -5px [\u2026]","_links":{"self":[{"href":"https:\/\/www.alide.org.pe\/en\/wp-json\/wp\/v2\/pages\/28010","targetHints":{"allow":["GET"]}}],"collection":[{"href":"https:\/\/www.alide.org.pe\/en\/wp-json\/wp\/v2\/pages"}],"about":[{"href":"https:\/\/www.alide.org.pe\/en\/wp-json\/wp\/v2\/types\/page"}],"author":[{"embeddable":true,"href":"https:\/\/www.alide.org.pe\/en\/wp-json\/wp\/v2\/users\/11"}],"replies":[{"embeddable":true,"href":"https:\/\/www.alide.org.pe\/en\/wp-json\/wp\/v2\/comments?post=28010"}],"version-history":[{"count":8,"href":"https:\/\/www.alide.org.pe\/en\/wp-json\/wp\/v2\/pages\/28010\/revisions"}],"predecessor-version":[{"id":28901,"href":"https:\/\/www.alide.org.pe\/en\/wp-json\/wp\/v2\/pages\/28010\/revisions\/28901"}],"wp:attachment":[{"href":"https:\/\/www.alide.org.pe\/en\/wp-json\/wp\/v2\/media?parent=28010"}],"curies":[{"name":"wp","href":"https:\/\/api.w.org\/{rel}","templated":true}]}}