{"id":26427,"date":"2023-07-03T17:41:20","date_gmt":"2023-07-03T17:41:20","guid":{"rendered":"https:\/\/www.alide.org.pe\/?page_id=26427"},"modified":"2023-07-03T17:41:20","modified_gmt":"2023-07-03T17:41:20","slug":"the-alide-2023-awards-were-given-in-san-pedro-sula","status":"publish","type":"page","link":"https:\/\/www.alide.org.pe\/en\/the-alide-2023-awards-were-given-in-san-pedro-sula\/","title":{"rendered":"The ALIDE 2023 Awards were given in San Pedro Sula"},"content":{"rendered":"<div class=\"wpb-content-wrapper\"><p>[vc_row 0=&#8221;&#8221;][vc_column 0=&#8221;&#8221;][vc_empty_space 0=&#8221;&#8221; height=&#8221;10px&#8221;][\/vc_column][\/vc_row][vc_row 0=&#8221;&#8221;][vc_column parallax=&#8221;content-moving&#8221; width=&#8221;1\/6&#8243;][\/vc_column][vc_column width=&#8221;2\/3&#8243;][vc_images_carousel images=&#8221;25753,25771,25767,25765,25763,25761,25769,25759,25757&#8243; img_size=&#8221;full&#8221; css=&#8221;.vc_custom_1685693093321{margin-bottom: -5px !important;}&#8221;][vc_custom_heading 1=&#8221;Latinoamericana&#8221; 2=&#8221;sobre&#8221; 3=&#8221;Financiamiento&#8221; 4=&#8221;e&#8221; 5=&#8221;Impulso&#8221; 6=&#8221;de&#8221; 7=&#8221;los&#8221; 8=&#8221;Negocios&#8221; 9=&#8221;e&#8221; 10=&#8221;Inversiones&#8221; 11=&#8221;Internacionales&#8220;&#8221; text=&#8221;The ALIDE 2023 Awards were given in San Pedro Sula&#8221; font_container=&#8221;tag:h3|text_align:center|color:%23013c7b&#8221; google_fonts=&#8221;font_family:Open%20Sans%3A300%2C300italic%2Cregular%2Citalic%2C600%2C600italic%2C700%2C700italic%2C800%2C800italic|font_style:700%20bold%20regular%3A700%3Anormal&#8221; css=&#8221;.vc_custom_1688405905100{margin-bottom: 20px !important;border-top-width: -5px !important;border-bottom-width: 25px !important;}&#8221;][vc_column_text 0=&#8221;&#8221; css=&#8221;.vc_custom_1688405917028{margin-top: 10px !important;margin-bottom: -5px !important;border-top-width: 25px !important;border-bottom-width: 5px !important;padding-bottom: 28px !important;}&#8221;]<\/p>\n<ul>\n<li><em>Banco Do Nordeste was recognized as Bank of the Year for its achievements, commitments and its role during the COVID-19 crisis.<\/em><\/li>\n<\/ul>\n<hr \/>\n<p>[\/vc_column_text][vc_column_text 0=&#8221;&#8221;]<span style=\"color: #009de5;\"><strong>June 1, 2023- <\/strong><\/span>During the 53<sup>rd<\/sup> General Assembly of the<a href=\"https:\/\/www.alide.org.pe\/\"> Latin American Association of Development Financing Institutions (ALIDE)<\/a>, held in San Pedro Sula, Honduras with the support of Banco Hondure\u00f1o para la Producci\u00f3n y la Vivienda (BANHPROVI), the ALIDE 2023 Awards took place, a contest that recognizes and promotes innovation and good practices among development finance institutions.<\/p>\n<p>The award in the Financial Products category was given to <a href=\"https:\/\/www.fira.gob.mx\/\">Fideicomisos Instituidos en Relaci\u00f3n con la Agricultura (FIRA)<\/a>\u00a0with the \u201cSupplier Development Program (SDP).\u201d<\/p>\n<p>As for the Management and Technological Modernization category, the winners were two institutions: <a href=\"https:\/\/www.bancopopular.fi.cr\/\">Banco Popular<\/a>\u00a0with the \u201cBP Connection\u201d tool, and\u00a0<a href=\"https:\/\/www.findeter.gov.co\/\">Financiera de Desarrollo Territorial S.A. (FINDETER)<\/a>\u00a0with the \u201c<em>Vende Digital<\/em> (Sell Digital)\u201d program<strong>.<\/strong><\/p>\n<p>For its part, Colombia was the winner in the Information, Technical Assistance and Social Responsibility category. <a href=\"https:\/\/www.infivalle.gov.co\/\">Infivalle<\/a> received an award for the \u201cGeneration of Productive Alternatives for the Rural Population\u201d program.<\/p>\n<p>The ALIDE Extra-regional Banks award was given to two Spanish institutions:\u00a0\u201cHuruma Fund\u201d of\u00a0<a href=\"https:\/\/www.cofides.es\/\">Compa\u00f1\u00eda Espa\u00f1ola de Financiaci\u00f3n del Desarrollo (COFIDES)<\/a>, and\u00a0\u201cICO International Channel Line\u201d presented by <a href=\"https:\/\/www.ico.es\/\">Instituto de Cr\u00e9dito Oficial (ICO)<\/a>.<\/p>\n<p>Regarding the ALIDE Green category, the \u201cSpecial Line of Credit &#8211; MEBA\u201d project of\u00a0<a href=\"https:\/\/www.bancoldex.com\/\">Banc\u00f3ldex<\/a>, and \u201cGreen Award Program &#8211; BDE\u201d of\u00a0<a href=\"https:\/\/bde.fin.ec\/\">Banco de Desarrollo del Ecuador B.P. (BDE)<\/a> received awards.<\/p>\n<p>In the special category Support for Women Entrepreneurs, the winners were \u201cLinha de financiamento Empreendedoras de Minas\u201d of <a href=\"https:\/\/www.bdmg.mg.gov.br\/\">Banco de Desenvolvimento de Minas Gerais S.A. (BDMG)<\/a>\u00a0and \u201cEmpowered Business Loans (EBL)\u201d of <a href=\"https:\/\/www.dfcbelize.org\/\">Development Finance Corporation<\/a>\u00a0of Belize.<\/p>\n<p>During the call for entries for the Awards, more than 25 innovative products, services and programs that generate a positive impact on society were presented. Since 2008, the objective has been to recognize and highlight the best practices in the field of Development Banking, in addition to valuing the important role that institutions play in the economic and social progress of their respective countries.[\/vc_column_text][vc_images_carousel images=&#8221;25755,25773&#8243; img_size=&#8221;full&#8221; css=&#8221;.vc_custom_1685693154485{margin-bottom: -5px !important;}&#8221;][vc_column_text 0=&#8221;&#8221;]<\/p>\n<h4><span style=\"color: #009de5;\"><b>Outstanding member of ALIDE<\/b><\/span><\/h4>\n<p>The Bank of the Year award was given to\u00a0<a href=\"https:\/\/www.bdmg.mg.gov.br\/\">Banco de Nordeste de Brasil<\/a>. Among the main factors to distinguish this institution, its presence in 1985 Brazilian municipalities, its commitment to gender equality and sustainable development, and its role during the COVID-19 crisis were considered.[\/vc_column_text][\/vc_column][\/vc_row][vc_row 0=&#8221;&#8221;][vc_column parallax=&#8221;content-moving&#8221; width=&#8221;1\/6&#8243;][\/vc_column][vc_column width=&#8221;2\/3&#8243;][vc_column_text 0=&#8221;&#8221;]<\/p>\n<h3><strong><span style=\"color: #009de5;\">About ALIDE<\/span><\/strong><\/h3>\n<p><span style=\"color: #333333;\">ALIDE is the community of financial institutions that produce banking solutions for Latin American and Caribbean development. Founded in 1968, its main purpose is to contribute to the region\u2019s economic and social development by promoting the use of good development finance practices among its members. It is comprised of more than 80 member institutions operating in over 20 countries of Latin America and other regions of the world.<\/span><\/p>\n<p>&nbsp;<\/p>\n<h3><strong><span style=\"color: #009de5;\">Contact<\/span><\/strong><\/h3>\n<p><strong><span style=\"color: #333333;\">Communnication Unit of ALIDE<\/span><\/strong><br \/>\n<span style=\"color: #333333;\">Phone: +511-203-5520 |: Ext: 227<\/span><br \/>\n<a href=\"mailto:comunicaciones@alide.org\">comunicaciones@alide.org<\/a>,\u00a0<a href=\"mailto:comunicaciones2@alide.org\">comunicaciones2@alide.org<\/a><br \/>\n<a href=\"http:\/\/www.alide.org\/\">www.alide.org<\/a>[\/vc_column_text][\/vc_column][\/vc_row][vc_row][vc_column][\/vc_column][\/vc_row]<\/p>\n<\/div>","protected":false},"excerpt":{"rendered":"<p>[vc_row 0=&#8221;&#8221;][vc_column 0=&#8221;&#8221;][vc_empty_space 0=&#8221;&#8221; height=&#8221;10px&#8221;][\/vc_column][\/vc_row][vc_row 0=&#8221;&#8221;][vc_column parallax=&#8221;content-moving&#8221; width=&#8221;1\/6&#8243;][\/vc_column][vc_column width=&#8221;2\/3&#8243;][vc_images_carousel images=&#8221;25753,25771,25767,25765,25763,25761,25769,25759,25757&#8243; img_size=&#8221;full&#8221; css=&#8221;.vc_custom_1685693093321{margin-bottom: -5px !important;}&#8221;][vc_custom_heading 1=&#8221;Latinoamericana&#8221; 2=&#8221;sobre&#8221; 3=&#8221;Financiamiento&#8221; 4=&#8221;e&#8221; 5=&#8221;Impulso&#8221; 6=&#8221;de&#8221; 7=&#8221;los&#8221; 8=&#8221;Negocios&#8221; 9=&#8221;e&#8221; 10=&#8221;Inversiones&#8221; 11=&#8221;Internacionales&#8220;&#8221; text=&#8221;The<span class=\"excerpt-hellip\"> [\u2026]<\/span><\/p>\n","protected":false},"author":3,"featured_media":0,"parent":0,"menu_order":0,"comment_status":"closed","ping_status":"closed","template":"","meta":{"_uag_custom_page_level_css":"","footnotes":""},"class_list":["post-26427","page","type-page","status-publish","hentry"],"yoast_head":"<!-- This site is optimized with the Yoast SEO plugin v26.1.1 - https:\/\/yoast.com\/wordpress\/plugins\/seo\/ -->\n<title>The ALIDE 2023 Awards were given in San Pedro Sula - ALIDE<\/title>\n<meta name=\"robots\" content=\"index, follow, max-snippet:-1, max-image-preview:large, max-video-preview:-1\" \/>\n<link rel=\"canonical\" href=\"https:\/\/www.alide.org.pe\/en\/the-alide-2023-awards-were-given-in-san-pedro-sula\/\" \/>\n<meta property=\"og:locale\" content=\"en_US\" \/>\n<meta property=\"og:type\" content=\"article\" \/>\n<meta property=\"og:title\" content=\"The ALIDE 2023 Awards were given in San Pedro Sula - ALIDE\" \/>\n<meta property=\"og:description\" content=\"[vc_row 0=&#8221;&#8221;][vc_column 0=&#8221;&#8221;][vc_empty_space 0=&#8221;&#8221; height=&#8221;10px&#8221;][\/vc_column][\/vc_row][vc_row 0=&#8221;&#8221;][vc_column parallax=&#8221;content-moving&#8221; width=&#8221;1\/6&#8243;][\/vc_column][vc_column width=&#8221;2\/3&#8243;][vc_images_carousel images=&#8221;25753,25771,25767,25765,25763,25761,25769,25759,25757&#8243; img_size=&#8221;full&#8221; css=&#8221;.vc_custom_1685693093321{margin-bottom: -5px !important;}&#8221;][vc_custom_heading 1=&#8221;Latinoamericana&#8221; 2=&#8221;sobre&#8221; 3=&#8221;Financiamiento&#8221; 4=&#8221;e&#8221; 5=&#8221;Impulso&#8221; 6=&#8221;de&#8221; 7=&#8221;los&#8221; 8=&#8221;Negocios&#8221; 9=&#8221;e&#8221; 10=&#8221;Inversiones&#8221; 11=&#8221;Internacionales&#8220;&#8221; text=&#8221;The [\u2026]\" \/>\n<meta property=\"og:url\" content=\"https:\/\/www.alide.org.pe\/en\/the-alide-2023-awards-were-given-in-san-pedro-sula\/\" \/>\n<meta property=\"og:site_name\" content=\"ALIDE\" \/>\n<meta property=\"article:publisher\" content=\"https:\/\/www.facebook.com\/alideoficial\/\" \/>\n<meta name=\"twitter:card\" content=\"summary_large_image\" \/>\n<meta name=\"twitter:site\" content=\"@_ALIDE_\" \/>\n<meta name=\"twitter:label1\" content=\"Est. reading time\" \/>\n\t<meta name=\"twitter:data1\" content=\"3 minutes\" \/>\n<script type=\"application\/ld+json\" class=\"yoast-schema-graph\">{\"@context\":\"https:\/\/schema.org\",\"@graph\":[{\"@type\":\"WebPage\",\"@id\":\"https:\/\/www.alide.org.pe\/en\/the-alide-2023-awards-were-given-in-san-pedro-sula\/\",\"url\":\"https:\/\/www.alide.org.pe\/en\/the-alide-2023-awards-were-given-in-san-pedro-sula\/\",\"name\":\"The ALIDE 2023 Awards were given in San Pedro Sula - ALIDE\",\"isPartOf\":{\"@id\":\"https:\/\/www.alide.org.pe\/#website\"},\"datePublished\":\"2023-07-03T17:41:20+00:00\",\"breadcrumb\":{\"@id\":\"https:\/\/www.alide.org.pe\/en\/the-alide-2023-awards-were-given-in-san-pedro-sula\/#breadcrumb\"},\"inLanguage\":\"en-US\",\"potentialAction\":[{\"@type\":\"ReadAction\",\"target\":[\"https:\/\/www.alide.org.pe\/en\/the-alide-2023-awards-were-given-in-san-pedro-sula\/\"]}]},{\"@type\":\"BreadcrumbList\",\"@id\":\"https:\/\/www.alide.org.pe\/en\/the-alide-2023-awards-were-given-in-san-pedro-sula\/#breadcrumb\",\"itemListElement\":[{\"@type\":\"ListItem\",\"position\":1,\"name\":\"Portada\",\"item\":\"https:\/\/www.alide.org.pe\/en\/7-2-2-2-2-2\/\"},{\"@type\":\"ListItem\",\"position\":2,\"name\":\"The ALIDE 2023 Awards were given in San Pedro Sula\"}]},{\"@type\":\"WebSite\",\"@id\":\"https:\/\/www.alide.org.pe\/#website\",\"url\":\"https:\/\/www.alide.org.pe\/\",\"name\":\"ALIDE\",\"description\":\"Asociaci\u00f3n Latinoamericana de Instituciones Financieras para el Desarrollo\",\"potentialAction\":[{\"@type\":\"SearchAction\",\"target\":{\"@type\":\"EntryPoint\",\"urlTemplate\":\"https:\/\/www.alide.org.pe\/?s={search_term_string}\"},\"query-input\":{\"@type\":\"PropertyValueSpecification\",\"valueRequired\":true,\"valueName\":\"search_term_string\"}}],\"inLanguage\":\"en-US\"}]}<\/script>\n<!-- \/ Yoast SEO plugin. -->","yoast_head_json":{"title":"The ALIDE 2023 Awards were given in San Pedro Sula - ALIDE","robots":{"index":"index","follow":"follow","max-snippet":"max-snippet:-1","max-image-preview":"max-image-preview:large","max-video-preview":"max-video-preview:-1"},"canonical":"https:\/\/www.alide.org.pe\/en\/the-alide-2023-awards-were-given-in-san-pedro-sula\/","og_locale":"en_US","og_type":"article","og_title":"The ALIDE 2023 Awards were given in San Pedro Sula - ALIDE","og_description":"[vc_row 0=&#8221;&#8221;][vc_column 0=&#8221;&#8221;][vc_empty_space 0=&#8221;&#8221; height=&#8221;10px&#8221;][\/vc_column][\/vc_row][vc_row 0=&#8221;&#8221;][vc_column parallax=&#8221;content-moving&#8221; width=&#8221;1\/6&#8243;][\/vc_column][vc_column width=&#8221;2\/3&#8243;][vc_images_carousel images=&#8221;25753,25771,25767,25765,25763,25761,25769,25759,25757&#8243; img_size=&#8221;full&#8221; css=&#8221;.vc_custom_1685693093321{margin-bottom: -5px !important;}&#8221;][vc_custom_heading 1=&#8221;Latinoamericana&#8221; 2=&#8221;sobre&#8221; 3=&#8221;Financiamiento&#8221; 4=&#8221;e&#8221; 5=&#8221;Impulso&#8221; 6=&#8221;de&#8221; 7=&#8221;los&#8221; 8=&#8221;Negocios&#8221; 9=&#8221;e&#8221; 10=&#8221;Inversiones&#8221; 11=&#8221;Internacionales&#8220;&#8221; text=&#8221;The [\u2026]","og_url":"https:\/\/www.alide.org.pe\/en\/the-alide-2023-awards-were-given-in-san-pedro-sula\/","og_site_name":"ALIDE","article_publisher":"https:\/\/www.facebook.com\/alideoficial\/","twitter_card":"summary_large_image","twitter_site":"@_ALIDE_","twitter_misc":{"Est. reading time":"3 minutes"},"schema":{"@context":"https:\/\/schema.org","@graph":[{"@type":"WebPage","@id":"https:\/\/www.alide.org.pe\/en\/the-alide-2023-awards-were-given-in-san-pedro-sula\/","url":"https:\/\/www.alide.org.pe\/en\/the-alide-2023-awards-were-given-in-san-pedro-sula\/","name":"The ALIDE 2023 Awards were given in San Pedro Sula - ALIDE","isPartOf":{"@id":"https:\/\/www.alide.org.pe\/#website"},"datePublished":"2023-07-03T17:41:20+00:00","breadcrumb":{"@id":"https:\/\/www.alide.org.pe\/en\/the-alide-2023-awards-were-given-in-san-pedro-sula\/#breadcrumb"},"inLanguage":"en-US","potentialAction":[{"@type":"ReadAction","target":["https:\/\/www.alide.org.pe\/en\/the-alide-2023-awards-were-given-in-san-pedro-sula\/"]}]},{"@type":"BreadcrumbList","@id":"https:\/\/www.alide.org.pe\/en\/the-alide-2023-awards-were-given-in-san-pedro-sula\/#breadcrumb","itemListElement":[{"@type":"ListItem","position":1,"name":"Portada","item":"https:\/\/www.alide.org.pe\/en\/7-2-2-2-2-2\/"},{"@type":"ListItem","position":2,"name":"The ALIDE 2023 Awards were given in San Pedro Sula"}]},{"@type":"WebSite","@id":"https:\/\/www.alide.org.pe\/#website","url":"https:\/\/www.alide.org.pe\/","name":"ALIDE","description":"Asociaci\u00f3n Latinoamericana de Instituciones Financieras para el Desarrollo","potentialAction":[{"@type":"SearchAction","target":{"@type":"EntryPoint","urlTemplate":"https:\/\/www.alide.org.pe\/?s={search_term_string}"},"query-input":{"@type":"PropertyValueSpecification","valueRequired":true,"valueName":"search_term_string"}}],"inLanguage":"en-US"}]}},"uagb_featured_image_src":{"full":false,"thumbnail":false,"medium":false,"medium_large":false,"large":false,"1536x1536":false,"2048x2048":false,"post-thumbnail":false,"50x50":false,"clients-slider":false,"slider-content":false,"testimonials":false,"blog-navi":false,"portfolio-mf":false,"portfolio-mf-w":false,"portfolio-mf-t":false,"portfolio-list":false,"blog-portfolio":false,"blog-single":false},"uagb_author_info":{"display_name":"ALIDE","author_link":"https:\/\/www.alide.org.pe\/en\/author\/hanguk\/"},"uagb_comment_info":0,"uagb_excerpt":"[vc_row 0=&#8221;&#8221;][vc_column 0=&#8221;&#8221;][vc_empty_space 0=&#8221;&#8221; height=&#8221;10px&#8221;][\/vc_column][\/vc_row][vc_row 0=&#8221;&#8221;][vc_column parallax=&#8221;content-moving&#8221; width=&#8221;1\/6&#8243;][\/vc_column][vc_column width=&#8221;2\/3&#8243;][vc_images_carousel images=&#8221;25753,25771,25767,25765,25763,25761,25769,25759,25757&#8243; img_size=&#8221;full&#8221; css=&#8221;.vc_custom_1685693093321{margin-bottom: -5px !important;}&#8221;][vc_custom_heading 1=&#8221;Latinoamericana&#8221; 2=&#8221;sobre&#8221; 3=&#8221;Financiamiento&#8221; 4=&#8221;e&#8221; 5=&#8221;Impulso&#8221; 6=&#8221;de&#8221; 7=&#8221;los&#8221; 8=&#8221;Negocios&#8221; 9=&#8221;e&#8221; 10=&#8221;Inversiones&#8221; 11=&#8221;Internacionales&#8220;&#8221; text=&#8221;The [\u2026]","_links":{"self":[{"href":"https:\/\/www.alide.org.pe\/en\/wp-json\/wp\/v2\/pages\/26427","targetHints":{"allow":["GET"]}}],"collection":[{"href":"https:\/\/www.alide.org.pe\/en\/wp-json\/wp\/v2\/pages"}],"about":[{"href":"https:\/\/www.alide.org.pe\/en\/wp-json\/wp\/v2\/types\/page"}],"author":[{"embeddable":true,"href":"https:\/\/www.alide.org.pe\/en\/wp-json\/wp\/v2\/users\/3"}],"replies":[{"embeddable":true,"href":"https:\/\/www.alide.org.pe\/en\/wp-json\/wp\/v2\/comments?post=26427"}],"version-history":[{"count":1,"href":"https:\/\/www.alide.org.pe\/en\/wp-json\/wp\/v2\/pages\/26427\/revisions"}],"predecessor-version":[{"id":26429,"href":"https:\/\/www.alide.org.pe\/en\/wp-json\/wp\/v2\/pages\/26427\/revisions\/26429"}],"wp:attachment":[{"href":"https:\/\/www.alide.org.pe\/en\/wp-json\/wp\/v2\/media?parent=26427"}],"curies":[{"name":"wp","href":"https:\/\/api.w.org\/{rel}","templated":true}]}}