{"id":26423,"date":"2023-07-03T17:30:31","date_gmt":"2023-07-03T17:30:31","guid":{"rendered":"https:\/\/www.alide.org.pe\/?page_id=26423"},"modified":"2023-07-03T17:33:18","modified_gmt":"2023-07-03T17:33:18","slug":"in-honduras-everything-is-ready-for-the-53rd-alide-general-assembly","status":"publish","type":"page","link":"https:\/\/www.alide.org.pe\/en\/in-honduras-everything-is-ready-for-the-53rd-alide-general-assembly\/","title":{"rendered":"In Honduras, everything is ready for the 53rd ALIDE General Assembly"},"content":{"rendered":"<div class=\"wpb-content-wrapper\"><p>[vc_row 0=&#8221;&#8221;][vc_column 0=&#8221;&#8221;][vc_empty_space 0=&#8221;&#8221; height=&#8221;10px&#8221;][\/vc_column][\/vc_row][vc_row 0=&#8221;&#8221;][vc_column parallax=&#8221;content-moving&#8221; width=&#8221;1\/6&#8243;][\/vc_column][vc_column width=&#8221;2\/3&#8243;][vc_images_carousel images=&#8221;25678,25680,25682&#8243; img_size=&#8221;full&#8221; css=&#8221;.vc_custom_1685498162781{margin-bottom: -5px !important;}&#8221;][vc_custom_heading 1=&#8221;Latinoamericana&#8221; 2=&#8221;sobre&#8221; 3=&#8221;Financiamiento&#8221; 4=&#8221;e&#8221; 5=&#8221;Impulso&#8221; 6=&#8221;de&#8221; 7=&#8221;los&#8221; 8=&#8221;Negocios&#8221; 9=&#8221;e&#8221; 10=&#8221;Inversiones&#8221; 11=&#8221;Internacionales&#8220;&#8221; text=&#8221;In Honduras, everything is ready for the 53rd ALIDE General Assembly&#8221; font_container=&#8221;tag:h3|text_align:center|color:%23013c7b&#8221; google_fonts=&#8221;font_family:Open%20Sans%3A300%2C300italic%2Cregular%2Citalic%2C600%2C600italic%2C700%2C700italic%2C800%2C800italic|font_style:700%20bold%20regular%3A700%3Anormal&#8221; css=&#8221;.vc_custom_1688405092965{margin-bottom: 20px !important;border-top-width: -5px !important;border-bottom-width: 25px !important;}&#8221;][vc_column_text 0=&#8221;&#8221; css=&#8221;.vc_custom_1688405105962{margin-top: 10px !important;margin-bottom: -5px !important;border-top-width: 25px !important;border-bottom-width: 5px !important;padding-bottom: 28px !important;}&#8221;]<\/p>\n<ul>\n<li><em>Nearly 200 representatives of development banking from Latin America and the Caribbean will participate in person and virtually in the event<\/em><\/li>\n<\/ul>\n<hr \/>\n<p>[\/vc_column_text][vc_column_text 0=&#8221;&#8221;]<span style=\"color: #009de5;\"><strong>May 30, 2023- <\/strong><\/span>The\u00a0<a href=\"https:\/\/www.alide.org.pe\/alide\/\">Latin American Association of Development Financing Institutions (ALIDE)<\/a>\u00a0and <a href=\"https:\/\/banhprovi.gob.hn\/\">Banco Hondure\u00f1o para la Producci\u00f3n y la Vivienda (BANHPROVI)<\/a>\u00a0completed the preparations to celebrate the<a href=\"https:\/\/asambleaalide.org\/Asambleas\/alide_53\/\"> 53<sup>rd<\/sup> ALIDE General Assembly<\/a>\u00a0that will take place in San Pedro Sula, Honduras, from May 31 to June 2.<\/p>\n<p>The event seeks to analyze the potential of Latin America and the Caribbean to interact in the international economy with the various regions of the world and attract investments and world-class companies.<\/p>\n<p>Before the opening of the Assembly, on May 30, a session on the central theme:\u00a0\u201cCentral America in the world: challenges and opportunities\u201d was held, where it was explained that one of the main challenges in Central America is to combat crime and climate change, which affect the agriculture and tourism sectors.<\/p>\n<p>Julissa V\u00e1squez, Secretary General of\u00a0<a href=\"https:\/\/bandex.com.do\/\">BANDEX<\/a>, affirmed that the informality in MSMEs in Central America has negative effects for both business owners and the economy in general.<\/p>\n<p>She specified that this is because it restricts their ability to obtain financing and be a party to contracts with governmental entities or large companies. In addition, V\u00e1squez pointed out that it also hinders the creation of quality jobs and compliance with labor rights.<\/p>\n<p>In the session moderated by Irvin Zavala, Manager of BANHPROVI, Odalis Francisco Marte, Executive Secretary of\u00a0<a href=\"https:\/\/www.secmca.org\/\">SECMCA<\/a>; Jos\u00e9 Manuel Otero, Head of Operations for Central America of the\u00a0<a href=\"https:\/\/european-union.europa.eu\/institutions-law-budget\/institutions-and-bodies\/search-all-eu-institutions-and-bodies\/eib_es\">EIB<\/a>; Armando Navarrete, Chief Economist of\u00a0<a href=\"https:\/\/www.bcie.org\/\">BCIE<\/a>; and Daniel Castillo, Vice President of\u00a0<a href=\"https:\/\/www.banadesa.hn\/\">BANADESA<\/a> also participated.<\/p>\n<p>The panelists highlighted the opportunities that the region has to promote its sustainable development, such as its geographical position and access to nearby markets, and tourism.[\/vc_column_text][vc_images_carousel images=&#8221;25671,25673,25675&#8243; img_size=&#8221;full&#8221; css=&#8221;.vc_custom_1685496746442{margin-bottom: -5px !important;}&#8221;][vc_column_text 0=&#8221;&#8221;]<\/p>\n<h4><span style=\"color: #009de5;\"><b>Opening of the 53rd Assembly<\/b><\/span><\/h4>\n<p><span style=\"font-weight: 400;\">La sesi\u00f3n inaugural de la 53 Asamblea General se desarrollar\u00e1 el 31 de mayo en el Copantl Hotel &amp; Convention Center, con la participaci\u00f3n de la Presidenta de Honduras, Xiomara Castro; el presidente de ALIDE, Luis Antonio Ram\u00edrez; y el presidente de Banhprovi, Edwin Araque.<\/span><\/p>\n<p><span style=\"font-weight: 400;\">Cabe destacar que las sesiones se desarrollar\u00e1n en formato h\u00edbrido, de manera presencial y virtual, y contar\u00e1n con la participaci\u00f3n de casi 200 representantes de la banca de desarrollo de la regi\u00f3n y organismos internacionales, tales como el <\/span><a href=\"https:\/\/www.iadb.org\/es\"><span style=\"font-weight: 400;\">Banco Interamericano de Desarrollo (BID)<\/span><\/a><span style=\"font-weight: 400;\">, <\/span><a href=\"https:\/\/www.bancomundial.org\/es\/home\"><span style=\"font-weight: 400;\">Banco Mundial<\/span><\/a><span style=\"font-weight: 400;\">, <\/span><a href=\"https:\/\/www.caf.com\/\"><span style=\"font-weight: 400;\">Banco de Desarrollo de Am\u00e9rica Latina (CAF)<\/span><\/a><span style=\"font-weight: 400;\">, <\/span><a href=\"https:\/\/www.bcie.org\/\"><span style=\"font-weight: 400;\">Banco Centroamericano de Integraci\u00f3n Econ\u00f3mica (BCIE)<\/span><\/a><span style=\"font-weight: 400;\">,<\/span><a href=\"https:\/\/www.afd.fr\/es\"> <span style=\"font-weight: 400;\">Agence Fran\u00e7aise de D\u00e9veloppement, <\/span><\/a><a href=\"https:\/\/www.kfw-entwicklungsbank.de\/International-financing\/KfW-Entwicklungsbank\/\"><span style=\"font-weight: 400;\">KfW Development Bank<\/span><\/a><a href=\"https:\/\/www.afd.fr\/es\"><span style=\"font-weight: 400;\">, <\/span><\/a><a href=\"https:\/\/european-union.europa.eu\/institutions-law-budget\/institutions-and-bodies\/search-all-eu-institutions-and-bodies\/eib_es\"><span style=\"font-weight: 400;\">Banco Europeo de Inversiones (BEI)<\/span><\/a><span style=\"font-weight: 400;\">, entre otros.<\/span>[\/vc_column_text][\/vc_column][\/vc_row][vc_row 0=&#8221;&#8221;][vc_column parallax=&#8221;content-moving&#8221; width=&#8221;1\/6&#8243;][\/vc_column][vc_column width=&#8221;2\/3&#8243;][vc_column_text 0=&#8221;&#8221;]<\/p>\n<h3><span style=\"color: #009de5;\"><strong>About ALIDE<\/strong><\/span><\/h3>\n<p><span style=\"color: #333333;\">ALIDE is the community of financial institutions that produce banking solutions for Latin American and Caribbean development. Founded in 1968, its main purpose is to contribute to the region\u2019s economic and social development by promoting the use of good development finance practices among its members. It is comprised of more than 80 member institutions operating in over 20 countries of Latin America and other regions of the world.<\/span><\/p>\n<p>&nbsp;<\/p>\n<h3><span style=\"color: #009de5;\"><strong>Contact<\/strong><\/span><\/h3>\n<p><span style=\"color: #333333;\"><strong>Communnication Unit of ALIDE<\/strong><\/span><br \/>\n<span style=\"color: #333333;\">Phone: +511-203-5520 |: Ext: 227<\/span><br \/>\n<a href=\"mailto:comunicaciones@alide.org\">comunicaciones@alide.org<\/a>,\u00a0<a href=\"mailto:comunicaciones2@alide.org\">comunicaciones2@alide.org<\/a><br \/>\n<a href=\"http:\/\/www.alide.org\/\">www.alide.org<\/a>[\/vc_column_text][\/vc_column][\/vc_row][vc_row][vc_column][\/vc_column][\/vc_row]<\/p>\n<\/div>","protected":false},"excerpt":{"rendered":"<p>[vc_row 0=&#8221;&#8221;][vc_column 0=&#8221;&#8221;][vc_empty_space 0=&#8221;&#8221; height=&#8221;10px&#8221;][\/vc_column][\/vc_row][vc_row 0=&#8221;&#8221;][vc_column parallax=&#8221;content-moving&#8221; width=&#8221;1\/6&#8243;][\/vc_column][vc_column width=&#8221;2\/3&#8243;][vc_images_carousel images=&#8221;25678,25680,25682&#8243; img_size=&#8221;full&#8221; css=&#8221;.vc_custom_1685498162781{margin-bottom: -5px !important;}&#8221;][vc_custom_heading 1=&#8221;Latinoamericana&#8221; 2=&#8221;sobre&#8221; 3=&#8221;Financiamiento&#8221; 4=&#8221;e&#8221; 5=&#8221;Impulso&#8221; 6=&#8221;de&#8221; 7=&#8221;los&#8221; 8=&#8221;Negocios&#8221; 9=&#8221;e&#8221; 10=&#8221;Inversiones&#8221; 11=&#8221;Internacionales&#8220;&#8221; text=&#8221;In<span class=\"excerpt-hellip\"> [\u2026]<\/span><\/p>\n","protected":false},"author":3,"featured_media":0,"parent":0,"menu_order":0,"comment_status":"closed","ping_status":"closed","template":"","meta":{"_uag_custom_page_level_css":"","footnotes":""},"class_list":["post-26423","page","type-page","status-publish","hentry"],"yoast_head":"<!-- This site is optimized with the Yoast SEO plugin v26.1.1 - https:\/\/yoast.com\/wordpress\/plugins\/seo\/ -->\n<title>In Honduras, everything is ready for the 53rd ALIDE General Assembly - ALIDE<\/title>\n<meta name=\"robots\" content=\"index, follow, max-snippet:-1, max-image-preview:large, max-video-preview:-1\" \/>\n<link rel=\"canonical\" href=\"https:\/\/www.alide.org.pe\/en\/in-honduras-everything-is-ready-for-the-53rd-alide-general-assembly\/\" \/>\n<meta property=\"og:locale\" content=\"en_US\" \/>\n<meta property=\"og:type\" content=\"article\" \/>\n<meta property=\"og:title\" content=\"In Honduras, everything is ready for the 53rd ALIDE General Assembly - ALIDE\" \/>\n<meta property=\"og:description\" content=\"[vc_row 0=&#8221;&#8221;][vc_column 0=&#8221;&#8221;][vc_empty_space 0=&#8221;&#8221; height=&#8221;10px&#8221;][\/vc_column][\/vc_row][vc_row 0=&#8221;&#8221;][vc_column parallax=&#8221;content-moving&#8221; width=&#8221;1\/6&#8243;][\/vc_column][vc_column width=&#8221;2\/3&#8243;][vc_images_carousel images=&#8221;25678,25680,25682&#8243; img_size=&#8221;full&#8221; css=&#8221;.vc_custom_1685498162781{margin-bottom: -5px !important;}&#8221;][vc_custom_heading 1=&#8221;Latinoamericana&#8221; 2=&#8221;sobre&#8221; 3=&#8221;Financiamiento&#8221; 4=&#8221;e&#8221; 5=&#8221;Impulso&#8221; 6=&#8221;de&#8221; 7=&#8221;los&#8221; 8=&#8221;Negocios&#8221; 9=&#8221;e&#8221; 10=&#8221;Inversiones&#8221; 11=&#8221;Internacionales&#8220;&#8221; text=&#8221;In [\u2026]\" \/>\n<meta property=\"og:url\" content=\"https:\/\/www.alide.org.pe\/en\/in-honduras-everything-is-ready-for-the-53rd-alide-general-assembly\/\" \/>\n<meta property=\"og:site_name\" content=\"ALIDE\" \/>\n<meta property=\"article:publisher\" content=\"https:\/\/www.facebook.com\/alideoficial\/\" \/>\n<meta property=\"article:modified_time\" content=\"2023-07-03T17:33:18+00:00\" \/>\n<meta name=\"twitter:card\" content=\"summary_large_image\" \/>\n<meta name=\"twitter:site\" content=\"@_ALIDE_\" \/>\n<meta name=\"twitter:label1\" content=\"Est. reading time\" \/>\n\t<meta name=\"twitter:data1\" content=\"4 minutes\" \/>\n<script type=\"application\/ld+json\" class=\"yoast-schema-graph\">{\"@context\":\"https:\/\/schema.org\",\"@graph\":[{\"@type\":\"WebPage\",\"@id\":\"https:\/\/www.alide.org.pe\/en\/in-honduras-everything-is-ready-for-the-53rd-alide-general-assembly\/\",\"url\":\"https:\/\/www.alide.org.pe\/en\/in-honduras-everything-is-ready-for-the-53rd-alide-general-assembly\/\",\"name\":\"In Honduras, everything is ready for the 53rd ALIDE General Assembly - ALIDE\",\"isPartOf\":{\"@id\":\"https:\/\/www.alide.org.pe\/#website\"},\"datePublished\":\"2023-07-03T17:30:31+00:00\",\"dateModified\":\"2023-07-03T17:33:18+00:00\",\"breadcrumb\":{\"@id\":\"https:\/\/www.alide.org.pe\/en\/in-honduras-everything-is-ready-for-the-53rd-alide-general-assembly\/#breadcrumb\"},\"inLanguage\":\"en-US\",\"potentialAction\":[{\"@type\":\"ReadAction\",\"target\":[\"https:\/\/www.alide.org.pe\/en\/in-honduras-everything-is-ready-for-the-53rd-alide-general-assembly\/\"]}]},{\"@type\":\"BreadcrumbList\",\"@id\":\"https:\/\/www.alide.org.pe\/en\/in-honduras-everything-is-ready-for-the-53rd-alide-general-assembly\/#breadcrumb\",\"itemListElement\":[{\"@type\":\"ListItem\",\"position\":1,\"name\":\"Portada\",\"item\":\"https:\/\/www.alide.org.pe\/en\/7-2-2-2-2-2\/\"},{\"@type\":\"ListItem\",\"position\":2,\"name\":\"In Honduras, everything is ready for the 53rd ALIDE General Assembly\"}]},{\"@type\":\"WebSite\",\"@id\":\"https:\/\/www.alide.org.pe\/#website\",\"url\":\"https:\/\/www.alide.org.pe\/\",\"name\":\"ALIDE\",\"description\":\"Asociaci\u00f3n Latinoamericana de Instituciones Financieras para el Desarrollo\",\"potentialAction\":[{\"@type\":\"SearchAction\",\"target\":{\"@type\":\"EntryPoint\",\"urlTemplate\":\"https:\/\/www.alide.org.pe\/?s={search_term_string}\"},\"query-input\":{\"@type\":\"PropertyValueSpecification\",\"valueRequired\":true,\"valueName\":\"search_term_string\"}}],\"inLanguage\":\"en-US\"}]}<\/script>\n<!-- \/ Yoast SEO plugin. -->","yoast_head_json":{"title":"In Honduras, everything is ready for the 53rd ALIDE General Assembly - ALIDE","robots":{"index":"index","follow":"follow","max-snippet":"max-snippet:-1","max-image-preview":"max-image-preview:large","max-video-preview":"max-video-preview:-1"},"canonical":"https:\/\/www.alide.org.pe\/en\/in-honduras-everything-is-ready-for-the-53rd-alide-general-assembly\/","og_locale":"en_US","og_type":"article","og_title":"In Honduras, everything is ready for the 53rd ALIDE General Assembly - ALIDE","og_description":"[vc_row 0=&#8221;&#8221;][vc_column 0=&#8221;&#8221;][vc_empty_space 0=&#8221;&#8221; height=&#8221;10px&#8221;][\/vc_column][\/vc_row][vc_row 0=&#8221;&#8221;][vc_column parallax=&#8221;content-moving&#8221; width=&#8221;1\/6&#8243;][\/vc_column][vc_column width=&#8221;2\/3&#8243;][vc_images_carousel images=&#8221;25678,25680,25682&#8243; img_size=&#8221;full&#8221; css=&#8221;.vc_custom_1685498162781{margin-bottom: -5px !important;}&#8221;][vc_custom_heading 1=&#8221;Latinoamericana&#8221; 2=&#8221;sobre&#8221; 3=&#8221;Financiamiento&#8221; 4=&#8221;e&#8221; 5=&#8221;Impulso&#8221; 6=&#8221;de&#8221; 7=&#8221;los&#8221; 8=&#8221;Negocios&#8221; 9=&#8221;e&#8221; 10=&#8221;Inversiones&#8221; 11=&#8221;Internacionales&#8220;&#8221; text=&#8221;In [\u2026]","og_url":"https:\/\/www.alide.org.pe\/en\/in-honduras-everything-is-ready-for-the-53rd-alide-general-assembly\/","og_site_name":"ALIDE","article_publisher":"https:\/\/www.facebook.com\/alideoficial\/","article_modified_time":"2023-07-03T17:33:18+00:00","twitter_card":"summary_large_image","twitter_site":"@_ALIDE_","twitter_misc":{"Est. reading time":"4 minutes"},"schema":{"@context":"https:\/\/schema.org","@graph":[{"@type":"WebPage","@id":"https:\/\/www.alide.org.pe\/en\/in-honduras-everything-is-ready-for-the-53rd-alide-general-assembly\/","url":"https:\/\/www.alide.org.pe\/en\/in-honduras-everything-is-ready-for-the-53rd-alide-general-assembly\/","name":"In Honduras, everything is ready for the 53rd ALIDE General Assembly - ALIDE","isPartOf":{"@id":"https:\/\/www.alide.org.pe\/#website"},"datePublished":"2023-07-03T17:30:31+00:00","dateModified":"2023-07-03T17:33:18+00:00","breadcrumb":{"@id":"https:\/\/www.alide.org.pe\/en\/in-honduras-everything-is-ready-for-the-53rd-alide-general-assembly\/#breadcrumb"},"inLanguage":"en-US","potentialAction":[{"@type":"ReadAction","target":["https:\/\/www.alide.org.pe\/en\/in-honduras-everything-is-ready-for-the-53rd-alide-general-assembly\/"]}]},{"@type":"BreadcrumbList","@id":"https:\/\/www.alide.org.pe\/en\/in-honduras-everything-is-ready-for-the-53rd-alide-general-assembly\/#breadcrumb","itemListElement":[{"@type":"ListItem","position":1,"name":"Portada","item":"https:\/\/www.alide.org.pe\/en\/7-2-2-2-2-2\/"},{"@type":"ListItem","position":2,"name":"In Honduras, everything is ready for the 53rd ALIDE General Assembly"}]},{"@type":"WebSite","@id":"https:\/\/www.alide.org.pe\/#website","url":"https:\/\/www.alide.org.pe\/","name":"ALIDE","description":"Asociaci\u00f3n Latinoamericana de Instituciones Financieras para el Desarrollo","potentialAction":[{"@type":"SearchAction","target":{"@type":"EntryPoint","urlTemplate":"https:\/\/www.alide.org.pe\/?s={search_term_string}"},"query-input":{"@type":"PropertyValueSpecification","valueRequired":true,"valueName":"search_term_string"}}],"inLanguage":"en-US"}]}},"uagb_featured_image_src":{"full":false,"thumbnail":false,"medium":false,"medium_large":false,"large":false,"1536x1536":false,"2048x2048":false,"post-thumbnail":false,"50x50":false,"clients-slider":false,"slider-content":false,"testimonials":false,"blog-navi":false,"portfolio-mf":false,"portfolio-mf-w":false,"portfolio-mf-t":false,"portfolio-list":false,"blog-portfolio":false,"blog-single":false},"uagb_author_info":{"display_name":"ALIDE","author_link":"https:\/\/www.alide.org.pe\/en\/author\/hanguk\/"},"uagb_comment_info":0,"uagb_excerpt":"[vc_row 0=&#8221;&#8221;][vc_column 0=&#8221;&#8221;][vc_empty_space 0=&#8221;&#8221; height=&#8221;10px&#8221;][\/vc_column][\/vc_row][vc_row 0=&#8221;&#8221;][vc_column parallax=&#8221;content-moving&#8221; width=&#8221;1\/6&#8243;][\/vc_column][vc_column width=&#8221;2\/3&#8243;][vc_images_carousel images=&#8221;25678,25680,25682&#8243; img_size=&#8221;full&#8221; css=&#8221;.vc_custom_1685498162781{margin-bottom: -5px !important;}&#8221;][vc_custom_heading 1=&#8221;Latinoamericana&#8221; 2=&#8221;sobre&#8221; 3=&#8221;Financiamiento&#8221; 4=&#8221;e&#8221; 5=&#8221;Impulso&#8221; 6=&#8221;de&#8221; 7=&#8221;los&#8221; 8=&#8221;Negocios&#8221; 9=&#8221;e&#8221; 10=&#8221;Inversiones&#8221; 11=&#8221;Internacionales&#8220;&#8221; text=&#8221;In [\u2026]","_links":{"self":[{"href":"https:\/\/www.alide.org.pe\/en\/wp-json\/wp\/v2\/pages\/26423","targetHints":{"allow":["GET"]}}],"collection":[{"href":"https:\/\/www.alide.org.pe\/en\/wp-json\/wp\/v2\/pages"}],"about":[{"href":"https:\/\/www.alide.org.pe\/en\/wp-json\/wp\/v2\/types\/page"}],"author":[{"embeddable":true,"href":"https:\/\/www.alide.org.pe\/en\/wp-json\/wp\/v2\/users\/3"}],"replies":[{"embeddable":true,"href":"https:\/\/www.alide.org.pe\/en\/wp-json\/wp\/v2\/comments?post=26423"}],"version-history":[{"count":1,"href":"https:\/\/www.alide.org.pe\/en\/wp-json\/wp\/v2\/pages\/26423\/revisions"}],"predecessor-version":[{"id":26424,"href":"https:\/\/www.alide.org.pe\/en\/wp-json\/wp\/v2\/pages\/26423\/revisions\/26424"}],"wp:attachment":[{"href":"https:\/\/www.alide.org.pe\/en\/wp-json\/wp\/v2\/media?parent=26423"}],"curies":[{"name":"wp","href":"https:\/\/api.w.org\/{rel}","templated":true}]}}