{"id":25217,"date":"2023-03-30T23:15:36","date_gmt":"2023-03-30T23:15:36","guid":{"rendered":"https:\/\/www.alide.org.pe\/?page_id=25217"},"modified":"2023-04-03T20:30:11","modified_gmt":"2023-04-03T20:30:11","slug":"digital-maturity-index","status":"publish","type":"page","link":"https:\/\/www.alide.org.pe\/en\/digital-maturity-index\/","title":{"rendered":"ALIDE and IDB present the \u00abDigital Maturity Index\u00bb Self-assessment Platform"},"content":{"rendered":"<div class=\"wpb-content-wrapper\"><p>[vc_row 0=&#8221;&#8221;][vc_column 0=&#8221;&#8221;][vc_empty_space 0=&#8221;&#8221; height=&#8221;10px&#8221;][\/vc_column][\/vc_row][vc_row 0=&#8221;&#8221;][vc_column parallax=&#8221;content-moving&#8221; width=&#8221;1\/6&#8243;][\/vc_column][vc_column width=&#8221;2\/3&#8243;][vc_single_image image=&#8221;25190&#8243; img_size=&#8221;large&#8221; css=&#8221;.vc_custom_1680017561990{margin-bottom: -5px !important;border-bottom-width: -5px !important;}&#8221;][vc_custom_heading 1=&#8221;Latinoamericana&#8221; 2=&#8221;sobre&#8221; 3=&#8221;Financiamiento&#8221; 4=&#8221;e&#8221; 5=&#8221;Impulso&#8221; 6=&#8221;de&#8221; 7=&#8221;los&#8221; 8=&#8221;Negocios&#8221; 9=&#8221;e&#8221; 10=&#8221;Inversiones&#8221; 11=&#8221;Internacionales&#8220;&#8221; text=&#8221;ALIDE and IDB present the \u00abDigital Maturity Index\u00bb Self-assessment Platform&#8221; font_container=&#8221;tag:h3|text_align:center|color:%23013c7b&#8221; google_fonts=&#8221;font_family:Open%20Sans%3A300%2C300italic%2Cregular%2Citalic%2C600%2C600italic%2C700%2C700italic%2C800%2C800italic|font_style:700%20bold%20regular%3A700%3Anormal&#8221; css=&#8221;.vc_custom_1680203281848{margin-bottom: 20px !important;border-bottom-width: 25px !important;}&#8221;][vc_column_text 0=&#8221;&#8221; css=&#8221;.vc_custom_1680203347727{margin-top: 10px !important;margin-bottom: -5px !important;border-top-width: 25px !important;border-bottom-width: 5px !important;padding-bottom: 28px !important;}&#8221;]<\/p>\n<ul>\n<li><em>This platform will enable ALIDE member banks to evaluate their current level of digitalization and to receive recommendations for improving their digital transformation process<\/em><\/li>\n<\/ul>\n<hr \/>\n<p>[\/vc_column_text][vc_column_text 0=&#8221;&#8221;]<span style=\"color: #009de5;\"><strong>March 28, 2023- <\/strong><\/span>The Webinar: \u201cLaunching of the \u201cDigital Maturity Index\u201d self-assessment platform.\u201d A tool for development banking digital transformation was held in the framework of the technical cooperation between the Latin American Association of Development Financing Institutions (ALIDE) and the Inter-American Development Bank (IDB).<\/p>\n<p>This platform is a tool developed by Digital Bank, with IDB support, to provide an assessment of the level of digital transformation of financial institutions, with a view to closing gaps in financial inclusion that exist in Latin America and the Caribbean.<\/p>\n<p>It also seeks to provide information about digital transformation and experiences in good digitalization practices and innovation initiatives recommended to development banks that undertake the self-assessment of their digital maturity.[\/vc_column_text][vc_single_image image=&#8221;25193&#8243; img_size=&#8221;large&#8221; css=&#8221;.vc_custom_1680019595024{margin-bottom: -5px !important;border-bottom-width: -5px !important;}&#8221;][vc_column_text 0=&#8221;&#8221;]<\/p>\n<h4><span style=\"color: #009de5;\"><b>Participants in the webinar<\/b><\/span><\/h4>\n<p>ALIDE Secretary General, Edgardo Alvarez, emphasized the importance of furthering the work started by the public development banks to improve their digital transformation processes in order to simplify and streamline their customer service, thereby contributing to greater financial inclusion.<\/p>\n<p>The Systems Manager of Banco de Inversi\u00f3n y Comercio Exterior (BICE), Hugo Codega, for his part, shared his institution\u2019s experience with the digital transformation process and the main problems it came across along the way.<\/p>\n<p>Also participating in the webinar were the acting Head of the Connectivity, Markets and Finance Division of the IDB, Daniel Fonseca; the IDB Senior Financial Markets specialist, Mar\u00eda Carmen Fern\u00e1ndez; the Executive Director of the Latam Digital Bank, Ram\u00f3n Heredia; and the Digital Transformation Manager of Digital Bank, Mar\u00eda In\u00e9s Fern\u00e1ndez.<\/p>\n<p>Before the seminar came to a close, all of the ALIDE member banks were invited to join this platform to get a better assessment of their state of digital maturity and receive specialized coaching to advance their transformation.[\/vc_column_text][\/vc_column][\/vc_row][vc_row 0=&#8221;&#8221;][vc_column parallax=&#8221;content-moving&#8221; width=&#8221;1\/6&#8243;][\/vc_column][vc_column width=&#8221;2\/3&#8243;][vc_column_text 0=&#8221;&#8221;]<\/p>\n<h3><span style=\"color: #009de5;\"><strong>About ALIDE<\/strong><\/span><\/h3>\n<p>ALIDE is the community of financial institutions that produce banking solutions for Latin American and Caribbean development. Founded in 1968, its main purpose is to contribute to the region\u2019s economic and social development by promoting the use of good development finance practices among its members. It is comprised of more than 80 member institutions operating in over 20 countries of Latin America and other regions of the world.<\/p>\n<h3><span style=\"color: #009de5;\"><strong>Contact<\/strong><\/span><\/h3>\n<p><span style=\"color: #333333;\"><strong>Communnication Unit of ALIDE<\/strong><\/span><br \/>\n<span style=\"color: #333333;\">Phone: +511-203-5520 |: Ext: 227<\/span><br \/>\n<a href=\"mailto:comunicaciones@alide.org\">comunicaciones@alide.org<\/a>,\u00a0<a href=\"mailto:comunicaciones2@alide.org\">comunicaciones2@alide.org<\/a><br \/>\n<a href=\"http:\/\/www.alide.org\/\">www.alide.org<\/a>[\/vc_column_text][\/vc_column][\/vc_row][vc_row][vc_column][\/vc_column][\/vc_row]<\/p>\n<\/div>","protected":false},"excerpt":{"rendered":"<p>[vc_row 0=&#8221;&#8221;][vc_column 0=&#8221;&#8221;][vc_empty_space 0=&#8221;&#8221; height=&#8221;10px&#8221;][\/vc_column][\/vc_row][vc_row 0=&#8221;&#8221;][vc_column parallax=&#8221;content-moving&#8221; width=&#8221;1\/6&#8243;][\/vc_column][vc_column width=&#8221;2\/3&#8243;][vc_single_image image=&#8221;25190&#8243; img_size=&#8221;large&#8221; css=&#8221;.vc_custom_1680017561990{margin-bottom: -5px !important;border-bottom-width: -5px !important;}&#8221;][vc_custom_heading 1=&#8221;Latinoamericana&#8221; 2=&#8221;sobre&#8221; 3=&#8221;Financiamiento&#8221; 4=&#8221;e&#8221; 5=&#8221;Impulso&#8221; 6=&#8221;de&#8221; 7=&#8221;los&#8221; 8=&#8221;Negocios&#8221; 9=&#8221;e&#8221; 10=&#8221;Inversiones&#8221;<span class=\"excerpt-hellip\"> [\u2026]<\/span><\/p>\n","protected":false},"author":3,"featured_media":0,"parent":0,"menu_order":0,"comment_status":"closed","ping_status":"closed","template":"","meta":{"_uag_custom_page_level_css":"","footnotes":""},"class_list":["post-25217","page","type-page","status-publish","hentry"],"yoast_head":"<!-- This site is optimized with the Yoast SEO plugin v26.1.1 - https:\/\/yoast.com\/wordpress\/plugins\/seo\/ -->\n<title>ALIDE and IDB present the \u00abDigital Maturity Index\u00bb Self-assessment Platform - ALIDE<\/title>\n<meta name=\"robots\" content=\"index, follow, max-snippet:-1, max-image-preview:large, max-video-preview:-1\" \/>\n<link rel=\"canonical\" href=\"https:\/\/www.alide.org.pe\/en\/digital-maturity-index\/\" \/>\n<meta property=\"og:locale\" content=\"en_US\" \/>\n<meta property=\"og:type\" content=\"article\" \/>\n<meta property=\"og:title\" content=\"ALIDE and IDB present the \u00abDigital Maturity Index\u00bb Self-assessment Platform - ALIDE\" \/>\n<meta property=\"og:description\" content=\"[vc_row 0=&#8221;&#8221;][vc_column 0=&#8221;&#8221;][vc_empty_space 0=&#8221;&#8221; height=&#8221;10px&#8221;][\/vc_column][\/vc_row][vc_row 0=&#8221;&#8221;][vc_column parallax=&#8221;content-moving&#8221; width=&#8221;1\/6&#8243;][\/vc_column][vc_column width=&#8221;2\/3&#8243;][vc_single_image image=&#8221;25190&#8243; img_size=&#8221;large&#8221; css=&#8221;.vc_custom_1680017561990{margin-bottom: -5px !important;border-bottom-width: -5px !important;}&#8221;][vc_custom_heading 1=&#8221;Latinoamericana&#8221; 2=&#8221;sobre&#8221; 3=&#8221;Financiamiento&#8221; 4=&#8221;e&#8221; 5=&#8221;Impulso&#8221; 6=&#8221;de&#8221; 7=&#8221;los&#8221; 8=&#8221;Negocios&#8221; 9=&#8221;e&#8221; 10=&#8221;Inversiones&#8221; [\u2026]\" \/>\n<meta property=\"og:url\" content=\"https:\/\/www.alide.org.pe\/en\/digital-maturity-index\/\" \/>\n<meta property=\"og:site_name\" content=\"ALIDE\" \/>\n<meta property=\"article:publisher\" content=\"https:\/\/www.facebook.com\/alideoficial\/\" \/>\n<meta property=\"article:modified_time\" content=\"2023-04-03T20:30:11+00:00\" \/>\n<meta name=\"twitter:card\" content=\"summary_large_image\" \/>\n<meta name=\"twitter:site\" content=\"@_ALIDE_\" \/>\n<meta name=\"twitter:label1\" content=\"Est. reading time\" \/>\n\t<meta name=\"twitter:data1\" content=\"3 minutes\" \/>\n<script type=\"application\/ld+json\" class=\"yoast-schema-graph\">{\"@context\":\"https:\/\/schema.org\",\"@graph\":[{\"@type\":\"WebPage\",\"@id\":\"https:\/\/www.alide.org.pe\/en\/digital-maturity-index\/\",\"url\":\"https:\/\/www.alide.org.pe\/en\/digital-maturity-index\/\",\"name\":\"ALIDE and IDB present the \u00abDigital Maturity Index\u00bb Self-assessment Platform - ALIDE\",\"isPartOf\":{\"@id\":\"https:\/\/www.alide.org.pe\/#website\"},\"datePublished\":\"2023-03-30T23:15:36+00:00\",\"dateModified\":\"2023-04-03T20:30:11+00:00\",\"breadcrumb\":{\"@id\":\"https:\/\/www.alide.org.pe\/en\/digital-maturity-index\/#breadcrumb\"},\"inLanguage\":\"en-US\",\"potentialAction\":[{\"@type\":\"ReadAction\",\"target\":[\"https:\/\/www.alide.org.pe\/en\/digital-maturity-index\/\"]}]},{\"@type\":\"BreadcrumbList\",\"@id\":\"https:\/\/www.alide.org.pe\/en\/digital-maturity-index\/#breadcrumb\",\"itemListElement\":[{\"@type\":\"ListItem\",\"position\":1,\"name\":\"Portada\",\"item\":\"https:\/\/www.alide.org.pe\/en\/\"},{\"@type\":\"ListItem\",\"position\":2,\"name\":\"ALIDE and IDB present the \u00abDigital Maturity Index\u00bb Self-assessment Platform\"}]},{\"@type\":\"WebSite\",\"@id\":\"https:\/\/www.alide.org.pe\/#website\",\"url\":\"https:\/\/www.alide.org.pe\/\",\"name\":\"ALIDE\",\"description\":\"Asociaci\u00f3n Latinoamericana de Instituciones Financieras para el Desarrollo\",\"potentialAction\":[{\"@type\":\"SearchAction\",\"target\":{\"@type\":\"EntryPoint\",\"urlTemplate\":\"https:\/\/www.alide.org.pe\/?s={search_term_string}\"},\"query-input\":{\"@type\":\"PropertyValueSpecification\",\"valueRequired\":true,\"valueName\":\"search_term_string\"}}],\"inLanguage\":\"en-US\"}]}<\/script>\n<!-- \/ Yoast SEO plugin. -->","yoast_head_json":{"title":"ALIDE and IDB present the \u00abDigital Maturity Index\u00bb Self-assessment Platform - ALIDE","robots":{"index":"index","follow":"follow","max-snippet":"max-snippet:-1","max-image-preview":"max-image-preview:large","max-video-preview":"max-video-preview:-1"},"canonical":"https:\/\/www.alide.org.pe\/en\/digital-maturity-index\/","og_locale":"en_US","og_type":"article","og_title":"ALIDE and IDB present the \u00abDigital Maturity Index\u00bb Self-assessment Platform - ALIDE","og_description":"[vc_row 0=&#8221;&#8221;][vc_column 0=&#8221;&#8221;][vc_empty_space 0=&#8221;&#8221; height=&#8221;10px&#8221;][\/vc_column][\/vc_row][vc_row 0=&#8221;&#8221;][vc_column parallax=&#8221;content-moving&#8221; width=&#8221;1\/6&#8243;][\/vc_column][vc_column width=&#8221;2\/3&#8243;][vc_single_image image=&#8221;25190&#8243; img_size=&#8221;large&#8221; css=&#8221;.vc_custom_1680017561990{margin-bottom: -5px !important;border-bottom-width: -5px !important;}&#8221;][vc_custom_heading 1=&#8221;Latinoamericana&#8221; 2=&#8221;sobre&#8221; 3=&#8221;Financiamiento&#8221; 4=&#8221;e&#8221; 5=&#8221;Impulso&#8221; 6=&#8221;de&#8221; 7=&#8221;los&#8221; 8=&#8221;Negocios&#8221; 9=&#8221;e&#8221; 10=&#8221;Inversiones&#8221; [\u2026]","og_url":"https:\/\/www.alide.org.pe\/en\/digital-maturity-index\/","og_site_name":"ALIDE","article_publisher":"https:\/\/www.facebook.com\/alideoficial\/","article_modified_time":"2023-04-03T20:30:11+00:00","twitter_card":"summary_large_image","twitter_site":"@_ALIDE_","twitter_misc":{"Est. reading time":"3 minutes"},"schema":{"@context":"https:\/\/schema.org","@graph":[{"@type":"WebPage","@id":"https:\/\/www.alide.org.pe\/en\/digital-maturity-index\/","url":"https:\/\/www.alide.org.pe\/en\/digital-maturity-index\/","name":"ALIDE and IDB present the \u00abDigital Maturity Index\u00bb Self-assessment Platform - ALIDE","isPartOf":{"@id":"https:\/\/www.alide.org.pe\/#website"},"datePublished":"2023-03-30T23:15:36+00:00","dateModified":"2023-04-03T20:30:11+00:00","breadcrumb":{"@id":"https:\/\/www.alide.org.pe\/en\/digital-maturity-index\/#breadcrumb"},"inLanguage":"en-US","potentialAction":[{"@type":"ReadAction","target":["https:\/\/www.alide.org.pe\/en\/digital-maturity-index\/"]}]},{"@type":"BreadcrumbList","@id":"https:\/\/www.alide.org.pe\/en\/digital-maturity-index\/#breadcrumb","itemListElement":[{"@type":"ListItem","position":1,"name":"Portada","item":"https:\/\/www.alide.org.pe\/en\/"},{"@type":"ListItem","position":2,"name":"ALIDE and IDB present the \u00abDigital Maturity Index\u00bb Self-assessment Platform"}]},{"@type":"WebSite","@id":"https:\/\/www.alide.org.pe\/#website","url":"https:\/\/www.alide.org.pe\/","name":"ALIDE","description":"Asociaci\u00f3n Latinoamericana de Instituciones Financieras para el Desarrollo","potentialAction":[{"@type":"SearchAction","target":{"@type":"EntryPoint","urlTemplate":"https:\/\/www.alide.org.pe\/?s={search_term_string}"},"query-input":{"@type":"PropertyValueSpecification","valueRequired":true,"valueName":"search_term_string"}}],"inLanguage":"en-US"}]}},"uagb_featured_image_src":{"full":false,"thumbnail":false,"medium":false,"medium_large":false,"large":false,"1536x1536":false,"2048x2048":false,"post-thumbnail":false,"50x50":false,"clients-slider":false,"slider-content":false,"testimonials":false,"blog-navi":false,"portfolio-mf":false,"portfolio-mf-w":false,"portfolio-mf-t":false,"portfolio-list":false,"blog-portfolio":false,"blog-single":false},"uagb_author_info":{"display_name":"ALIDE","author_link":"https:\/\/www.alide.org.pe\/en\/author\/hanguk\/"},"uagb_comment_info":0,"uagb_excerpt":"[vc_row 0=&#8221;&#8221;][vc_column 0=&#8221;&#8221;][vc_empty_space 0=&#8221;&#8221; height=&#8221;10px&#8221;][\/vc_column][\/vc_row][vc_row 0=&#8221;&#8221;][vc_column parallax=&#8221;content-moving&#8221; width=&#8221;1\/6&#8243;][\/vc_column][vc_column width=&#8221;2\/3&#8243;][vc_single_image image=&#8221;25190&#8243; img_size=&#8221;large&#8221; css=&#8221;.vc_custom_1680017561990{margin-bottom: -5px !important;border-bottom-width: -5px !important;}&#8221;][vc_custom_heading 1=&#8221;Latinoamericana&#8221; 2=&#8221;sobre&#8221; 3=&#8221;Financiamiento&#8221; 4=&#8221;e&#8221; 5=&#8221;Impulso&#8221; 6=&#8221;de&#8221; 7=&#8221;los&#8221; 8=&#8221;Negocios&#8221; 9=&#8221;e&#8221; 10=&#8221;Inversiones&#8221; [\u2026]","_links":{"self":[{"href":"https:\/\/www.alide.org.pe\/en\/wp-json\/wp\/v2\/pages\/25217","targetHints":{"allow":["GET"]}}],"collection":[{"href":"https:\/\/www.alide.org.pe\/en\/wp-json\/wp\/v2\/pages"}],"about":[{"href":"https:\/\/www.alide.org.pe\/en\/wp-json\/wp\/v2\/types\/page"}],"author":[{"embeddable":true,"href":"https:\/\/www.alide.org.pe\/en\/wp-json\/wp\/v2\/users\/3"}],"replies":[{"embeddable":true,"href":"https:\/\/www.alide.org.pe\/en\/wp-json\/wp\/v2\/comments?post=25217"}],"version-history":[{"count":3,"href":"https:\/\/www.alide.org.pe\/en\/wp-json\/wp\/v2\/pages\/25217\/revisions"}],"predecessor-version":[{"id":25222,"href":"https:\/\/www.alide.org.pe\/en\/wp-json\/wp\/v2\/pages\/25217\/revisions\/25222"}],"wp:attachment":[{"href":"https:\/\/www.alide.org.pe\/en\/wp-json\/wp\/v2\/media?parent=25217"}],"curies":[{"name":"wp","href":"https:\/\/api.w.org\/{rel}","templated":true}]}}