{"id":2512,"date":"2017-07-10T18:51:19","date_gmt":"2017-07-10T18:51:19","guid":{"rendered":"https:\/\/www.alide.org.pe\/sala-de-prensa\/entrevistas\/"},"modified":"2025-09-02T08:48:19","modified_gmt":"2025-09-02T08:48:19","slug":"entrevistas-2","status":"publish","type":"page","link":"https:\/\/www.alide.org.pe\/en\/sala-de-prensa\/entrevistas-2\/","title":{"rendered":"Interviews"},"content":{"rendered":"<div class=\"wpb-content-wrapper\"><p>[vc_row][vc_column][vc_empty_space][vc_custom_heading source=&#8221;post_title&#8221; font_container=&#8221;tag:h2|font_size:30px|text_align:left|color:%23013c7b&#8221; use_theme_fonts=&#8221;yes&#8221;][vc_empty_space height=&#8221;10px&#8221;][\/vc_column][\/vc_row][vc_row][vc_column width=&#8221;1\/4&#8243;][vc_single_image image=&#8221;32127&#8243; img_size=&#8221;large&#8221;][\/vc_column][vc_column width=&#8221;3\/4&#8243;][vc_column_text]<em><span style=\"color: #013c7b;\">&#8220;Most of our investments focus on connecting family farmers and rural communities to markets and providing access to financial services, technology, and knowledge to improve their livelihoods&#8221;<\/span><\/em><\/p>\n<p><strong>June, 2025<\/strong>.- Interview with Bettina Prato, Regional Director a.i. of the Latin America and Caribbean Division of the International Fund for Agricultural Development (IFAD).[\/vc_column_text][vc_btn title=&#8221;Read the interview&#8221; color=&#8221;primary&#8221; size=&#8221;sm&#8221; link=&#8221;url:https%3A%2F%2Fwww.alide.org.pe%2Fwp-content%2Fuploads%2F2025%2F09%2FInterview-BD-APRIL-JUNE-2025-19-22.pdf&#8221;][\/vc_column][\/vc_row][vc_row][vc_column width=&#8221;1\/4&#8243;][vc_single_image image=&#8221;32149&#8243; img_size=&#8221;full&#8221;][\/vc_column][vc_column width=&#8221;3\/4&#8243;][vc_column_text]<em><span style=\"color: #013c7b;\">&#8220;<\/span><\/em><em><span style=\"color: #013c7b;\">As a public bank, we put all our tools at the disposal of the province of Buenos Aires: we offer loans with special rates for businesses and SMEs, we run promotions to boost spending, and we provide personal loans segmented based on each client&#8217;s creditworthiness.&#8221;<\/span><\/em><\/p>\n<p><strong>March, 2025<\/strong>.- Interview with Juan Cuattromo, President of Banco de la Provincia de Buenos Aires, Argentina.[\/vc_column_text][vc_btn title=&#8221;Read the interview&#8221; color=&#8221;primary&#8221; size=&#8221;sm&#8221; link=&#8221;url:https%3A%2F%2Fwww.alide.org.pe%2Fwp-content%2Fuploads%2F2025%2F09%2FInterview-BD-JANUARY-MARCH-2025-7-11.pdf&#8221;][\/vc_column][\/vc_row][vc_row][vc_column width=&#8221;1\/4&#8243;][vc_single_image image=&#8221;32147&#8243; img_size=&#8221;full&#8221;][\/vc_column][vc_column width=&#8221;3\/4&#8243;][vc_column_text]<em><span style=\"color: #013c7b;\">&#8220;The DFC has introduced the We Empower product to support young women and men between the ages of 18 and 29. This product reduces the land collateral requirement, which is often a major obstacle for young women and men seeking small business financing and loans for productive sectors, including agriculture&#8221;<\/span><\/em><\/p>\n<p><strong>March, 2025<\/strong>.- Interview with Henry N. Anderson, CEO of Development Finance Corporation (DFC) of Belize.[\/vc_column_text][vc_btn title=&#8221;Read the interview&#8221; color=&#8221;primary&#8221; size=&#8221;sm&#8221; link=&#8221;url:https%3A%2F%2Fwww.alide.org.pe%2Fwp-content%2Fuploads%2F2025%2F09%2FInterview-BD-JANUARY-MARCH-2025-12-16.pdf&#8221;][\/vc_column][\/vc_row][vc_row][vc_column width=&#8221;1\/4&#8243;][vc_single_image image=&#8221;32145&#8243; img_size=&#8221;full&#8221;][\/vc_column][vc_column width=&#8221;3\/4&#8243;][vc_column_text]<em><span style=\"color: #013c7b;\">&#8220;One of Finagro\u2019s main current commitments is to demonstrate that sustainable practices are not only environmentally responsible, but also financially viable&#8221;<\/span><\/em><\/p>\n<p><strong>March, 2025<\/strong>.- Interview with Alexandra Restrepo, president of Fondo para el Financiamiento del Sector Agropecuario (Finagro), Colombia.[\/vc_column_text][vc_btn title=&#8221;Read the interview&#8221; color=&#8221;primary&#8221; size=&#8221;sm&#8221; link=&#8221;url:https%3A%2F%2Fwww.alide.org.pe%2Fwp-content%2Fuploads%2F2025%2F09%2FInterview-BD-JANUARY-MARCH-2025-17-22.pdf&#8221;][\/vc_column][\/vc_row][vc_row][vc_column width=&#8221;1\/4&#8243;][vc_single_image image=&#8221;32143&#8243; img_size=&#8221;full&#8221;][\/vc_column][vc_column width=&#8221;3\/4&#8243;][vc_column_text]<em><span style=\"color: #013c7b;\">&#8220;In countries such as the Dominican Republic, where agriculture is highly impacted by climate change, the Development Banking can greatly contribute to the channeling of resources directed at transforming agriculture towards a more sustainable and environmentally friendly one&#8221;<\/span><\/em><\/p>\n<p><strong>December, 2024<\/strong>.- Interview With Fernando Dur\u00e1n General Administrator, Banco Agr\u00edcola de la Rep\u00fablica Dominicana (BAGR\u00cdCOLA).[\/vc_column_text][vc_btn title=&#8221;Read the interview&#8221; color=&#8221;primary&#8221; size=&#8221;sm&#8221; link=&#8221;url:https%3A%2F%2Fwww.alide.org.pe%2Fwp-content%2Fuploads%2F2025%2F09%2FInterview-BD-OCTOBER-DECEMBER-2024-9-11.pdf&#8221;][\/vc_column][\/vc_row][vc_row][vc_column width=&#8221;1\/4&#8243;][vc_single_image image=&#8221;32141&#8243; img_size=&#8221;full&#8221;][\/vc_column][vc_column width=&#8221;3\/4&#8243;][vc_column_text]<em><span style=\"color: #013c7b;\">&#8220;We aim to develop financial markets and MSME competitiveness and to contribute to efficient infrastructure financing&#8221;<\/span><\/em><\/p>\n<p><strong>December, 2024<\/strong>.- The President of Corporaci\u00f3n Financiera de Desarrollo (COFIDE), Jorge Velarde Arn\u00e1ez, reflects on COFIDE\u2019s basic role in infrastructure finance and boosting the competitiveness of MSMEs in Peru.[\/vc_column_text][vc_btn title=&#8221;Read the interview&#8221; color=&#8221;primary&#8221; size=&#8221;sm&#8221; link=&#8221;url:http%3A%2F%2Fchrome-extension%3A%2F%2Fefaidnbmnnnibpcajpcglclefindmkaj%2Fhttps%3A%2F%2Fwww.alide.org.pe%2Fwp-content%2Fuploads%2F2025%2F09%2FInterview-BD-JULY-SEPTEMBER-2024-12-15.pdf&#8221;][\/vc_column][\/vc_row][vc_row disable_element=&#8221;yes&#8221;][vc_column width=&#8221;1\/4&#8243;][vc_single_image image=&#8221;1267&#8243; img_size=&#8221;full&#8221;][\/vc_column][vc_column width=&#8221;3\/4&#8243;][vc_column_text]<a class=\"azul\" href=\"http:\/\/www.alide.org\/download\/2017\/Entrevista%20BancoEstado.pdf\" target=\"_blank\" rel=\"noopener\">&#8220;Nuestro rol desde hace m\u00e1s de 160 a\u00f1os es impulsar la inclusi\u00f3n financiera en Chile&#8221;<\/a><br \/>\n<a class=\"gorro\" target=\"_blank\" rel=\"noopener\">Entrevista a Jessica L\u00f3pez, gerente general ejecutiva de BancoEstado de Chile. <\/a><\/p>\n<p><a class=\"texto\"><strong>Junio 2017.- <\/strong><br \/>\n<\/a> <span class=\"texto\">El grado de bancarizaci\u00f3n que exhibe Chile guarda relaci\u00f3n directa con la gesti\u00f3n hist\u00f3rica de<\/span><a class=\"texto\" href=\"https:\/\/www.bancoestado.cl\/imagenes\/_personas\/home\/default.asp\"> <strong><span class=\"azul4\">BancoEstado<\/span><\/strong>. <\/a><span class=\"texto\">Algunos hitos recientes: en 1996 crearon el programa de Microempresas (550 mil clientes), en 2005 crearon CajaVecina, la red de corresponsal\u00eda bancaria m\u00e1s importante del pa\u00eds; y en 2016 integraron a 900 mil personas al sistema a trav\u00e9s de la CuentaRUT.<\/span> <a class=\"continua\" href=\"http:\/\/www.alide.org\/download\/2017\/Entrevista%20BancoEstado.pdf\" target=\"_blank\" rel=\"noopener\"><strong>&gt;&gt; Ver m\u00e1s<\/strong><\/a>[\/vc_column_text][\/vc_column][\/vc_row][vc_row disable_element=&#8221;yes&#8221;][vc_column width=&#8221;1\/4&#8243;][vc_single_image image=&#8221;1268&#8243; img_size=&#8221;full&#8221;][\/vc_column][vc_column width=&#8221;3\/4&#8243;][vc_column_text]<a class=\"azul\" href=\"http:\/\/www.elnuevodiario.com.ni\/economia\/425933-rol-banca-desarrollo-pais\/\" target=\"_blank\" rel=\"noopener\">&#8220;Estrategia del BFP consiste en liderar el financiamiento a segmentos con un alto impacto en la econom\u00eda del pa\u00eds&#8221; <\/a><br \/>\n<a class=\"gorro\" target=\"_blank\" rel=\"noopener\">Entrevista a Daniel Otazo Fagalde, gerente general del Banco de Fomento a la Producci\u00f3n (BFP)<\/a><a class=\"gorro\" target=\"_blank\" rel=\"noopener\"> de Nicaragua<\/a><\/p>\n<p><a class=\"texto\"><strong>Abril 27 2017.- <\/strong><br \/>\n<\/a> <span class=\"texto\">Seg\u00fan valora Daniel Otazo Fagalde,sivame gerente general de BFP, el mercado nicarag\u00fcense est\u00e1 constituido exclunte por la banca comercial, de ah\u00ed que se asuma que la banca de desarrollo tiene los mismos fines.<\/span><a class=\"continua\" href=\"http:\/\/www.elnuevodiario.com.ni\/economia\/425933-rol-banca-desarrollo-pais\/\" target=\"_blank\" rel=\"noopener\"><strong>&gt;&gt; Ver m\u00e1s<\/strong><\/a>[\/vc_column_text][\/vc_column][\/vc_row][vc_row disable_element=&#8221;yes&#8221;][vc_column width=&#8221;1\/4&#8243;][vc_single_image image=&#8221;1269&#8243; img_size=&#8221;full&#8221;][\/vc_column][vc_column width=&#8221;3\/4&#8243;][vc_column_text]<a class=\"azul\" href=\"http:\/\/www.elobservador.com.uy\/gerenta-general-del-brou-trabajamos-estar-contacto-mas-cercano-los-clientes-n1056962\" target=\"_blank\" rel=\"noopener\">&#8220;Trabajamos para estar en contacto m\u00e1s cercano con los clientes&#8221;<\/a><br \/>\n<a class=\"gorro\" target=\"_blank\" rel=\"noopener\">Entrevista a Mariela Espino, gerenta general del Banco Rep\u00fablica Oriental del Uruguay (BROU)<\/a><\/p>\n<p><a class=\"texto\"><strong>Abril 13 2017.- <\/strong><br \/>\n<\/a> <span class=\"texto\">En 2014 Mariela Espino fue nombrada en la gerencia general y es la primera mujer en asumir ese rol en la punta de la pir\u00e1mide organizacional. Trabajar en equipo es uno de los aspectos que trata de ejecutar en su gesti\u00f3n, en un momento en el que el banco avanza en consolidar la reconversi\u00f3n tecnol\u00f3gica.<\/span> <a class=\"continua\" href=\"http:\/\/www.elobservador.com.uy\/gerenta-general-del-brou-trabajamos-estar-contacto-mas-cercano-los-clientes-n1056962\" target=\"_blank\" rel=\"noopener\"><strong>&gt;&gt; Ver m\u00e1s<\/strong><\/a>[\/vc_column_text][\/vc_column][\/vc_row][vc_row disable_element=&#8221;yes&#8221;][vc_column width=&#8221;1\/4&#8243;][vc_single_image image=&#8221;1270&#8243; img_size=&#8221;full&#8221;][\/vc_column][vc_column width=&#8221;3\/4&#8243;][vc_column_text]<a class=\"azul\" href=\"http:\/\/www.busqueda.com.uy\/nota\/desde-su-reestructura-votada-diez-anos-atras-el-bhu-presto-us-1000-millones-y-esta-en\" target=\"_blank\" rel=\"noopener\">Desde su reestructuraci\u00f3n, BHU prest\u00f3 US$ 1 mil millones y est\u00e1 en equilibrio<\/a><br \/>\n<a class=\"gorro\" target=\"_blank\" rel=\"noopener\">Entrevista a Ana Salveraglio, presidente del Banco Hipotecario del Uruguay <\/a><a class=\"gorro\" target=\"_blank\" rel=\"noopener\"> (BHU).<\/a><\/p>\n<p><a class=\"texto\"><strong>Marzo 29 2017.- <\/strong><br \/>\n<\/a> <span class=\"texto\">A diez a\u00f1os de la aprobaci\u00f3n de la ley que reform\u00f3 al Banco Hipotecario (BHU), su presidenta, Ana Salveraglio, evalu\u00f3 que los n\u00fameros actuales de la instituci\u00f3n \u201cimpactan\u201d. Desde que pudo volver a dar cr\u00e9ditos a fines de 2008 hasta hoy otorg\u00f3 U$S 1.000 millones, destac\u00f3.<\/span> <a class=\"continua\" href=\"http:\/\/www.busqueda.com.uy\/nota\/desde-su-reestructura-votada-diez-anos-atras-el-bhu-presto-us-1000-millones-y-esta-en\" target=\"_blank\" rel=\"noopener\"><strong>&gt;&gt; Ver m\u00e1s<\/strong><\/a>[\/vc_column_text][\/vc_column][\/vc_row][vc_row disable_element=&#8221;yes&#8221;][vc_column width=&#8221;1\/4&#8243;][vc_single_image image=&#8221;1271&#8243; img_size=&#8221;full&#8221;][\/vc_column][vc_column width=&#8221;3\/4&#8243;][vc_column_text]<a class=\"azul\" href=\"https:\/\/www.cartacapital.com.br\/economia\/bancos-publicos-precisam-servir-a-sociedade\" target=\"_blank\" rel=\"noopener\">&#8220;Bancos p\u00fablicos precisam servir \u00e0 sociedade&#8221;<\/a><br \/>\n<a class=\"gorro\" target=\"_blank\" rel=\"noopener\">Entrevista a Marco Crocco, presidente de <\/a><a class=\"gorro\" target=\"_blank\" rel=\"noopener\">Banco de Desenvolvimento de Minas Gerais (BDMG), de Brasil.<\/a><\/p>\n<p><a class=\"texto\"><strong>Marzo 24 2017.- <\/strong><br \/>\n<\/a> <a class=\"texto\" href=\"http:\/\/www.bdmg.mg.gov.br\/Paginas\/Home.aspx\">Institui\u00e7\u00f5es financeiras voltadas para o desenvolvimento s\u00e3o cruciais \u00e0 economia, em especial nas crises, mostra o exemplo do <span class=\"azul3\">Banco de Desenvolvimento de Minas Gerais<\/span>. Os desembolsos sectoriais do BDMG contribu\u00edram de forma relevante para acelerar a expans\u00e3o econ\u00f4mica.<\/a> <a class=\"continua\" href=\"https:\/\/www.cartacapital.com.br\/economia\/bancos-publicos-precisam-servir-a-sociedade\" target=\"_blank\" rel=\"noopener\"><strong>&gt;&gt; Ver m\u00e1s<\/strong><\/a>[\/vc_column_text][\/vc_column][\/vc_row][vc_row disable_element=&#8221;yes&#8221;][vc_column width=&#8221;1\/4&#8243;][vc_single_image image=&#8221;1272&#8243; img_size=&#8221;full&#8221;][\/vc_column][vc_column width=&#8221;3\/4&#8243;][vc_column_text]<a class=\"azul\" href=\"http:\/\/www.iprofesional.com\/notas\/246679-Gonzlez-Fraga-Las-Pymes-en-la-Argentina-quiebran-porque-los-bancos-les-cobran-tasas-de-inters-abusivas\" target=\"_blank\" rel=\"noopener\">&#8220;Las Pymes en la Argentina quiebran por las tasas de inter\u00e9s abusivas&#8221;<\/a><br \/>\n<a class=\"gorro\" target=\"_blank\" rel=\"noopener\">Entrevista a Javier Gonz\u00e1lez Fraga, presidente del<\/a><a class=\"gorro\" target=\"_blank\" rel=\"noopener\"> Banco Naci\u00f3n de Argentina.<\/a><\/p>\n<p><a class=\"texto\"><strong>Marzo 09 2017.- <\/strong><br \/>\n<\/a> <a class=\"texto\">El flamante presidente del Banco Naci\u00f3n detall\u00f3 su plan de gesti\u00f3n. Se muestra entusiasmado con la idea de ser la &#8220;pata keynesiana&#8221; en el Gobierno macrista y aspira a canalizar los fondos desde los t\u00edtulos p\u00fablicos hacia el sector productivo.<\/a> <a class=\"continua\" href=\"http:\/\/www.iprofesional.com\/notas\/246679-Gonzlez-Fraga-Las-Pymes-en-la-Argentina-quiebran-porque-los-bancos-les-cobran-tasas-de-inters-abusivas\" target=\"_blank\" rel=\"noopener\"><strong>&gt;&gt; Ver m\u00e1s<\/strong><\/a>[\/vc_column_text][\/vc_column][\/vc_row][vc_row disable_element=&#8221;yes&#8221;][vc_column width=&#8221;1\/4&#8243;][vc_single_image image=&#8221;1273&#8243; img_size=&#8221;full&#8221;][\/vc_column][vc_column width=&#8221;3\/4&#8243;][vc_column_text]<a class=\"azul\" href=\"http:\/\/www.elfinanciero.com.mx\/economia\/agro-vive-su-mejor-momento-dice-fira.html\" target=\"_blank\" rel=\"noopener\">&#8220;El agro en M\u00e9xico vive su mejor momento&#8221;<\/a><br \/>\n<a class=\"gorro\" target=\"_blank\" rel=\"noopener\">Entrevista a Rafael Gamboa Gonz\u00e1lez, director general de Fideicomisos Instituidos en Relaci\u00f3n con la Agricultura (FIRA).<\/a><\/p>\n<p><a class=\"texto\"><strong>Febrero 22 2017.- <\/strong><br \/>\n<\/a> <a class=\"texto\">El sector primario de M\u00e9xico est\u00e1 en uno de sus mejores momentos y eso se refleja en las cifras macroecon\u00f3micas que arroja, asegur\u00f3 Rafael Gamboa Gonz\u00e1lez, director general de los Fideicomisos Instituidos en Relaci\u00f3n con la Agricultura (FIRA).<\/a> <a class=\"continua\" href=\"http:\/\/www.elfinanciero.com.mx\/economia\/agro-vive-su-mejor-momento-dice-fira.html\" target=\"_blank\" rel=\"noopener\"><strong>&gt;&gt; Ver m\u00e1s<\/strong><\/a>[\/vc_column_text][\/vc_column][\/vc_row][vc_row disable_element=&#8221;yes&#8221;][vc_column width=&#8221;1\/4&#8243;][vc_single_image image=&#8221;1274&#8243; img_size=&#8221;full&#8221;][\/vc_column][vc_column width=&#8221;3\/4&#8243;][vc_column_text]<a class=\"azul\" href=\"https:\/\/www.elsoldemexico.com.mx\/finanzas\/597773-bancomext-esta-bien-armado-para-diversificar-exportaciones-mexicanas\" target=\"_blank\" rel=\"noopener\">&#8220;Bancomext est\u00e1 bien armado para diversificar exportaciones mexicanas&#8221; <\/a><br \/>\n<a class=\"gorro\" target=\"_blank\" rel=\"noopener\">Entrevista a Francisco Nicol\u00e1s Gonz\u00e1lez, director general de Banco Nacional de Comercio Exterior (Bancomext), de M\u00e9xico.<\/a><\/p>\n<p><a class=\"texto\"><strong>Febrero 20 2017.- <\/strong><br \/>\n<\/a> <a class=\"texto\">El director general comenta la estrategia del Bancomext para apoyar a las empresas de M\u00e9xico en su proceso de diversificaci\u00f3n e internacionalizaci\u00f3n, en el marco de un escenario m\u00e1s complejo de la econom\u00eda global.<\/a> <a class=\"continua\" href=\"https:\/\/www.elsoldemexico.com.mx\/finanzas\/597773-bancomext-esta-bien-armado-para-diversificar-exportaciones-mexicanas\" target=\"_blank\" rel=\"noopener\"><strong>&gt;&gt; Ver m\u00e1s<\/strong><\/a>[\/vc_column_text][\/vc_column][\/vc_row][vc_row disable_element=&#8221;yes&#8221;][vc_column width=&#8221;1\/4&#8243;][vc_single_image image=&#8221;1275&#8243; img_size=&#8221;full&#8221;][\/vc_column][vc_column width=&#8221;3\/4&#8243;][vc_column_text]<a class=\"azul\" href=\"http:\/\/www.elespectador.com\/noticias\/economia\/creditos-entes-territoriales-entre-los-planes-de-finagr-articulo-675575\" target=\"_blank\" rel=\"noopener\">\u201cCr\u00e9ditos a entes territoriales, entre los planes de Finagro para el 2017\u201d<\/a><br \/>\n<a class=\"gorro\" target=\"_blank\" rel=\"noopener\">Entrevista a Carlos Ramiro Ch\u00e1varro, presidente de Fondo para el Financiamiento del Sector Agropecuario (Finagro), de Colombia. <\/a><\/p>\n<p><a class=\"texto\"><strong>Enero 19 2017.- <\/strong><br \/>\n<\/a> <a class=\"texto\">En entrevista con El Espectador asegur\u00f3 que uno de sus principales retos es seguir direccionando recursos a los primeros eslabones de la producci\u00f3n y aumentar la cobertura en los peque\u00f1os productores.<\/a> <a class=\"continua\" href=\"http:\/\/www.elespectador.com\/noticias\/economia\/creditos-entes-territoriales-entre-los-planes-de-finagr-articulo-675575\" target=\"_blank\" rel=\"noopener\"><strong>&gt;&gt; Ver m\u00e1s<\/strong><\/a>[\/vc_column_text][\/vc_column][\/vc_row]<\/p>\n<\/div>","protected":false},"excerpt":{"rendered":"<p>[vc_row][vc_column][vc_empty_space][vc_custom_heading source=&#8221;post_title&#8221; font_container=&#8221;tag:h2|font_size:30px|text_align:left|color:%23013c7b&#8221; use_theme_fonts=&#8221;yes&#8221;][vc_empty_space height=&#8221;10px&#8221;][\/vc_column][\/vc_row][vc_row][vc_column width=&#8221;1\/4&#8243;][vc_single_image image=&#8221;32127&#8243; img_size=&#8221;large&#8221;][\/vc_column][vc_column width=&#8221;3\/4&#8243;][vc_column_text]&#8220;Most of our investments focus on connecting family farmers and rural communities to markets and providing access to<span class=\"excerpt-hellip\"> [\u2026]<\/span><\/p>\n","protected":false},"author":3,"featured_media":0,"parent":2509,"menu_order":0,"comment_status":"closed","ping_status":"closed","template":"","meta":{"_uag_custom_page_level_css":"","footnotes":""},"class_list":["post-2512","page","type-page","status-publish","hentry"],"yoast_head":"<!-- This site is optimized with the Yoast SEO plugin v26.1.1 - https:\/\/yoast.com\/wordpress\/plugins\/seo\/ -->\n<title>Interviews - ALIDE<\/title>\n<meta name=\"robots\" content=\"index, follow, max-snippet:-1, max-image-preview:large, max-video-preview:-1\" \/>\n<link rel=\"canonical\" href=\"https:\/\/www.alide.org.pe\/en\/sala-de-prensa\/entrevistas-2\/\" \/>\n<meta property=\"og:locale\" content=\"en_US\" \/>\n<meta property=\"og:type\" content=\"article\" \/>\n<meta property=\"og:title\" content=\"Interviews - ALIDE\" \/>\n<meta property=\"og:description\" content=\"[vc_row][vc_column][vc_empty_space][vc_custom_heading source=&#8221;post_title&#8221; font_container=&#8221;tag:h2|font_size:30px|text_align:left|color:%23013c7b&#8221; use_theme_fonts=&#8221;yes&#8221;][vc_empty_space height=&#8221;10px&#8221;][\/vc_column][\/vc_row][vc_row][vc_column width=&#8221;1\/4&#8243;][vc_single_image image=&#8221;32127&#8243; img_size=&#8221;large&#8221;][\/vc_column][vc_column width=&#8221;3\/4&#8243;][vc_column_text]&#8220;Most of our investments focus on connecting family farmers and rural communities to markets and providing access to [\u2026]\" \/>\n<meta property=\"og:url\" content=\"https:\/\/www.alide.org.pe\/en\/sala-de-prensa\/entrevistas-2\/\" \/>\n<meta property=\"og:site_name\" content=\"ALIDE\" \/>\n<meta property=\"article:publisher\" content=\"https:\/\/www.facebook.com\/alideoficial\/\" \/>\n<meta property=\"article:modified_time\" content=\"2025-09-02T08:48:19+00:00\" \/>\n<meta name=\"twitter:card\" content=\"summary_large_image\" \/>\n<meta name=\"twitter:site\" content=\"@_ALIDE_\" \/>\n<meta name=\"twitter:label1\" content=\"Est. reading time\" \/>\n\t<meta name=\"twitter:data1\" content=\"8 minutes\" \/>\n<script type=\"application\/ld+json\" class=\"yoast-schema-graph\">{\"@context\":\"https:\/\/schema.org\",\"@graph\":[{\"@type\":\"WebPage\",\"@id\":\"https:\/\/www.alide.org.pe\/en\/sala-de-prensa\/entrevistas-2\/\",\"url\":\"https:\/\/www.alide.org.pe\/en\/sala-de-prensa\/entrevistas-2\/\",\"name\":\"Interviews - ALIDE\",\"isPartOf\":{\"@id\":\"https:\/\/www.alide.org.pe\/#website\"},\"datePublished\":\"2017-07-10T18:51:19+00:00\",\"dateModified\":\"2025-09-02T08:48:19+00:00\",\"breadcrumb\":{\"@id\":\"https:\/\/www.alide.org.pe\/en\/sala-de-prensa\/entrevistas-2\/#breadcrumb\"},\"inLanguage\":\"en-US\",\"potentialAction\":[{\"@type\":\"ReadAction\",\"target\":[\"https:\/\/www.alide.org.pe\/en\/sala-de-prensa\/entrevistas-2\/\"]}]},{\"@type\":\"BreadcrumbList\",\"@id\":\"https:\/\/www.alide.org.pe\/en\/sala-de-prensa\/entrevistas-2\/#breadcrumb\",\"itemListElement\":[{\"@type\":\"ListItem\",\"position\":1,\"name\":\"Portada\",\"item\":\"https:\/\/www.alide.org.pe\/en\/\"},{\"@type\":\"ListItem\",\"position\":2,\"name\":\"Press Room\",\"item\":\"https:\/\/www.alide.org.pe\/en\/sala-de-prensa\/\"},{\"@type\":\"ListItem\",\"position\":3,\"name\":\"Interviews\"}]},{\"@type\":\"WebSite\",\"@id\":\"https:\/\/www.alide.org.pe\/#website\",\"url\":\"https:\/\/www.alide.org.pe\/\",\"name\":\"ALIDE\",\"description\":\"Asociaci\u00f3n Latinoamericana de Instituciones Financieras para el Desarrollo\",\"potentialAction\":[{\"@type\":\"SearchAction\",\"target\":{\"@type\":\"EntryPoint\",\"urlTemplate\":\"https:\/\/www.alide.org.pe\/?s={search_term_string}\"},\"query-input\":{\"@type\":\"PropertyValueSpecification\",\"valueRequired\":true,\"valueName\":\"search_term_string\"}}],\"inLanguage\":\"en-US\"}]}<\/script>\n<!-- \/ Yoast SEO plugin. -->","yoast_head_json":{"title":"Interviews - ALIDE","robots":{"index":"index","follow":"follow","max-snippet":"max-snippet:-1","max-image-preview":"max-image-preview:large","max-video-preview":"max-video-preview:-1"},"canonical":"https:\/\/www.alide.org.pe\/en\/sala-de-prensa\/entrevistas-2\/","og_locale":"en_US","og_type":"article","og_title":"Interviews - ALIDE","og_description":"[vc_row][vc_column][vc_empty_space][vc_custom_heading source=&#8221;post_title&#8221; font_container=&#8221;tag:h2|font_size:30px|text_align:left|color:%23013c7b&#8221; use_theme_fonts=&#8221;yes&#8221;][vc_empty_space height=&#8221;10px&#8221;][\/vc_column][\/vc_row][vc_row][vc_column width=&#8221;1\/4&#8243;][vc_single_image image=&#8221;32127&#8243; img_size=&#8221;large&#8221;][\/vc_column][vc_column width=&#8221;3\/4&#8243;][vc_column_text]&#8220;Most of our investments focus on connecting family farmers and rural communities to markets and providing access to [\u2026]","og_url":"https:\/\/www.alide.org.pe\/en\/sala-de-prensa\/entrevistas-2\/","og_site_name":"ALIDE","article_publisher":"https:\/\/www.facebook.com\/alideoficial\/","article_modified_time":"2025-09-02T08:48:19+00:00","twitter_card":"summary_large_image","twitter_site":"@_ALIDE_","twitter_misc":{"Est. reading time":"8 minutes"},"schema":{"@context":"https:\/\/schema.org","@graph":[{"@type":"WebPage","@id":"https:\/\/www.alide.org.pe\/en\/sala-de-prensa\/entrevistas-2\/","url":"https:\/\/www.alide.org.pe\/en\/sala-de-prensa\/entrevistas-2\/","name":"Interviews - ALIDE","isPartOf":{"@id":"https:\/\/www.alide.org.pe\/#website"},"datePublished":"2017-07-10T18:51:19+00:00","dateModified":"2025-09-02T08:48:19+00:00","breadcrumb":{"@id":"https:\/\/www.alide.org.pe\/en\/sala-de-prensa\/entrevistas-2\/#breadcrumb"},"inLanguage":"en-US","potentialAction":[{"@type":"ReadAction","target":["https:\/\/www.alide.org.pe\/en\/sala-de-prensa\/entrevistas-2\/"]}]},{"@type":"BreadcrumbList","@id":"https:\/\/www.alide.org.pe\/en\/sala-de-prensa\/entrevistas-2\/#breadcrumb","itemListElement":[{"@type":"ListItem","position":1,"name":"Portada","item":"https:\/\/www.alide.org.pe\/en\/"},{"@type":"ListItem","position":2,"name":"Press Room","item":"https:\/\/www.alide.org.pe\/en\/sala-de-prensa\/"},{"@type":"ListItem","position":3,"name":"Interviews"}]},{"@type":"WebSite","@id":"https:\/\/www.alide.org.pe\/#website","url":"https:\/\/www.alide.org.pe\/","name":"ALIDE","description":"Asociaci\u00f3n Latinoamericana de Instituciones Financieras para el Desarrollo","potentialAction":[{"@type":"SearchAction","target":{"@type":"EntryPoint","urlTemplate":"https:\/\/www.alide.org.pe\/?s={search_term_string}"},"query-input":{"@type":"PropertyValueSpecification","valueRequired":true,"valueName":"search_term_string"}}],"inLanguage":"en-US"}]}},"uagb_featured_image_src":{"full":false,"thumbnail":false,"medium":false,"medium_large":false,"large":false,"1536x1536":false,"2048x2048":false,"post-thumbnail":false,"50x50":false,"clients-slider":false,"slider-content":false,"testimonials":false,"blog-navi":false,"portfolio-mf":false,"portfolio-mf-w":false,"portfolio-mf-t":false,"portfolio-list":false,"blog-portfolio":false,"blog-single":false},"uagb_author_info":{"display_name":"ALIDE","author_link":"https:\/\/www.alide.org.pe\/en\/author\/hanguk\/"},"uagb_comment_info":0,"uagb_excerpt":"[vc_row][vc_column][vc_empty_space][vc_custom_heading source=&#8221;post_title&#8221; font_container=&#8221;tag:h2|font_size:30px|text_align:left|color:%23013c7b&#8221; use_theme_fonts=&#8221;yes&#8221;][vc_empty_space height=&#8221;10px&#8221;][\/vc_column][\/vc_row][vc_row][vc_column width=&#8221;1\/4&#8243;][vc_single_image image=&#8221;32127&#8243; img_size=&#8221;large&#8221;][\/vc_column][vc_column width=&#8221;3\/4&#8243;][vc_column_text]&#8220;Most of our investments focus on connecting family farmers and rural communities to markets and providing access to [\u2026]","_links":{"self":[{"href":"https:\/\/www.alide.org.pe\/en\/wp-json\/wp\/v2\/pages\/2512","targetHints":{"allow":["GET"]}}],"collection":[{"href":"https:\/\/www.alide.org.pe\/en\/wp-json\/wp\/v2\/pages"}],"about":[{"href":"https:\/\/www.alide.org.pe\/en\/wp-json\/wp\/v2\/types\/page"}],"author":[{"embeddable":true,"href":"https:\/\/www.alide.org.pe\/en\/wp-json\/wp\/v2\/users\/3"}],"replies":[{"embeddable":true,"href":"https:\/\/www.alide.org.pe\/en\/wp-json\/wp\/v2\/comments?post=2512"}],"version-history":[{"count":8,"href":"https:\/\/www.alide.org.pe\/en\/wp-json\/wp\/v2\/pages\/2512\/revisions"}],"predecessor-version":[{"id":32152,"href":"https:\/\/www.alide.org.pe\/en\/wp-json\/wp\/v2\/pages\/2512\/revisions\/32152"}],"up":[{"embeddable":true,"href":"https:\/\/www.alide.org.pe\/en\/wp-json\/wp\/v2\/pages\/2509"}],"wp:attachment":[{"href":"https:\/\/www.alide.org.pe\/en\/wp-json\/wp\/v2\/media?parent=2512"}],"curies":[{"name":"wp","href":"https:\/\/api.w.org\/{rel}","templated":true}]}}