{"id":2511,"date":"2017-07-10T18:51:05","date_gmt":"2017-07-10T18:51:05","guid":{"rendered":"https:\/\/www.alide.org.pe\/sala-de-prensa\/noticias-de-nuestros-miembros\/"},"modified":"2025-09-02T16:45:43","modified_gmt":"2025-09-02T16:45:43","slug":"news-from-our-members","status":"publish","type":"page","link":"https:\/\/www.alide.org.pe\/en\/sala-de-prensa\/news-from-our-members\/","title":{"rendered":"News from our Members"},"content":{"rendered":"<div class=\"wpb-content-wrapper\"><p>[vc_row disable_element=&#8221;yes&#8221;][vc_column][vc_single_image image=&#8221;32046&#8243; img_size=&#8221;large&#8221; alignment=&#8221;center&#8221;][\/vc_column][\/vc_row][vc_row][vc_column][vc_custom_heading text=&#8221;News from our members&#8221; font_container=&#8221;tag:h2|font_size:30px|text_align:left|color:%23013c7b&#8221; use_theme_fonts=&#8221;yes&#8221;][vc_column_text]<\/p>\n<h2>2025<\/h2>\n<h2>August<\/h2>\n<p><span style=\"color: #000000;\"><strong>28 Aug.- <\/strong><a href=\"https:\/\/www.kfw.de\/About-KfW\/Newsroom\/Latest-News\/News-Details_861696.html\">Improved promotional conditions under the KfW Climate-friendly construction in the low-price segment programme from 1 September 2025.<\/a><br \/>\n<strong>28 Aug.- <\/strong><a href=\"https:\/\/www.bfa.gob.sv\/2025\/08\/28\/bfa-impulsa-a-los-microempresarios-informales-con-un-credito-agil-accesible-y-aprobado-hasta-en-48-horas\/\">BFA Empowers Informal Microentrepreneurs with Fast, Accessible Credit Approved in Up to 48 Hours.<\/a><strong><br \/>\n<\/strong><\/span><span style=\"color: #000000;\"><strong>21 Aug.- <\/strong><a href=\"https:\/\/www.bdp.com.bo\/emprende-joven-bdp-impulsa-a-mas-de-400-emprendedores-con-bs-307-millones\/\">Emprende Joven BDP supports more than 400 entrepreneurs with Bs 30.7 million.<\/a><strong><br \/>\n20 Aug.- <\/strong><a href=\"https:\/\/www.bdc.ca\/en\/about\/mediaroom\/news-releases\/bdc-launches-200m-fund-ii-to-power-canadas-next-wave-of-industrial-innovation\">BDC Launches $200M\u202fFund II\u202fto Power Canada\u2019s Next Wave of Industrial Innovation.<\/a><strong><br \/>\n<\/strong><\/span><\/p>\n<h2>July<\/h2>\n<p><span style=\"color: #000000;\"><strong>29 Jul.- <\/strong><a href=\"https:\/\/www.dfcbelize.org\/development-finance-corporation-dfc-and-belize-fund-sign-mou\/\">Development Finance Corporation (DFC) and Belize Fund Sign MOU.<\/a><br \/>\n<strong>24 Jul.- <\/strong><a href=\"https:\/\/www.cofides.es\/en\/noticias\/notas-de-prensa\/cofides-participates-syndicated-loan-granted-gri-renewable-industries\">COFIDES participates in a syndicated loan granted to GRI Renewable Industries aimed to boost offshore wind power in Europe.<\/a><br \/>\n<\/span><\/p>\n<h2>June<\/h2>\n<p><span style=\"color: #000000;\"><strong>23 Jun.- <\/strong><a href=\"https:\/\/www.afd.fr\/en\/actualites\/unoc-2025-afd-ambitions-france-ocean\">UNOC 2025: AFD honors France\u2019s ocean commitments.<\/a><br \/>\n<\/span><\/p>\n<h2>February<\/h2>\n<p><span style=\"color: #000000;\"><strong>19 Feb.- <\/strong><a href=\"https:\/\/www.bndes.gov.br\/SiteBNDES\/bndes\/bndes_en\/conteudos\/noticia\/BNDES-and-CEXIM-sign-agreement-to-strengthen-co-investments-and-cooperation-between-Brazil-and-China\/\">BNDES and CEXIM sign agreement to strengthen co-investments and cooperation between Brazil and China.<\/a><br \/>\n<\/span>[\/vc_column_text][\/vc_column][\/vc_row][vc_row disable_element=&#8221;yes&#8221;][vc_column][vc_custom_heading text=&#8221;<strong>Noticias sobre las instituciones miembros<\/strong>&#8221; font_container=&#8221;tag:h2|font_size:30px|text_align:left|color:%23013c7b&#8221; use_theme_fonts=&#8221;yes&#8221;][vc_column_text]<\/p>\n<h2>2020<\/h2>\n<h2>Abril<\/h2>\n<p><span style=\"color: #000000;\"><strong>29 abr.- <\/strong><a href=\"http:\/\/bit.ly\/2zfStbP\">Findeter prestar\u00e1 a las empresas de servicios p\u00fablicos para diferir el pago de recibos.<\/a><br \/>\n<strong>29 abr.- <\/strong><a href=\"https:\/\/bit.ly\/3ddE2U5\">Cofide: M\u00e1s de 53.000 mypes son beneficiadas con Fondo de Apoyo Empresarial con recursos por cerca US$ 200 millones.<\/a><strong><br \/>\n28 abr.- <\/strong><a href=\"http:\/\/bit.ly\/2A5tjNs\">BNB destina R $ 5 millones a proyectos de innovaci\u00f3n para combatir Covid-19.<\/a><\/span><br \/>\n<span style=\"color: #000000;\"><strong>23 abr.- <\/strong><a href=\"http:\/\/bit.ly\/2VzuKfh\">El Banco de Desarrollo del Consejo de Europa y el ICO financiar\u00e1n con 334 millones de euros a pymes y aut\u00f3nomos espa\u00f1oles.<\/a><br \/>\n<strong>20 abr.- <\/strong><a href=\"http:\/\/bit.ly\/3cU38XX\">Los fondos de garant\u00eda como herramienta para salvar a las mipymes.<\/a><br \/>\n<strong>20 abr.- <\/strong><a href=\"https:\/\/bit.ly\/2KBsoGj\">Banreservas anuncia nuevas medidas de flexibilizaci\u00f3n para el sector comercial.<\/a><br \/>\n<strong>17 abr.- <\/strong><a href=\"https:\/\/bit.ly\/3aPOBLI\">BID apoya a Centroam\u00e9rica y Dominicana frente al covid-19.<\/a><br \/>\n<strong>17 abr.- <\/strong><a href=\"http:\/\/bit.ly\/2YkMOM9\">FMI Aprueba US$327 Millones para Bolivia para Enfrentar la Pandemia de la COVID-19. <\/a><br \/>\n<strong>15 abr.- <\/strong><a href=\"https:\/\/bit.ly\/2VUCbfV\">BNF pone a disposici\u00f3n cr\u00e9ditos para el sector tur\u00edstico como medida de contingencia para mitigar el impacto del covid19.<\/a><br \/>\n<strong>14 abr.- <\/strong><a href=\"https:\/\/bit.ly\/2SfQif0\">BNDES financia 300 camas de UCI para hospitales p\u00fablicos.<\/a><strong><br \/>\n06 abr.- <\/strong><a href=\"https:\/\/bit.ly\/3fh68Qh\">Findeter lanza l\u00ednea cr\u00e9dito para apoyar a los sectores p\u00fablico y privado afectados por el Covid-19.<\/a><strong><br \/>\n<\/strong><\/span><\/p>\n<h2>Marzo<\/h2>\n<p><span style=\"color: #000000;\"><strong>31 mar.- <\/strong><a href=\"https:\/\/www.correio24horas.com.br\/amp\/nid\/bancos-publicos-reduzem-taxas-e-suspendem-parcelas-durante-a-pandemia\/\">Los bancos p\u00fablicos reducen las tarifas y suspenden las cuotas durante la pandemia.<\/a><br \/>\n<strong>27 mar.- <\/strong><a href=\"https:\/\/contactonews.co\/noticias\/8388-banco-nacional-fomento-propone-nuevas-facilidades-creditos-empresas-afectadas-covid-19\">El Banco Nacional de Fomento propone nuevas facilidades para cr\u00e9ditos a empresas afectadas por el COVID-19<\/a><strong><br \/>\n26 mar.- <\/strong><a href=\"https:\/\/www.transporteprofesional.es\/ultimas-noticias\/el-gobierno-crea-una-linea-de-avales-ico-para-empresas-y-autonomos\">El Gobierno crea una l\u00ednea de avales ICO para empresas y aut\u00f3nomos.<\/a><br \/>\n<strong>25 mar.- <\/strong><a href=\"https:\/\/id.presidencia.gov.co\/Paginas\/prensa\/2020\/Gobierno-Nacional-autoriza-Findeter-Bancoldex-ofrecer-creditos-tasas-compensadas-como-medida-para-enfrentar-COVID-19-200325.aspx\">Gobierno Nacional autoriza a Findeter y Banc\u00f3ldex ofrecer cr\u00e9ditos con tasas compensadas, como medida para enfrentar el COVID-19.<\/a><br \/>\n<strong>25 ene.- <\/strong><a href=\"https:\/\/www.nacion.com\/economia\/banca\/bcie-otorga-credito-por-90-millones-a-banco\/LL7A3MH4DJHZZLVVRPI3Z5XQP4\/story\/?outputType=amp-type\">BCIE otorga cr\u00e9dito de $90 millones a Banco Nacional y a BCR para apoyo al sector productivo por coronavirus.<\/a><br \/>\n<strong>22 mar.- <\/strong><a href=\"https:\/\/bit.ly\/2SHsVuL\">BNDES lanza primeras medidas para fortalecer el flujo de caja de las empresas y apoyar a los trabajadores que enfrentan los efectos del coronavirus.<\/a><br \/>\n<strong>21 mar.- <\/strong><a href=\"https:\/\/www.primicias.ec\/noticias\/economia\/bancos-cooperativas-acciones-emergencia-coronavirus\/\">Bancos y cooperativas flexibilizan condiciones para sus clientes.<\/a><br \/>\n<strong>20 mar.- <\/strong><a href=\"https:\/\/radiohrn.hn\/banhprovi-anuncia-congelamiento-de-capital-e-intereses-en-los-prestamos-por-tres-meses-en-honduras\/\">Banhprovi anuncia congelamiento de capital e intereses en los pr\u00e9stamos por tres meses en Honduras.<\/a><br \/>\n<strong>20 mar.- <\/strong><a href=\"https:\/\/www.t13.cl\/noticia\/emprendedores\/abren-convocatoria-emprendimientos-resuelvan-problematicas-generadas-coronavirus\">Crean millonario fondo para emprendedores que resulevan problem\u00e1ticas generadas por el Covid-19.<\/a><strong><br \/>\n19 mar.- <\/strong><a href=\"https:\/\/www.estrategiaynegocios.net\/lasclavesdeldia\/1365584-330\/centroam%C3%A9rica-y-sus-planes-econ%C3%B3micos-para-enfrentar-al-covid-19\">Centroam\u00e9rica y sus planes econ\u00f3micos para enfrentar al Covid-19.<\/a><br \/>\n<strong>18 mar.- <\/strong><a href=\"https:\/\/delfino.cr\/2020\/03\/infocoop-y-banco-nacional-anuncian-condiciones-crediticias-para-afrontar-el-impacto-del-covid-19\">Infocoop y Banco Nacional anuncian condiciones crediticias para afrontar el impacto del COVID-19.<\/a><strong><br \/>\n10 mar.-<\/strong><a href=\"https:\/\/www.milenio.com\/negocios\/banca-desarrollo-lista-apoyar-pymes-coronavirus\">Banca de desarrollo lista para apoyar a Pymes ante coronavirus.<\/a><\/span><\/p>\n<h2>Febrero<\/h2>\n<p><span style=\"color: #000000;\"><strong>20 feb.- <\/strong><a href=\"https:\/\/www.jornada.com.mx\/ultimas\/economia\/2020\/02\/20\/pese-a-crisis-economica-sofomes-colocara-20-mas-de-credito-806.html\">Pese a crisis econ\u00f3mica, Sofomes colocar\u00e1n 20% m\u00e1s de cr\u00e9dito.<\/a><br \/>\n<strong>20 feb.- <\/strong><a href=\"https:\/\/www.cofides.es\/noticias\/notas-de-prensa\/cofides-reconoce-empresas-instituciones-han-contribuido-favorecer\">COFIDES reconoce a empresas e instituciones que han contribuido a favorecer la internacionalizaci\u00f3n y el desarrollo<\/a><strong>.<\/strong><strong><br \/>\n18 feb.- <\/strong><a href=\"https:\/\/www.gacetamercantil.com\/notas\/162407\/\">Enero con r\u00e9cord hist\u00f3rico de negociaci\u00f3n de cheques de pago diferido en Argentina.<\/a><br \/>\n<strong>14 feb.- <\/strong><a href=\"https:\/\/www.ico.es\/web\/ico\/notas-de-prensa\/-\/blogs\/sevilla-amplia-el-parque-de-vivienda-social-con-la-financiacion-del-bei-e-ico?_33_redirect=https:\/\/www.ico.es\/web\/ico\/notas-de-prensa%3Fp_p_id%3D33%26p_p_lifecycle%3D0%26p_p_state%3Dnormal%26p_p_mode%3Dview%26p_p_col_id%3Dcolumn-2%26p_p_col_pos%3D1%26p_p_col_count%3D2\">Sevilla ampl\u00eda el parque de vivienda social con la financiaci\u00f3n del BEI e ICO.<\/a><br \/>\n<strong>10 feb.- <\/strong><a href=\"https:\/\/www.lareforma.com.ar\/anuncia-nueva-linea-creditos-del-banco-nacion-n56531\">Anuncia nueva l\u00ednea de cr\u00e9ditos del Banco Naci\u00f3n.<\/a><br \/>\n<strong>06 feb.- <\/strong><a href=\"https:\/\/www.telam.com.ar\/notas\/202002\/430035-provincia-de-buenos-aires-banco-provincia-creditos-pymes.html\">El Banco Provincia coloc\u00f3 $ 2500 millones en cr\u00e9ditos para Pymes en los \u00faltimos 10 d\u00edas.<\/a><br \/>\n<strong>04 feb.- <\/strong><a href=\"https:\/\/www.eleconomista.com.mx\/opinion\/Oportunidades-de-inversion-en-Baja-California-Sur-I-20200204-0067.html\">Oportunidades de inversi\u00f3n en Baja California Sur.<\/a><br \/>\n<strong>04 feb.- <\/strong><a href=\"https:\/\/bilateralnoticias.com\/420-millones-invertira-el-banco-de-desarrollo-aleman-para-combatir-la-deforestacion-y-los-delitos-ambientales-este-2020\/\">420 millones invertir\u00e1 el Banco de Desarrollo Alem\u00e1n para combatir la deforestaci\u00f3n y los delitos ambientales este 2020.<\/a><br \/>\n<strong>03 feb.- <\/strong><a href=\"https:\/\/www.eltrueno.com.py\/2020\/02\/13\/credito-agricola-aumentara-en-50-los-prestamos-a-mujeres-emprendedoras\/\">Cr\u00e9dito Agr\u00edcola aumentar\u00e1 en 50% los pr\u00e9stamos a mujeres emprendedoras.<\/a><strong><br \/>\n02 feb.- <\/strong><a href=\"https:\/\/elcomercio.pe\/economia\/peru\/banco-de-la-nacion-se-acerca-a-yape-y-plin-noticia\/\">Banco de la Naci\u00f3n se acerca a Yape y Plin.<\/a><br \/>\n<strong>01 feb.- <\/strong><a href=\"https:\/\/www.cofide.com.pe\/COFIDE\/noticia\/127\/\">Convenio con el Gobierno Regional de Cajamarca.<\/a><strong><br \/>\n01 feb.-<\/strong><a href=\"https:\/\/www.bice.com.ar\/novedades\/onumujeres\/\">BICE adhiri\u00f3 a los principios para el empoderamiento de las mujeres de la ONU.<\/a><\/span><\/p>\n<h2>Enero<\/h2>\n<p><span style=\"color: #000000;\"><strong>30 ene.- <\/strong><a href=\"https:\/\/www.paiscircular.cl\/empresa-e-innovacion\/corfo-abre-linea-de-financiamiento-en-ecodiseno-para-transitar-hacia-la-economia-circular-en-las-empresas\/\" target=\"_blank\" rel=\"noopener\">Corfo abre l\u00ednea de financiamiento en ecodise\u00f1o para transitar hacia la econom\u00eda circular.<\/a><br \/>\n<strong>28 ene.- <\/strong><a href=\"http:\/\/www.diarioelheraldo.cl\/noticia\/indap-potencia-la-imagen-de-sus-mercados-campesinos-de-linares-y-curepto\" target=\"_blank\" rel=\"noopener\">Indap potencia la imagen de sus mercados campesinos.<\/a><strong><br \/>\n27 ene.- <\/strong><a href=\"https:\/\/diariodonordeste.verdesmares.com.br\/editorias\/negocios\/bnb-quer-alcancar-mais-meio-milhao-de-clientes-no-nordeste-em-2020-1.2203752\" target=\"_blank\" rel=\"noopener\">BNB quiere llegar a m\u00e1s de medio mill\u00f3n de clientes en el noreste en 2020.<\/a><br \/>\n<strong>27 ene.- <\/strong><a href=\"https:\/\/www.diariolibre.com\/actualidad\/internacional\/banco-publico-brasileno-espera-5600-millones-de-dolares-por-9-de-petrobras-BK16587457\" target=\"_blank\" rel=\"noopener\">BDMG lanza l\u00ednea de cr\u00e9dito para municipios en caso de emergencia o desastre.<\/a><br \/>\n<strong>27 ene.- <\/strong><a href=\"https:\/\/www.agn.com.gt\/gobierno-de-guatemala-anuncia-automatizacion-y-modernizacion-del-credito-hipotecario-nacional\/\" target=\"_blank\" rel=\"noopener\">Gobierno de Guatemala anuncia automatizaci\u00f3n y modernizaci\u00f3n del CHN.<\/a><br \/>\n<strong>27 ene.- <\/strong><a href=\"https:\/\/lahora.gt\/banrural-se-une-a-microsoft-para-impulsar-agricultura-de-precision\/\" target=\"_blank\" rel=\"noopener\">Banrural se une a Microsoft para impulsar agricultura de precisi\u00f3n.<\/a><br \/>\n<strong>17 ene.- <\/strong><a href=\"http:\/\/www.revistafoco.com.py\/2020\/01\/17\/cah-10-mil-personas-ingresaron-al-sistema-financiero\/\" target=\"_blank\" rel=\"noopener\">CAH: 10 mil personas ingresaron al sistema financiero.<\/a><br \/>\n<strong>16 ene.- <\/strong><a href=\"https:\/\/www.americaeconomia.com\/economia-mercados\/finanzas\/caf-e-ico-lanzan-linea-de-credito-de-us200m-para-impulsar-proyectos\" target=\"_blank\" rel=\"noopener\">CAF e ICO lanzan l\u00ednea de cr\u00e9dito de US$ 200 millones para impulsar proyectos sostenibles en Am\u00e9rica Latina.<\/a><br \/>\n<strong>16 ene.- <\/strong><a href=\"https:\/\/www.bcie.org\/novedades\/noticias\/articulo\/bcie-y-flar-firman-acuerdo-para-impulsar-acciones-conjuntas-en-temas-macroeconomicos-y-de-integracio\/?tx_ttnews[backPid]=1&amp;cHash=4ecae838e9489082ebde959e29a0d088\" target=\"_blank\" rel=\"noopener\">BCIE y FLAR firman acuerdo para impulsar acciones conjuntas en temas macroecon\u00f3micos y de integraci\u00f3n.<\/a><strong><br \/>\n07 ene.- <\/strong><a href=\"https:\/\/www.afd.gov.py\/noticias\/afd-lanza-nuevo-producto-destinado-a-desarrolladores-inmobiliarios-254#\" target=\"_blank\" rel=\"noopener\">AFD lanza nuevo producto destinado a desarrolladores inmobiliarios.<\/a><br \/>\n<strong>06 ene.- <\/strong><a href=\"http:\/\/alide.mailrelay-iv.es\/newslink\/700405\/1275.html\" target=\"_blank\" rel=\"noopener\">Uni\u00f3n Europea y AFD apoyan Plan de Movilidad Urbana Sostenible en La Habana.<\/a><strong><br \/>\n01 ene.- <\/strong><a href=\"https:\/\/larepublica.pe\/economia\/2020\/01\/01\/produce-y-cofide-firmaron-fideicomiso-para-otorgar-prestamos-de-hasta-100000-soles-a-las-mypes\/\" target=\"_blank\" rel=\"noopener\">Produce y Cofide firmaron fideicomiso para otorgar pr\u00e9stamos a mypes.<\/a><\/span><\/p>\n<a class=\"button  button_size_2 button_js\" href=\"https:\/\/www.alide.org.pe\/noticias-miembros-2019\/\" target=\"_blank\"     style=\" background-color:#0088cc !important; color:#ffffff;\"><span class=\"button_label\">Noticias de Miembros 2019<\/span><\/a>\n\n<a class=\"button  button_size_2 button_js\" href=\"https:\/\/www.alide.org.pe\/noticias-miembros-2018\/\" target=\"_blank\"     style=\" background-color:#0088cc !important; color:#ffffff;\"><span class=\"button_label\">Noticias de Miembros 2018<\/span><\/a>\n\n<p><a class=\"button  button_size_2 button_js\" href=\"https:\/\/www.alide.org.pe\/noticias-de-miembros-2017\/\" target=\"_blank\"     style=\" background-color:#0088cc !important; color:#ffffff;\"><span class=\"button_label\">Noticias de Miembros 2017<\/span><\/a>\n[\/vc_column_text][\/vc_column][\/vc_row]<\/p>\n<\/div>","protected":false},"excerpt":{"rendered":"<p>[vc_row disable_element=&#8221;yes&#8221;][vc_column][vc_single_image image=&#8221;32046&#8243; img_size=&#8221;large&#8221; alignment=&#8221;center&#8221;][\/vc_column][\/vc_row][vc_row][vc_column][vc_custom_heading text=&#8221;News from our members&#8221; font_container=&#8221;tag:h2|font_size:30px|text_align:left|color:%23013c7b&#8221; use_theme_fonts=&#8221;yes&#8221;][vc_column_text] 2025 August 28 Aug.- Improved promotional conditions under the KfW Climate-friendly construction in the low-price<span class=\"excerpt-hellip\"> [\u2026]<\/span><\/p>\n","protected":false},"author":3,"featured_media":0,"parent":2509,"menu_order":0,"comment_status":"closed","ping_status":"closed","template":"","meta":{"_uag_custom_page_level_css":"","footnotes":""},"class_list":["post-2511","page","type-page","status-publish","hentry"],"yoast_head":"<!-- This site is optimized with the Yoast SEO plugin v26.1.1 - https:\/\/yoast.com\/wordpress\/plugins\/seo\/ -->\n<title>News from our Members - ALIDE<\/title>\n<meta name=\"robots\" content=\"index, follow, max-snippet:-1, max-image-preview:large, max-video-preview:-1\" \/>\n<link rel=\"canonical\" href=\"https:\/\/www.alide.org.pe\/en\/sala-de-prensa\/news-from-our-members\/\" \/>\n<meta property=\"og:locale\" content=\"en_US\" \/>\n<meta property=\"og:type\" content=\"article\" \/>\n<meta property=\"og:title\" content=\"News from our Members - ALIDE\" \/>\n<meta property=\"og:description\" content=\"[vc_row disable_element=&#8221;yes&#8221;][vc_column][vc_single_image image=&#8221;32046&#8243; img_size=&#8221;large&#8221; alignment=&#8221;center&#8221;][\/vc_column][\/vc_row][vc_row][vc_column][vc_custom_heading text=&#8221;News from our members&#8221; font_container=&#8221;tag:h2|font_size:30px|text_align:left|color:%23013c7b&#8221; use_theme_fonts=&#8221;yes&#8221;][vc_column_text] 2025 August 28 Aug.- Improved promotional conditions under the KfW Climate-friendly construction in the low-price [\u2026]\" \/>\n<meta property=\"og:url\" content=\"https:\/\/www.alide.org.pe\/en\/sala-de-prensa\/news-from-our-members\/\" \/>\n<meta property=\"og:site_name\" content=\"ALIDE\" \/>\n<meta property=\"article:publisher\" content=\"https:\/\/www.facebook.com\/alideoficial\/\" \/>\n<meta property=\"article:modified_time\" content=\"2025-09-02T16:45:43+00:00\" \/>\n<meta name=\"twitter:card\" content=\"summary_large_image\" \/>\n<meta name=\"twitter:site\" content=\"@_ALIDE_\" \/>\n<meta name=\"twitter:label1\" content=\"Est. reading time\" \/>\n\t<meta name=\"twitter:data1\" content=\"5 minutes\" \/>\n<script type=\"application\/ld+json\" class=\"yoast-schema-graph\">{\"@context\":\"https:\/\/schema.org\",\"@graph\":[{\"@type\":\"WebPage\",\"@id\":\"https:\/\/www.alide.org.pe\/en\/sala-de-prensa\/news-from-our-members\/\",\"url\":\"https:\/\/www.alide.org.pe\/en\/sala-de-prensa\/news-from-our-members\/\",\"name\":\"News from our Members - ALIDE\",\"isPartOf\":{\"@id\":\"https:\/\/www.alide.org.pe\/#website\"},\"datePublished\":\"2017-07-10T18:51:05+00:00\",\"dateModified\":\"2025-09-02T16:45:43+00:00\",\"breadcrumb\":{\"@id\":\"https:\/\/www.alide.org.pe\/en\/sala-de-prensa\/news-from-our-members\/#breadcrumb\"},\"inLanguage\":\"en-US\",\"potentialAction\":[{\"@type\":\"ReadAction\",\"target\":[\"https:\/\/www.alide.org.pe\/en\/sala-de-prensa\/news-from-our-members\/\"]}]},{\"@type\":\"BreadcrumbList\",\"@id\":\"https:\/\/www.alide.org.pe\/en\/sala-de-prensa\/news-from-our-members\/#breadcrumb\",\"itemListElement\":[{\"@type\":\"ListItem\",\"position\":1,\"name\":\"Portada\",\"item\":\"https:\/\/www.alide.org.pe\/en\/\"},{\"@type\":\"ListItem\",\"position\":2,\"name\":\"Press Room\",\"item\":\"https:\/\/www.alide.org.pe\/en\/sala-de-prensa\/\"},{\"@type\":\"ListItem\",\"position\":3,\"name\":\"News from our Members\"}]},{\"@type\":\"WebSite\",\"@id\":\"https:\/\/www.alide.org.pe\/#website\",\"url\":\"https:\/\/www.alide.org.pe\/\",\"name\":\"ALIDE\",\"description\":\"Asociaci\u00f3n Latinoamericana de Instituciones Financieras para el Desarrollo\",\"potentialAction\":[{\"@type\":\"SearchAction\",\"target\":{\"@type\":\"EntryPoint\",\"urlTemplate\":\"https:\/\/www.alide.org.pe\/?s={search_term_string}\"},\"query-input\":{\"@type\":\"PropertyValueSpecification\",\"valueRequired\":true,\"valueName\":\"search_term_string\"}}],\"inLanguage\":\"en-US\"}]}<\/script>\n<!-- \/ Yoast SEO plugin. -->","yoast_head_json":{"title":"News from our Members - ALIDE","robots":{"index":"index","follow":"follow","max-snippet":"max-snippet:-1","max-image-preview":"max-image-preview:large","max-video-preview":"max-video-preview:-1"},"canonical":"https:\/\/www.alide.org.pe\/en\/sala-de-prensa\/news-from-our-members\/","og_locale":"en_US","og_type":"article","og_title":"News from our Members - ALIDE","og_description":"[vc_row disable_element=&#8221;yes&#8221;][vc_column][vc_single_image image=&#8221;32046&#8243; img_size=&#8221;large&#8221; alignment=&#8221;center&#8221;][\/vc_column][\/vc_row][vc_row][vc_column][vc_custom_heading text=&#8221;News from our members&#8221; font_container=&#8221;tag:h2|font_size:30px|text_align:left|color:%23013c7b&#8221; use_theme_fonts=&#8221;yes&#8221;][vc_column_text] 2025 August 28 Aug.- Improved promotional conditions under the KfW Climate-friendly construction in the low-price [\u2026]","og_url":"https:\/\/www.alide.org.pe\/en\/sala-de-prensa\/news-from-our-members\/","og_site_name":"ALIDE","article_publisher":"https:\/\/www.facebook.com\/alideoficial\/","article_modified_time":"2025-09-02T16:45:43+00:00","twitter_card":"summary_large_image","twitter_site":"@_ALIDE_","twitter_misc":{"Est. reading time":"5 minutes"},"schema":{"@context":"https:\/\/schema.org","@graph":[{"@type":"WebPage","@id":"https:\/\/www.alide.org.pe\/en\/sala-de-prensa\/news-from-our-members\/","url":"https:\/\/www.alide.org.pe\/en\/sala-de-prensa\/news-from-our-members\/","name":"News from our Members - ALIDE","isPartOf":{"@id":"https:\/\/www.alide.org.pe\/#website"},"datePublished":"2017-07-10T18:51:05+00:00","dateModified":"2025-09-02T16:45:43+00:00","breadcrumb":{"@id":"https:\/\/www.alide.org.pe\/en\/sala-de-prensa\/news-from-our-members\/#breadcrumb"},"inLanguage":"en-US","potentialAction":[{"@type":"ReadAction","target":["https:\/\/www.alide.org.pe\/en\/sala-de-prensa\/news-from-our-members\/"]}]},{"@type":"BreadcrumbList","@id":"https:\/\/www.alide.org.pe\/en\/sala-de-prensa\/news-from-our-members\/#breadcrumb","itemListElement":[{"@type":"ListItem","position":1,"name":"Portada","item":"https:\/\/www.alide.org.pe\/en\/"},{"@type":"ListItem","position":2,"name":"Press Room","item":"https:\/\/www.alide.org.pe\/en\/sala-de-prensa\/"},{"@type":"ListItem","position":3,"name":"News from our Members"}]},{"@type":"WebSite","@id":"https:\/\/www.alide.org.pe\/#website","url":"https:\/\/www.alide.org.pe\/","name":"ALIDE","description":"Asociaci\u00f3n Latinoamericana de Instituciones Financieras para el Desarrollo","potentialAction":[{"@type":"SearchAction","target":{"@type":"EntryPoint","urlTemplate":"https:\/\/www.alide.org.pe\/?s={search_term_string}"},"query-input":{"@type":"PropertyValueSpecification","valueRequired":true,"valueName":"search_term_string"}}],"inLanguage":"en-US"}]}},"uagb_featured_image_src":{"full":false,"thumbnail":false,"medium":false,"medium_large":false,"large":false,"1536x1536":false,"2048x2048":false,"post-thumbnail":false,"50x50":false,"clients-slider":false,"slider-content":false,"testimonials":false,"blog-navi":false,"portfolio-mf":false,"portfolio-mf-w":false,"portfolio-mf-t":false,"portfolio-list":false,"blog-portfolio":false,"blog-single":false},"uagb_author_info":{"display_name":"ALIDE","author_link":"https:\/\/www.alide.org.pe\/en\/author\/hanguk\/"},"uagb_comment_info":0,"uagb_excerpt":"[vc_row disable_element=&#8221;yes&#8221;][vc_column][vc_single_image image=&#8221;32046&#8243; img_size=&#8221;large&#8221; alignment=&#8221;center&#8221;][\/vc_column][\/vc_row][vc_row][vc_column][vc_custom_heading text=&#8221;News from our members&#8221; font_container=&#8221;tag:h2|font_size:30px|text_align:left|color:%23013c7b&#8221; use_theme_fonts=&#8221;yes&#8221;][vc_column_text] 2025 August 28 Aug.- Improved promotional conditions under the KfW Climate-friendly construction in the low-price [\u2026]","_links":{"self":[{"href":"https:\/\/www.alide.org.pe\/en\/wp-json\/wp\/v2\/pages\/2511","targetHints":{"allow":["GET"]}}],"collection":[{"href":"https:\/\/www.alide.org.pe\/en\/wp-json\/wp\/v2\/pages"}],"about":[{"href":"https:\/\/www.alide.org.pe\/en\/wp-json\/wp\/v2\/types\/page"}],"author":[{"embeddable":true,"href":"https:\/\/www.alide.org.pe\/en\/wp-json\/wp\/v2\/users\/3"}],"replies":[{"embeddable":true,"href":"https:\/\/www.alide.org.pe\/en\/wp-json\/wp\/v2\/comments?post=2511"}],"version-history":[{"count":10,"href":"https:\/\/www.alide.org.pe\/en\/wp-json\/wp\/v2\/pages\/2511\/revisions"}],"predecessor-version":[{"id":32156,"href":"https:\/\/www.alide.org.pe\/en\/wp-json\/wp\/v2\/pages\/2511\/revisions\/32156"}],"up":[{"embeddable":true,"href":"https:\/\/www.alide.org.pe\/en\/wp-json\/wp\/v2\/pages\/2509"}],"wp:attachment":[{"href":"https:\/\/www.alide.org.pe\/en\/wp-json\/wp\/v2\/media?parent=2511"}],"curies":[{"name":"wp","href":"https:\/\/api.w.org\/{rel}","templated":true}]}}