{"id":2495,"date":"2017-07-10T18:17:04","date_gmt":"2017-07-10T18:17:04","guid":{"rendered":"https:\/\/www.alide.org.pe\/comites-tecnicos\/infraestructura\/"},"modified":"2025-09-02T20:45:00","modified_gmt":"2025-09-02T20:45:00","slug":"infraestructura","status":"publish","type":"page","link":"https:\/\/www.alide.org.pe\/en\/comites-tecnicos\/infraestructura\/","title":{"rendered":"Financing of Infrastructure and Housing"},"content":{"rendered":"<div class=\"wpb-content-wrapper\"><p>[vc_row][vc_column][vc_tta_tabs alignment=&#8221;center&#8221; active_section=&#8221;1&#8243;][vc_tta_section title=&#8221;Technical Committee&#8221; tab_id=&#8221;1500312962074-f958b77c-315d&#8221;][vc_empty_space height=&#8221;20px&#8221;][vc_custom_heading source=&#8221;post_title&#8221; font_container=&#8221;tag:h2|font_size:30px|text_align:left|color:%23013c7b&#8221; use_theme_fonts=&#8221;yes&#8221;][vc_row_inner equal_height=&#8221;yes&#8221; content_placement=&#8221;top&#8221;][vc_column_inner width=&#8221;1\/3&#8243;][vc_single_image image=&#8221;19034&#8243; img_size=&#8221;full&#8221;][\/vc_column_inner][vc_column_inner width=&#8221;2\/3&#8243;][vc_column_text]The Technical Committee of ALIDE for Infrastructure and Housing focuses its action on the analysis and promotion of good practices related to the financing of the sector in Latin America and the Caribbean. By holding technical meetings and publishing studies and documents, it proposes action guidelines to optimize the work performed by Development Banking in the promotion of projects oriented to development, with emphasis in the use of new financial instruments and public-private participation.[\/vc_column_text][\/vc_column_inner][\/vc_row_inner][\/vc_tta_section][vc_tta_section title=&#8221;Articles&#8221; tab_id=&#8221;1500316757764-fc0c3a09-d292&#8243;][vc_row_inner 0=&#8221;&#8221;][vc_column_inner 0=&#8221;&#8221;][vc_empty_space height=&#8221;20px&#8221;]<div class=\"list_item lists_1 clearfix\"><a href=\"https:\/\/www.alide.org.pe\/wp-content\/uploads\/2025\/09\/Infrastructure-BD-OCTOBER-DECEMBER-2024-28-31.pdf\" ><div class=\"list_left list_icon\"><i class=\"icon-book\"><\/i><\/div><div class=\"list_right\"><h4>Disruptive and sustainable housing innovation in Latin America and the Caribbean<\/h4><div class=\"desc\">Article published in Banca &amp; Desarrollo magazine, October-December 2024<\/div><\/div><\/a><\/div>\n<div class=\"list_item lists_1 clearfix\"><a href=\"https:\/\/www.alide.org.pe\/wp-content\/uploads\/2025\/09\/Infrastructure-BD-JULY-SEPTEMBER-2024-27-29.pdf\" ><div class=\"list_left list_icon\"><i class=\"icon-book\"><\/i><\/div><div class=\"list_right\"><h4>Restructuring And Development of Public Transportation: Colombia\u2019s experience<\/h4><div class=\"desc\">Article published in Banca &amp; Desarrollo magazine, July-September 2024<\/div><\/div><\/a><\/div>\n<div class=\"list_item lists_1 clearfix\"><a href=\"https:\/\/www.alide.org.pe\/wp-content\/uploads\/2025\/09\/Infrastructure-BD-APRIL-JUNE-2024-21-23.pdf\" ><div class=\"list_left list_icon\"><i class=\"icon-book\"><\/i><\/div><div class=\"list_right\"><h4>Joint infrastructure financing efforts<\/h4><div class=\"desc\">Article published in Banca &amp; Desarrollo magazine, April-June 2024<\/div><\/div><\/a><\/div>\n[\/vc_column_inner][\/vc_row_inner][\/vc_tta_section][vc_tta_section title=&#8221;Documents&#8221; tab_id=&#8221;1500316761509-71fc7c37-1229&#8243;][vc_empty_space height=&#8221;20px&#8221;][vc_row_inner 0=&#8221;&#8221;][vc_column_inner width=&#8221;1\/4&#8243;][vc_single_image image=&#8221;32021&#8243; img_size=&#8221;medium&#8221;][\/vc_column_inner][vc_column_inner width=&#8221;1\/2&#8243;][vc_custom_heading text=&#8221;Potential and Opportunities for Latin America and the Caribbean in the current scenario and support of development banking<\/p>\n<h6>Basic Document, ALIDE, May 2023&#8243; font_container=&#8221;tag:h4|font_size:18px|text_align:left|color:%23013c7b&#8221; use_theme_fonts=&#8221;yes&#8221;][vc_column_text 0=&#8221;&#8221;]The document begins with an overview of the global and regional economic outlook, highlighting gaps, trends, and opportunities emerging from current crises. It then examines Latin America and the Caribbean in comparison with other regions in terms of physical infrastructure, followed by an analysis of international trade relations and the region\u2019s potential to attract investment and expand trade flows.<\/h6>\n<p>Another chapter explores how development banks in the region are responding through direct financing to boost exports. The publication concludes with key takeaways, summarizing the most relevant insights and recommendations.[\/vc_column_text][\/vc_column_inner][vc_column_inner width=&#8221;1\/4&#8243;]<div class=\"icon_box icon_position_top no_border\"><a class=\"\" href=\"https:\/\/alidedatabank.org\/1001\/plantilla\/documentoPublicacionAlide\/Basic%20Document%20Asemmbly%202023.pdf\"  ><div class=\"icon_wrapper\"><div class=\"icon\"><i class=\"icon-download\"><\/i><\/div><\/div><div class=\"desc_wrapper\"><h4 class=\"title\">English<\/h4><div class=\"desc\">Download<\/div><\/div><\/a><\/div>\n[\/vc_column_inner][\/vc_row_inner][vc_separator 0=&#8221;&#8221;][vc_row_inner 0=&#8221;&#8221;][vc_column_inner width=&#8221;1\/4&#8243;][vc_single_image image=&#8221;32002&#8243; img_size=&#8221;medium&#8221;][\/vc_column_inner][vc_column_inner width=&#8221;1\/2&#8243;][vc_custom_heading text=&#8221;Sustainable Finance and the Contribution of Development Banks to Major Global and National Challenges<\/p>\n<h6>Main Document, ALIDE, May 2024&#8243; font_container=&#8221;tag:h4|font_size:18px|text_align:left|color:%23013c7b&#8221; use_theme_fonts=&#8221;yes&#8221;][vc_column_text 0=&#8221;&#8221;]The main theme of this document is \u00abSustainable Finance and the Contribution of Development Banks to Major Global and National Challenges\u00bb and aims to analyse and share knowledge on the pathways to progress towards a higher status of sustainable finance in the region. This was the theme of the 54th ALIDE Meeting held in Fortaleza, Brazil, from 15 to 17 May 2024.[\/vc_column_text][\/vc_column_inner][vc_column_inner width=&#8221;1\/4&#8243;]<div class=\"icon_box icon_position_top no_border\"><a class=\"\" href=\"https:\/\/alidedatabank.org\/1001\/plantilla\/documentoPublicacionAlide\/Basic%20Document%20ALIDE%2054.pdf\"  ><div class=\"icon_wrapper\"><div class=\"icon\"><i class=\"icon-download\"><\/i><\/div><\/div><div class=\"desc_wrapper\"><h4 class=\"title\">English<\/h4><div class=\"desc\">Download<\/div><\/div><\/a><\/div>\n[\/vc_column_inner][\/vc_row_inner][vc_separator 0=&#8221;&#8221;][vc_row_inner 0=&#8221;&#8221;][vc_column_inner width=&#8221;1\/4&#8243;][vc_single_image image=&#8221;31994&#8243; img_size=&#8221;medium&#8221; onclick=&#8221;custom_link&#8221; img_link_target=&#8221;_blank&#8221; link=&#8221;#&#8221;][\/vc_column_inner][vc_column_inner width=&#8221;1\/2&#8243;][vc_custom_heading text=&#8221;Road to comprehensive security: Development banking forging the future of Latin America<\/h6>\n<h6>Main Document, ALIDE, May 2025&#8243; font_container=&#8221;tag:h4|font_size:18px|text_align:left|color:%23013c7b&#8221; use_theme_fonts=&#8221;yes&#8221;][vc_column_text 0=&#8221;&#8221;]<\/h6>\n<p data-start=\"80\" data-end=\"389\">This document\u00a0analyzes how the multiple global crises\u00a0-such as pandemics, climate change, geopolitical tensions and digital transformation-\u00a0have revealed systemic vulnerabilities that require a new comprehensive security approach\u00a0that goes beyond the military, encompassing climate, economic, energy, digital, social and labor dimensions. Nine chapters examine these sectoral areas and their impact on Latin America and the Caribbean, suggesting the strategic role that development banks can play in promoting a more resilient, inclusive and sustainable development model. The document offers recommendations for these banks to lead the transformation through financing, international cooperation and institutional strengthening, with a view to guaranteeing present and future well-being in the region.<\/p>\n<p>[\/vc_column_text][\/vc_column_inner][vc_column_inner width=&#8221;1\/4&#8243;]<div class=\"icon_box icon_position_top no_border\"><a class=\"\" href=\"https:\/\/alidedatabank.org\/1001\/plantilla\/documentoPublicacionAlide\/Main%20Document%20ALIDE%2055%20RF.pdf\"  ><div class=\"icon_wrapper\"><div class=\"icon\"><i class=\"icon-download\"><\/i><\/div><\/div><div class=\"desc_wrapper\"><h4 class=\"title\">English<\/h4><div class=\"desc\">Download<\/div><\/div><\/a><\/div>\n[\/vc_column_inner][\/vc_row_inner][vc_separator 0=&#8221;&#8221;][\/vc_tta_section][\/vc_tta_tabs][\/vc_column][\/vc_row][vc_row disable_element=&#8221;yes&#8221;][vc_column][vc_tta_tabs alignment=&#8221;center&#8221; active_section=&#8221;1&#8243;][vc_tta_section title=&#8221;Technical Committee&#8221; tab_id=&#8221;1756536523582-eb83fe8a-7efe&#8221;][vc_custom_heading source=&#8221;post_title&#8221; font_container=&#8221;tag:h2|font_size:30px|text_align:left|color:%23013c7b&#8221; use_theme_fonts=&#8221;yes&#8221;][vc_row_inner equal_height=&#8221;yes&#8221; content_placement=&#8221;top&#8221;][vc_column_inner width=&#8221;1\/3&#8243;][vc_single_image image=&#8221;19034&#8243; img_size=&#8221;full&#8221;][\/vc_column_inner][vc_column_inner width=&#8221;2\/3&#8243;][vc_column_text]The Technical Committee of ALIDE for Infrastructure and Housing focuses its action on the analysis and promotion of good practices related to the financing of the sector in Latin America and the Caribbean. By holding technical meetings and publishing studies and documents, it proposes action guidelines to optimize the work performed by Development Banking in the promotion of projects oriented to development, with emphasis in the use of new financial instruments and public-private participation.[\/vc_column_text][\/vc_column_inner][\/vc_row_inner][\/vc_tta_section][vc_tta_section title=&#8221;Articles&#8221; tab_id=&#8221;1756536523645-ba3ea36d-dd40&#8243;][vc_row_inner 0=&#8221;&#8221;][vc_column_inner 0=&#8221;&#8221;]<div class=\"list_item lists_1 clearfix\"><a href=\"#\" ><div class=\"list_left list_icon\"><i class=\"icon-book\"><\/i><\/div><div class=\"list_right\"><h4>Infraestructura: Oportunidad y desaf\u00edo en Am\u00e9rica Latina<\/h4><div class=\"desc\"> Art\u00edculo publicado en la revista ALIDE, enero-marzo 2017<\/div><\/div><\/a><\/div>\n<div class=\"list_item lists_1 clearfix\"><a href=\"#\" ><div class=\"list_left list_icon\"><i class=\"icon-book\"><\/i><\/div><div class=\"list_right\"><h4>Agua para la Prosperidad<\/h4><div class=\"desc\">Art\u00edculo publicado en la revista ALIDE, octubre-diciembre de 2016.<\/div><\/div><\/a><\/div>\n<div class=\"list_item lists_1 clearfix\"><a href=\"#\" ><div class=\"list_left list_icon\"><i class=\"icon-book\"><\/i><\/div><div class=\"list_right\"><h4>Asistencia t\u00e9cnica especializada para proyectos de infraestructura y vivienda en Findeter, de Colombia<\/h4><div class=\"desc\">Art\u00edculo publicado en la revista ALIDE, enero-marzo 2016<\/div><\/div><\/a><\/div>\n<div class=\"list_item lists_1 clearfix\"><a href=\"#\" ><div class=\"list_left list_icon\"><i class=\"icon-book\"><\/i><\/div><div class=\"list_right\"><h4>Modelos de financiamiento de la vivienda en Latinoam\u00e9rica<\/h4><div class=\"desc\">Art\u00edculo publicado en la revista ALIDE, mayo-junio de 2015<\/div><\/div><\/a><\/div>\n<div class=\"list_item lists_1 clearfix\"><a href=\"#\" ><div class=\"list_left list_icon\"><i class=\"icon-book\"><\/i><\/div><div class=\"list_right\"><h4>Alternativas para vencer el problema del transporte en ALC<\/h4><div class=\"desc\">Art\u00edculo publicado en la revista ALIDE, octubre-diciembre de 2014<\/div><\/div><\/a><\/div>\n<div class=\"list_item lists_1 clearfix\"><a href=\"#\" ><div class=\"list_left list_icon\"><i class=\"icon-book\"><\/i><\/div><div class=\"list_right\"><h4>Ahorro: base del \u00e9xito y cr\u00e9dito hipotecario en Uruguay<\/h4><div class=\"desc\">Art\u00edculo publicado en la revista ALIDE, julio-setiembre de 2014<\/div><\/div><\/a><\/div>\n<div class=\"list_item lists_1 clearfix\"><a href=\"#\" ><div class=\"list_left list_icon\"><i class=\"icon-book\"><\/i><\/div><div class=\"list_right\"><h4>Hacia la construcci\u00f3n de cimientos en los planes de infraestructura<\/h4><div class=\"desc\">Art\u00edculo publicado en la revista ALIDE, abril-junio de 2014<\/div><\/div><\/a><\/div>\n<div class=\"list_item lists_1 clearfix\"><a href=\"#\" ><div class=\"list_left list_icon\"><i class=\"icon-book\"><\/i><\/div><div class=\"list_right\"><h4>APP para acelerar la infraestructura en ALC<\/h4><div class=\"desc\">Art\u00edculo publicado en la revista ALIDE, enero-marzo de 2013<\/div><\/div><\/a><\/div>\n<div class=\"list_item lists_1 clearfix\"><a href=\"#\" ><div class=\"list_left list_icon\"><i class=\"icon-book\"><\/i><\/div><div class=\"list_right\"><h4>Garant\u00edas financieras para la infraestructura financiera<\/h4><div class=\"desc\">Art\u00edculo publicado en la revista ALIDE, enero-marzo de 2012<\/div><\/div><\/a><\/div>\n<div class=\"list_item lists_1 clearfix\"><a href=\"#\" ><div class=\"list_left list_icon\"><i class=\"icon-book\"><\/i><\/div><div class=\"list_right\"><h4>Habitaci\u00f3n rural en Brasil y la experiencia de la Caixa<\/h4><div class=\"desc\">Art\u00edculo publicado en la revista ALIDE, julio-setiembre 2011<\/div><\/div><\/a><\/div>\n[\/vc_column_inner][\/vc_row_inner][\/vc_tta_section][vc_tta_section title=&#8221;Documents&#8221; tab_id=&#8221;1756536523770-179f468c-9ed2&#8243;][vc_custom_heading text=&#8221;Instituciones financieras y la nueva Agenda Urbana: Movilizando recursos hacia la implementaci\u00f3n de Pol\u00edticas P\u00fablicas<\/p>\n<h6>Documento b\u00e1sico, ALIDE, octubre de 2016&#8243; font_container=&#8221;tag:h4|font_size:18px|text_align:left|color:%23013c7b&#8221; use_theme_fonts=&#8221;yes&#8221;][vc_row_inner 0=&#8221;&#8221;][vc_column_inner width=&#8221;1\/4&#8243;][vc_single_image image=&#8221;628&#8243; img_size=&#8221;medium&#8221;][\/vc_column_inner][vc_column_inner width=&#8221;1\/2&#8243;][vc_column_text 0=&#8221;&#8221;]Aborda la problem\u00e1tica del crecimiento demogr\u00e1fico de las ciudades y el papel que en este proceso desempe\u00f1an las instituciones financieras de desarrollo, como actores que proveen del financiamiento necesario para satisfacer la demanda de mayores servicios en las ciudades. Fue presentado en el Networking Event que ALIDE y CFN organizaron en el marco de la Conferencia de las Naciones Unidas sobre Vivienda y Desarrollo Urbano Sostenible &#8211; Habitat III.[\/vc_column_text][\/vc_column_inner][vc_column_inner width=&#8221;1\/4&#8243;]<div class=\"icon_box icon_position_top no_border\"><a class=\"\" href=\"https:\/\/www.alide.org.pe\/wp-content\/uploads\/2017\/09\/2016-octubre-HIII_eb.pdf\"  ><div class=\"icon_wrapper\"><div class=\"icon\"><i class=\"icon-download\"><\/i><\/div><\/div><div class=\"desc_wrapper\"><h4 class=\"title\">Espa\u00f1ol<\/h4><div class=\"desc\">Descargar<\/div><\/div><\/a><\/div>\n[\/vc_column_inner][\/vc_row_inner][vc_separator 0=&#8221;&#8221;][vc_custom_heading text=&#8221;\u00bfHac\u00eda d\u00f3nde va Am\u00e9rica Latina y el Caribe? Acciones y proyecci\u00f3n de la Banca de Desarrollo<\/h6>\n<h6>Documento b\u00e1sico de la Asamblea General, ALIDE, mayo de 2016&#8243; font_container=&#8221;tag:h4|font_size:18px|text_align:left|color:%23013c7b&#8221; use_theme_fonts=&#8221;yes&#8221;][vc_row_inner 0=&#8221;&#8221;][vc_column_inner width=&#8221;1\/4&#8243;][vc_single_image image=&#8221;627&#8243; img_size=&#8221;medium&#8221;][\/vc_column_inner][vc_column_inner width=&#8221;1\/2&#8243;][vc_column_text 0=&#8221;&#8221;]Aborda las acciones y proyecciones de la banca de desarrollo en Am\u00e9rica Latina y el Caribe, conforme al importante rol que cumplen estas entidades, que act\u00faan no solo con el prop\u00f3sito de crear y desarrollar mercados para la inclusi\u00f3n de personas, sino que llevan a cabo la transformaci\u00f3n estructural de las econom\u00edas de sus respectivos pa\u00edses y tratan de resolver problemas para as\u00ed superar las vulnerabilidades en el proceso contra el crecimiento y desarrollo econ\u00f3mico.[\/vc_column_text][\/vc_column_inner][vc_column_inner width=&#8221;1\/4&#8243;]<div class=\"icon_box icon_position_top no_border\"><a class=\"\" href=\"https:\/\/www.alide.org.pe\/wp-content\/uploads\/2017\/09\/2016-mayo-ALIDE46_doc_bas.pdf\"  ><div class=\"icon_wrapper\"><div class=\"icon\"><i class=\"icon-download\"><\/i><\/div><\/div><div class=\"desc_wrapper\"><h4 class=\"title\">Espa\u00f1ol<\/h4><div class=\"desc\">Descargar<\/div><\/div><\/a><\/div>\n[\/vc_column_inner][\/vc_row_inner][vc_separator 0=&#8221;&#8221;][vc_custom_heading text=&#8221;DOCUMENTO T\u00c9CNICO:<\/h6>\n<h6>Programa de trabajo de ALIDE en materia de Financiamiento de la Vivienda&#8221; font_container=&#8221;tag:h4|font_size:18px|text_align:left|color:%23013c7b&#8221; use_theme_fonts=&#8221;yes&#8221;][\/vc_tta_section][\/vc_tta_tabs][\/vc_column][\/vc_row][vc_row 0=&#8221;&#8221;][vc_column 0=&#8221;&#8221;][vc_column_text 0=&#8221;&#8221;]<\/h6>\n<p>[\/vc_column_text][\/vc_column][\/vc_row]<\/p>\n<\/div>","protected":false},"excerpt":{"rendered":"<p>[vc_row][vc_column][vc_tta_tabs alignment=&#8221;center&#8221; active_section=&#8221;1&#8243;][vc_tta_section title=&#8221;Technical Committee&#8221; tab_id=&#8221;1500312962074-f958b77c-315d&#8221;][vc_empty_space height=&#8221;20px&#8221;][vc_custom_heading source=&#8221;post_title&#8221; font_container=&#8221;tag:h2|font_size:30px|text_align:left|color:%23013c7b&#8221; use_theme_fonts=&#8221;yes&#8221;][vc_row_inner equal_height=&#8221;yes&#8221; content_placement=&#8221;top&#8221;][vc_column_inner width=&#8221;1\/3&#8243;][vc_single_image image=&#8221;19034&#8243; img_size=&#8221;full&#8221;][\/vc_column_inner][vc_column_inner width=&#8221;2\/3&#8243;][vc_column_text]The Technical Committee of ALIDE for Infrastructure and Housing focuses its<span class=\"excerpt-hellip\"> [\u2026]<\/span><\/p>\n","protected":false},"author":3,"featured_media":0,"parent":2492,"menu_order":0,"comment_status":"closed","ping_status":"closed","template":"","meta":{"_uag_custom_page_level_css":"","footnotes":""},"class_list":["post-2495","page","type-page","status-publish","hentry"],"yoast_head":"<!-- This site is optimized with the Yoast SEO plugin v26.1.1 - https:\/\/yoast.com\/wordpress\/plugins\/seo\/ -->\n<title>Financing of Infrastructure and Housing - ALIDE<\/title>\n<meta name=\"robots\" content=\"index, follow, max-snippet:-1, max-image-preview:large, max-video-preview:-1\" \/>\n<link rel=\"canonical\" href=\"https:\/\/www.alide.org.pe\/en\/comites-tecnicos\/infraestructura\/\" \/>\n<meta property=\"og:locale\" content=\"en_US\" \/>\n<meta property=\"og:type\" content=\"article\" \/>\n<meta property=\"og:title\" content=\"Financing of Infrastructure and Housing - ALIDE\" \/>\n<meta property=\"og:description\" content=\"[vc_row][vc_column][vc_tta_tabs alignment=&#8221;center&#8221; active_section=&#8221;1&#8243;][vc_tta_section title=&#8221;Technical Committee&#8221; tab_id=&#8221;1500312962074-f958b77c-315d&#8221;][vc_empty_space height=&#8221;20px&#8221;][vc_custom_heading source=&#8221;post_title&#8221; font_container=&#8221;tag:h2|font_size:30px|text_align:left|color:%23013c7b&#8221; use_theme_fonts=&#8221;yes&#8221;][vc_row_inner equal_height=&#8221;yes&#8221; content_placement=&#8221;top&#8221;][vc_column_inner width=&#8221;1\/3&#8243;][vc_single_image image=&#8221;19034&#8243; img_size=&#8221;full&#8221;][\/vc_column_inner][vc_column_inner width=&#8221;2\/3&#8243;][vc_column_text]The Technical Committee of ALIDE for Infrastructure and Housing focuses its [\u2026]\" \/>\n<meta property=\"og:url\" content=\"https:\/\/www.alide.org.pe\/en\/comites-tecnicos\/infraestructura\/\" \/>\n<meta property=\"og:site_name\" content=\"ALIDE\" \/>\n<meta property=\"article:publisher\" content=\"https:\/\/www.facebook.com\/alideoficial\/\" \/>\n<meta property=\"article:modified_time\" content=\"2025-09-02T20:45:00+00:00\" \/>\n<meta name=\"twitter:card\" content=\"summary_large_image\" \/>\n<meta name=\"twitter:site\" content=\"@_ALIDE_\" \/>\n<meta name=\"twitter:label1\" content=\"Est. reading time\" \/>\n\t<meta name=\"twitter:data1\" content=\"5 minutes\" \/>\n<script type=\"application\/ld+json\" class=\"yoast-schema-graph\">{\"@context\":\"https:\/\/schema.org\",\"@graph\":[{\"@type\":\"WebPage\",\"@id\":\"https:\/\/www.alide.org.pe\/en\/comites-tecnicos\/infraestructura\/\",\"url\":\"https:\/\/www.alide.org.pe\/en\/comites-tecnicos\/infraestructura\/\",\"name\":\"Financing of Infrastructure and Housing - ALIDE\",\"isPartOf\":{\"@id\":\"https:\/\/www.alide.org.pe\/#website\"},\"datePublished\":\"2017-07-10T18:17:04+00:00\",\"dateModified\":\"2025-09-02T20:45:00+00:00\",\"breadcrumb\":{\"@id\":\"https:\/\/www.alide.org.pe\/en\/comites-tecnicos\/infraestructura\/#breadcrumb\"},\"inLanguage\":\"en-US\",\"potentialAction\":[{\"@type\":\"ReadAction\",\"target\":[\"https:\/\/www.alide.org.pe\/en\/comites-tecnicos\/infraestructura\/\"]}]},{\"@type\":\"BreadcrumbList\",\"@id\":\"https:\/\/www.alide.org.pe\/en\/comites-tecnicos\/infraestructura\/#breadcrumb\",\"itemListElement\":[{\"@type\":\"ListItem\",\"position\":1,\"name\":\"Portada\",\"item\":\"https:\/\/www.alide.org.pe\/en\/\"},{\"@type\":\"ListItem\",\"position\":2,\"name\":\"Technical Committee\",\"item\":\"https:\/\/www.alide.org.pe\/en\/comites-tecnicos\/\"},{\"@type\":\"ListItem\",\"position\":3,\"name\":\"Financing of Infrastructure and Housing\"}]},{\"@type\":\"WebSite\",\"@id\":\"https:\/\/www.alide.org.pe\/#website\",\"url\":\"https:\/\/www.alide.org.pe\/\",\"name\":\"ALIDE\",\"description\":\"Asociaci\u00f3n Latinoamericana de Instituciones Financieras para el Desarrollo\",\"potentialAction\":[{\"@type\":\"SearchAction\",\"target\":{\"@type\":\"EntryPoint\",\"urlTemplate\":\"https:\/\/www.alide.org.pe\/?s={search_term_string}\"},\"query-input\":{\"@type\":\"PropertyValueSpecification\",\"valueRequired\":true,\"valueName\":\"search_term_string\"}}],\"inLanguage\":\"en-US\"}]}<\/script>\n<!-- \/ Yoast SEO plugin. -->","yoast_head_json":{"title":"Financing of Infrastructure and Housing - ALIDE","robots":{"index":"index","follow":"follow","max-snippet":"max-snippet:-1","max-image-preview":"max-image-preview:large","max-video-preview":"max-video-preview:-1"},"canonical":"https:\/\/www.alide.org.pe\/en\/comites-tecnicos\/infraestructura\/","og_locale":"en_US","og_type":"article","og_title":"Financing of Infrastructure and Housing - ALIDE","og_description":"[vc_row][vc_column][vc_tta_tabs alignment=&#8221;center&#8221; active_section=&#8221;1&#8243;][vc_tta_section title=&#8221;Technical Committee&#8221; tab_id=&#8221;1500312962074-f958b77c-315d&#8221;][vc_empty_space height=&#8221;20px&#8221;][vc_custom_heading source=&#8221;post_title&#8221; font_container=&#8221;tag:h2|font_size:30px|text_align:left|color:%23013c7b&#8221; use_theme_fonts=&#8221;yes&#8221;][vc_row_inner equal_height=&#8221;yes&#8221; content_placement=&#8221;top&#8221;][vc_column_inner width=&#8221;1\/3&#8243;][vc_single_image image=&#8221;19034&#8243; img_size=&#8221;full&#8221;][\/vc_column_inner][vc_column_inner width=&#8221;2\/3&#8243;][vc_column_text]The Technical Committee of ALIDE for Infrastructure and Housing focuses its [\u2026]","og_url":"https:\/\/www.alide.org.pe\/en\/comites-tecnicos\/infraestructura\/","og_site_name":"ALIDE","article_publisher":"https:\/\/www.facebook.com\/alideoficial\/","article_modified_time":"2025-09-02T20:45:00+00:00","twitter_card":"summary_large_image","twitter_site":"@_ALIDE_","twitter_misc":{"Est. reading time":"5 minutes"},"schema":{"@context":"https:\/\/schema.org","@graph":[{"@type":"WebPage","@id":"https:\/\/www.alide.org.pe\/en\/comites-tecnicos\/infraestructura\/","url":"https:\/\/www.alide.org.pe\/en\/comites-tecnicos\/infraestructura\/","name":"Financing of Infrastructure and Housing - ALIDE","isPartOf":{"@id":"https:\/\/www.alide.org.pe\/#website"},"datePublished":"2017-07-10T18:17:04+00:00","dateModified":"2025-09-02T20:45:00+00:00","breadcrumb":{"@id":"https:\/\/www.alide.org.pe\/en\/comites-tecnicos\/infraestructura\/#breadcrumb"},"inLanguage":"en-US","potentialAction":[{"@type":"ReadAction","target":["https:\/\/www.alide.org.pe\/en\/comites-tecnicos\/infraestructura\/"]}]},{"@type":"BreadcrumbList","@id":"https:\/\/www.alide.org.pe\/en\/comites-tecnicos\/infraestructura\/#breadcrumb","itemListElement":[{"@type":"ListItem","position":1,"name":"Portada","item":"https:\/\/www.alide.org.pe\/en\/"},{"@type":"ListItem","position":2,"name":"Technical Committee","item":"https:\/\/www.alide.org.pe\/en\/comites-tecnicos\/"},{"@type":"ListItem","position":3,"name":"Financing of Infrastructure and Housing"}]},{"@type":"WebSite","@id":"https:\/\/www.alide.org.pe\/#website","url":"https:\/\/www.alide.org.pe\/","name":"ALIDE","description":"Asociaci\u00f3n Latinoamericana de Instituciones Financieras para el Desarrollo","potentialAction":[{"@type":"SearchAction","target":{"@type":"EntryPoint","urlTemplate":"https:\/\/www.alide.org.pe\/?s={search_term_string}"},"query-input":{"@type":"PropertyValueSpecification","valueRequired":true,"valueName":"search_term_string"}}],"inLanguage":"en-US"}]}},"uagb_featured_image_src":{"full":false,"thumbnail":false,"medium":false,"medium_large":false,"large":false,"1536x1536":false,"2048x2048":false,"post-thumbnail":false,"50x50":false,"clients-slider":false,"slider-content":false,"testimonials":false,"blog-navi":false,"portfolio-mf":false,"portfolio-mf-w":false,"portfolio-mf-t":false,"portfolio-list":false,"blog-portfolio":false,"blog-single":false},"uagb_author_info":{"display_name":"ALIDE","author_link":"https:\/\/www.alide.org.pe\/en\/author\/hanguk\/"},"uagb_comment_info":0,"uagb_excerpt":"[vc_row][vc_column][vc_tta_tabs alignment=&#8221;center&#8221; active_section=&#8221;1&#8243;][vc_tta_section title=&#8221;Technical Committee&#8221; tab_id=&#8221;1500312962074-f958b77c-315d&#8221;][vc_empty_space height=&#8221;20px&#8221;][vc_custom_heading source=&#8221;post_title&#8221; font_container=&#8221;tag:h2|font_size:30px|text_align:left|color:%23013c7b&#8221; use_theme_fonts=&#8221;yes&#8221;][vc_row_inner equal_height=&#8221;yes&#8221; content_placement=&#8221;top&#8221;][vc_column_inner width=&#8221;1\/3&#8243;][vc_single_image image=&#8221;19034&#8243; img_size=&#8221;full&#8221;][\/vc_column_inner][vc_column_inner width=&#8221;2\/3&#8243;][vc_column_text]The Technical Committee of ALIDE for Infrastructure and Housing focuses its [\u2026]","_links":{"self":[{"href":"https:\/\/www.alide.org.pe\/en\/wp-json\/wp\/v2\/pages\/2495","targetHints":{"allow":["GET"]}}],"collection":[{"href":"https:\/\/www.alide.org.pe\/en\/wp-json\/wp\/v2\/pages"}],"about":[{"href":"https:\/\/www.alide.org.pe\/en\/wp-json\/wp\/v2\/types\/page"}],"author":[{"embeddable":true,"href":"https:\/\/www.alide.org.pe\/en\/wp-json\/wp\/v2\/users\/3"}],"replies":[{"embeddable":true,"href":"https:\/\/www.alide.org.pe\/en\/wp-json\/wp\/v2\/comments?post=2495"}],"version-history":[{"count":22,"href":"https:\/\/www.alide.org.pe\/en\/wp-json\/wp\/v2\/pages\/2495\/revisions"}],"predecessor-version":[{"id":32179,"href":"https:\/\/www.alide.org.pe\/en\/wp-json\/wp\/v2\/pages\/2495\/revisions\/32179"}],"up":[{"embeddable":true,"href":"https:\/\/www.alide.org.pe\/en\/wp-json\/wp\/v2\/pages\/2492"}],"wp:attachment":[{"href":"https:\/\/www.alide.org.pe\/en\/wp-json\/wp\/v2\/media?parent=2495"}],"curies":[{"name":"wp","href":"https:\/\/api.w.org\/{rel}","templated":true}]}}