{"id":22889,"date":"2022-07-20T21:27:25","date_gmt":"2022-07-20T21:27:25","guid":{"rendered":"https:\/\/www.alide.org.pe\/?page_id=22889"},"modified":"2023-01-18T17:46:17","modified_gmt":"2023-01-18T17:46:17","slug":"alide-took-part-in-the-d20-ltic-summit-in-indonesia","status":"publish","type":"page","link":"https:\/\/www.alide.org.pe\/en\/alide-took-part-in-the-d20-ltic-summit-in-indonesia\/","title":{"rendered":"ALIDE took part in the D20-LTIC Summit in Indonesia"},"content":{"rendered":"<div class=\"wpb-content-wrapper\"><p>[vc_row 0=&#8221;&#8221;][vc_column 0=&#8221;&#8221;][vc_empty_space 0=&#8221;&#8221;][\/vc_column][\/vc_row][vc_row 0=&#8221;&#8221;][vc_column parallax=&#8221;content-moving&#8221; width=&#8221;1\/6&#8243;][\/vc_column][vc_column width=&#8221;2\/3&#8243;][vc_images_carousel images=&#8221;22829,22831,22842&#8243; img_size=&#8221;large&#8221;][vc_custom_heading 1=&#8221;Latinoamericana&#8221; 2=&#8221;sobre&#8221; 3=&#8221;Financiamiento&#8221; 4=&#8221;e&#8221; 5=&#8221;Impulso&#8221; 6=&#8221;de&#8221; 7=&#8221;los&#8221; 8=&#8221;Negocios&#8221; 9=&#8221;e&#8221; 10=&#8221;Inversiones&#8221; 11=&#8221;Internacionales&#8220;&#8221; text=&#8221;ALIDE took part in the D20-LTIC Summit in Indonesia&#8221; font_container=&#8221;tag:h3|text_align:center|color:%23013c7b&#8221; use_theme_fonts=&#8221;yes&#8221;][vc_column_text 0=&#8221;&#8221;]<\/p>\n<ul>\n<li style=\"list-style-type: none;\">\n<ul>\n<li><em>The meeting was held in hybrid mode and was organized by D20-Long-Term Investors Club (LTIC), OECD, Global Infrastructure Hub and the Indonesian G20 Presidency.<\/em><\/li>\n<\/ul>\n<hr \/>\n<p><span style=\"color: #009de5;\"><strong>July 15, 2022- <\/strong><\/span><a href=\"https:\/\/www.alide.org.pe\/\">The Latin American Association of Financial Institutions for Development (ALIDE)<\/a> participated virtually in the 2022 <a href=\"http:\/\/www.d20-ltic.org\/\">D20-LTIC<\/a> Summit held in Bali, Indonesia, on 14-16 July.<\/p>\n<p>The president of ALIDE, <a href=\"https:\/\/www.linkedin.com\/in\/carlos-linares-b2140\/\">Carlos Linares<\/a>, engaged as a panelist during the <a href=\"http:\/\/www.d20-ltic.org\/events\/d20-ltic-summit-bali-14-16-july-2022\/\">G20 Infrastructure Investors Dialogue: Leveraging Private Sector Participation in Sustainable Infrastructure Investment<\/a>, a panel discussion aiming at encouraging private sector to ramp up investments in sustainable infrastructure.<\/p>\n<p>During the session \u201cWhat can G20 countries do to create more bankable sustainable infrastructure projects for EMDEs and subnationals?\u201d, Linares commented on the development banks\u2019 experience in strategic alliances and co-financing agreements.<\/p>\n<p>He also shared ideas on how public-private participation can improve and boost sustainable infrastructure and emphasized the importance of the current growth of <a href=\"https:\/\/www.bbva.com\/es\/sostenibilidad\/que-son-los-criterios-esg-environmental-social-and-governance-y-por-que-son-importantes-para-los-inversores\/\">ESG investment<\/a> in LAC region.<\/p>\n<p>The president, <a href=\"https:\/\/www.linkedin.com\/in\/carlos-linares-b2140\/\">Carlos Linares<\/a>, and the General Secretary of ALIDE, <a href=\"https:\/\/www.alide.org.pe\/secretario-general-de-alide\/\">Edgardo Alvarez<\/a>, joined as well a Steering Committee Meeting along with other members of the <a href=\"http:\/\/www.d20-ltic.org\/\">D20 Long-Term Investors Club<\/a> Steering Committee, where the year-to-date progress was reviewed, new members were admitted, <a href=\"http:\/\/www.d20-ltic.org\/wp-content\/uploads\/2022\/07\/2022-Joint-Statement-B20_D20_T20_approved.pdf\">the D20 Statement<\/a> was approved, and strategic guidelines were given for the Group to ensure a successful development.<\/li>\n<\/ul>\n<p>[\/vc_column_text][vc_video link=&#8221;https:\/\/www.youtube.com\/watch?v=9m1kNYBpIIQ&#8221; align=&#8221;center&#8221;][\/vc_column][\/vc_row][vc_row 0=&#8221;&#8221;][vc_column parallax=&#8221;content-moving&#8221; width=&#8221;1\/6&#8243;][\/vc_column][vc_column width=&#8221;2\/3&#8243;][vc_column_text 0=&#8221;&#8221;]<\/p>\n<h3><span style=\"color: #009de5;\"><strong>About the D20-LTIC<\/strong><\/span><\/h3>\n<p>Created in 2009 by Caisse des D\u00e9p\u00f4ts, Cassa Depositi e Prestiti, the European Investment Bank (EIB) and Kreditanstalt f\u00fcr Wiederaufbau (KFW), the D20 Long-Term Investors Club gathers the world&#8217;s largest financial institutions to promote the role of long-term finance in driving global economic development and sustainable growth.<\/p>\n<h3><span style=\"color: #009de5;\"><strong>About ALIDE<\/strong><\/span><\/h3>\n<p>ALIDE is the community of financial institutions that generates banking solutions for the development of Latin America and the Caribbean. Founded in 1968, its main objective is to contribute to the economic and social development of the region, through the good practices in development financing that it promotes among its associates, about 90 institutions with a presence in more than 20 Latin American countries and other regions of the world.<\/p>\n<h3><span style=\"color: #009de5;\"><strong>Contact<\/strong><\/span><\/h3>\n<p><strong>Andrea Villafranca<\/strong><br \/>\nCommunications Unit of ALIDE<br \/>\nPhone: +511-203-5520 |: Ext: 227<br \/>\n<a href=\"mailto:comunicaciones@alide.org\">comunicaciones@alide.org<\/a>,\u00a0<a href=\"mailto:comunicaciones2@alide.org\">comunicaciones2@alide.org<\/a><br \/>\n<a href=\"http:\/\/www.alide.org\/\">www.alide.org<\/a>[\/vc_column_text][\/vc_column][\/vc_row]<\/p>\n<\/div>","protected":false},"excerpt":{"rendered":"<p>[vc_row 0=&#8221;&#8221;][vc_column 0=&#8221;&#8221;][vc_empty_space 0=&#8221;&#8221;][\/vc_column][\/vc_row][vc_row 0=&#8221;&#8221;][vc_column parallax=&#8221;content-moving&#8221; width=&#8221;1\/6&#8243;][\/vc_column][vc_column width=&#8221;2\/3&#8243;][vc_images_carousel images=&#8221;22829,22831,22842&#8243; img_size=&#8221;large&#8221;][vc_custom_heading 1=&#8221;Latinoamericana&#8221; 2=&#8221;sobre&#8221; 3=&#8221;Financiamiento&#8221; 4=&#8221;e&#8221; 5=&#8221;Impulso&#8221; 6=&#8221;de&#8221; 7=&#8221;los&#8221; 8=&#8221;Negocios&#8221; 9=&#8221;e&#8221; 10=&#8221;Inversiones&#8221; 11=&#8221;Internacionales&#8220;&#8221; text=&#8221;ALIDE took part in the<span class=\"excerpt-hellip\"> [\u2026]<\/span><\/p>\n","protected":false},"author":3,"featured_media":0,"parent":0,"menu_order":0,"comment_status":"closed","ping_status":"closed","template":"","meta":{"_uag_custom_page_level_css":"","footnotes":""},"class_list":["post-22889","page","type-page","status-publish","hentry"],"yoast_head":"<!-- This site is optimized with the Yoast SEO plugin v26.1.1 - https:\/\/yoast.com\/wordpress\/plugins\/seo\/ -->\n<title>ALIDE took part in the D20-LTIC Summit in Indonesia - ALIDE<\/title>\n<meta name=\"robots\" content=\"index, follow, max-snippet:-1, max-image-preview:large, max-video-preview:-1\" \/>\n<link rel=\"canonical\" href=\"https:\/\/www.alide.org.pe\/en\/alide-took-part-in-the-d20-ltic-summit-in-indonesia\/\" \/>\n<meta property=\"og:locale\" content=\"en_US\" \/>\n<meta property=\"og:type\" content=\"article\" \/>\n<meta property=\"og:title\" content=\"ALIDE took part in the D20-LTIC Summit in Indonesia - ALIDE\" \/>\n<meta property=\"og:description\" content=\"[vc_row 0=&#8221;&#8221;][vc_column 0=&#8221;&#8221;][vc_empty_space 0=&#8221;&#8221;][\/vc_column][\/vc_row][vc_row 0=&#8221;&#8221;][vc_column parallax=&#8221;content-moving&#8221; width=&#8221;1\/6&#8243;][\/vc_column][vc_column width=&#8221;2\/3&#8243;][vc_images_carousel images=&#8221;22829,22831,22842&#8243; img_size=&#8221;large&#8221;][vc_custom_heading 1=&#8221;Latinoamericana&#8221; 2=&#8221;sobre&#8221; 3=&#8221;Financiamiento&#8221; 4=&#8221;e&#8221; 5=&#8221;Impulso&#8221; 6=&#8221;de&#8221; 7=&#8221;los&#8221; 8=&#8221;Negocios&#8221; 9=&#8221;e&#8221; 10=&#8221;Inversiones&#8221; 11=&#8221;Internacionales&#8220;&#8221; text=&#8221;ALIDE took part in the [\u2026]\" \/>\n<meta property=\"og:url\" content=\"https:\/\/www.alide.org.pe\/en\/alide-took-part-in-the-d20-ltic-summit-in-indonesia\/\" \/>\n<meta property=\"og:site_name\" content=\"ALIDE\" \/>\n<meta property=\"article:publisher\" content=\"https:\/\/www.facebook.com\/alideoficial\/\" \/>\n<meta property=\"article:modified_time\" content=\"2023-01-18T17:46:17+00:00\" \/>\n<meta name=\"twitter:card\" content=\"summary_large_image\" \/>\n<meta name=\"twitter:site\" content=\"@_ALIDE_\" \/>\n<meta name=\"twitter:label1\" content=\"Est. reading time\" \/>\n\t<meta name=\"twitter:data1\" content=\"2 minutes\" \/>\n<script type=\"application\/ld+json\" class=\"yoast-schema-graph\">{\"@context\":\"https:\/\/schema.org\",\"@graph\":[{\"@type\":\"WebPage\",\"@id\":\"https:\/\/www.alide.org.pe\/en\/alide-took-part-in-the-d20-ltic-summit-in-indonesia\/\",\"url\":\"https:\/\/www.alide.org.pe\/en\/alide-took-part-in-the-d20-ltic-summit-in-indonesia\/\",\"name\":\"ALIDE took part in the D20-LTIC Summit in Indonesia - ALIDE\",\"isPartOf\":{\"@id\":\"https:\/\/www.alide.org.pe\/#website\"},\"datePublished\":\"2022-07-20T21:27:25+00:00\",\"dateModified\":\"2023-01-18T17:46:17+00:00\",\"breadcrumb\":{\"@id\":\"https:\/\/www.alide.org.pe\/en\/alide-took-part-in-the-d20-ltic-summit-in-indonesia\/#breadcrumb\"},\"inLanguage\":\"en-US\",\"potentialAction\":[{\"@type\":\"ReadAction\",\"target\":[\"https:\/\/www.alide.org.pe\/en\/alide-took-part-in-the-d20-ltic-summit-in-indonesia\/\"]}]},{\"@type\":\"BreadcrumbList\",\"@id\":\"https:\/\/www.alide.org.pe\/en\/alide-took-part-in-the-d20-ltic-summit-in-indonesia\/#breadcrumb\",\"itemListElement\":[{\"@type\":\"ListItem\",\"position\":1,\"name\":\"Portada\",\"item\":\"https:\/\/www.alide.org.pe\/en\/\"},{\"@type\":\"ListItem\",\"position\":2,\"name\":\"ALIDE took part in the D20-LTIC Summit in Indonesia\"}]},{\"@type\":\"WebSite\",\"@id\":\"https:\/\/www.alide.org.pe\/#website\",\"url\":\"https:\/\/www.alide.org.pe\/\",\"name\":\"ALIDE\",\"description\":\"Asociaci\u00f3n Latinoamericana de Instituciones Financieras para el Desarrollo\",\"potentialAction\":[{\"@type\":\"SearchAction\",\"target\":{\"@type\":\"EntryPoint\",\"urlTemplate\":\"https:\/\/www.alide.org.pe\/?s={search_term_string}\"},\"query-input\":{\"@type\":\"PropertyValueSpecification\",\"valueRequired\":true,\"valueName\":\"search_term_string\"}}],\"inLanguage\":\"en-US\"}]}<\/script>\n<!-- \/ Yoast SEO plugin. -->","yoast_head_json":{"title":"ALIDE took part in the D20-LTIC Summit in Indonesia - ALIDE","robots":{"index":"index","follow":"follow","max-snippet":"max-snippet:-1","max-image-preview":"max-image-preview:large","max-video-preview":"max-video-preview:-1"},"canonical":"https:\/\/www.alide.org.pe\/en\/alide-took-part-in-the-d20-ltic-summit-in-indonesia\/","og_locale":"en_US","og_type":"article","og_title":"ALIDE took part in the D20-LTIC Summit in Indonesia - ALIDE","og_description":"[vc_row 0=&#8221;&#8221;][vc_column 0=&#8221;&#8221;][vc_empty_space 0=&#8221;&#8221;][\/vc_column][\/vc_row][vc_row 0=&#8221;&#8221;][vc_column parallax=&#8221;content-moving&#8221; width=&#8221;1\/6&#8243;][\/vc_column][vc_column width=&#8221;2\/3&#8243;][vc_images_carousel images=&#8221;22829,22831,22842&#8243; img_size=&#8221;large&#8221;][vc_custom_heading 1=&#8221;Latinoamericana&#8221; 2=&#8221;sobre&#8221; 3=&#8221;Financiamiento&#8221; 4=&#8221;e&#8221; 5=&#8221;Impulso&#8221; 6=&#8221;de&#8221; 7=&#8221;los&#8221; 8=&#8221;Negocios&#8221; 9=&#8221;e&#8221; 10=&#8221;Inversiones&#8221; 11=&#8221;Internacionales&#8220;&#8221; text=&#8221;ALIDE took part in the [\u2026]","og_url":"https:\/\/www.alide.org.pe\/en\/alide-took-part-in-the-d20-ltic-summit-in-indonesia\/","og_site_name":"ALIDE","article_publisher":"https:\/\/www.facebook.com\/alideoficial\/","article_modified_time":"2023-01-18T17:46:17+00:00","twitter_card":"summary_large_image","twitter_site":"@_ALIDE_","twitter_misc":{"Est. reading time":"2 minutes"},"schema":{"@context":"https:\/\/schema.org","@graph":[{"@type":"WebPage","@id":"https:\/\/www.alide.org.pe\/en\/alide-took-part-in-the-d20-ltic-summit-in-indonesia\/","url":"https:\/\/www.alide.org.pe\/en\/alide-took-part-in-the-d20-ltic-summit-in-indonesia\/","name":"ALIDE took part in the D20-LTIC Summit in Indonesia - ALIDE","isPartOf":{"@id":"https:\/\/www.alide.org.pe\/#website"},"datePublished":"2022-07-20T21:27:25+00:00","dateModified":"2023-01-18T17:46:17+00:00","breadcrumb":{"@id":"https:\/\/www.alide.org.pe\/en\/alide-took-part-in-the-d20-ltic-summit-in-indonesia\/#breadcrumb"},"inLanguage":"en-US","potentialAction":[{"@type":"ReadAction","target":["https:\/\/www.alide.org.pe\/en\/alide-took-part-in-the-d20-ltic-summit-in-indonesia\/"]}]},{"@type":"BreadcrumbList","@id":"https:\/\/www.alide.org.pe\/en\/alide-took-part-in-the-d20-ltic-summit-in-indonesia\/#breadcrumb","itemListElement":[{"@type":"ListItem","position":1,"name":"Portada","item":"https:\/\/www.alide.org.pe\/en\/"},{"@type":"ListItem","position":2,"name":"ALIDE took part in the D20-LTIC Summit in Indonesia"}]},{"@type":"WebSite","@id":"https:\/\/www.alide.org.pe\/#website","url":"https:\/\/www.alide.org.pe\/","name":"ALIDE","description":"Asociaci\u00f3n Latinoamericana de Instituciones Financieras para el Desarrollo","potentialAction":[{"@type":"SearchAction","target":{"@type":"EntryPoint","urlTemplate":"https:\/\/www.alide.org.pe\/?s={search_term_string}"},"query-input":{"@type":"PropertyValueSpecification","valueRequired":true,"valueName":"search_term_string"}}],"inLanguage":"en-US"}]}},"uagb_featured_image_src":{"full":false,"thumbnail":false,"medium":false,"medium_large":false,"large":false,"1536x1536":false,"2048x2048":false,"post-thumbnail":false,"50x50":false,"clients-slider":false,"slider-content":false,"testimonials":false,"blog-navi":false,"portfolio-mf":false,"portfolio-mf-w":false,"portfolio-mf-t":false,"portfolio-list":false,"blog-portfolio":false,"blog-single":false},"uagb_author_info":{"display_name":"ALIDE","author_link":"https:\/\/www.alide.org.pe\/en\/author\/hanguk\/"},"uagb_comment_info":0,"uagb_excerpt":"[vc_row 0=&#8221;&#8221;][vc_column 0=&#8221;&#8221;][vc_empty_space 0=&#8221;&#8221;][\/vc_column][\/vc_row][vc_row 0=&#8221;&#8221;][vc_column parallax=&#8221;content-moving&#8221; width=&#8221;1\/6&#8243;][\/vc_column][vc_column width=&#8221;2\/3&#8243;][vc_images_carousel images=&#8221;22829,22831,22842&#8243; img_size=&#8221;large&#8221;][vc_custom_heading 1=&#8221;Latinoamericana&#8221; 2=&#8221;sobre&#8221; 3=&#8221;Financiamiento&#8221; 4=&#8221;e&#8221; 5=&#8221;Impulso&#8221; 6=&#8221;de&#8221; 7=&#8221;los&#8221; 8=&#8221;Negocios&#8221; 9=&#8221;e&#8221; 10=&#8221;Inversiones&#8221; 11=&#8221;Internacionales&#8220;&#8221; text=&#8221;ALIDE took part in the [\u2026]","_links":{"self":[{"href":"https:\/\/www.alide.org.pe\/en\/wp-json\/wp\/v2\/pages\/22889","targetHints":{"allow":["GET"]}}],"collection":[{"href":"https:\/\/www.alide.org.pe\/en\/wp-json\/wp\/v2\/pages"}],"about":[{"href":"https:\/\/www.alide.org.pe\/en\/wp-json\/wp\/v2\/types\/page"}],"author":[{"embeddable":true,"href":"https:\/\/www.alide.org.pe\/en\/wp-json\/wp\/v2\/users\/3"}],"replies":[{"embeddable":true,"href":"https:\/\/www.alide.org.pe\/en\/wp-json\/wp\/v2\/comments?post=22889"}],"version-history":[{"count":3,"href":"https:\/\/www.alide.org.pe\/en\/wp-json\/wp\/v2\/pages\/22889\/revisions"}],"predecessor-version":[{"id":22892,"href":"https:\/\/www.alide.org.pe\/en\/wp-json\/wp\/v2\/pages\/22889\/revisions\/22892"}],"wp:attachment":[{"href":"https:\/\/www.alide.org.pe\/en\/wp-json\/wp\/v2\/media?parent=22889"}],"curies":[{"name":"wp","href":"https:\/\/api.w.org\/{rel}","templated":true}]}}