{"id":21095,"date":"2022-03-31T18:10:07","date_gmt":"2022-03-31T18:10:07","guid":{"rendered":"https:\/\/www.alide.org.pe\/?page_id=21095"},"modified":"2022-03-31T20:35:26","modified_gmt":"2022-03-31T20:35:26","slug":"desenvolve-sp-became-a-new-member-of-alide","status":"publish","type":"page","link":"https:\/\/www.alide.org.pe\/en\/desenvolve-sp-became-a-new-member-of-alide\/","title":{"rendered":"Desenvolve SP became a new member of ALIDE"},"content":{"rendered":"<div class=\"wpb-content-wrapper\"><p>[vc_row 0=&#8221;&#8221;][vc_column 0=&#8221;&#8221;][vc_empty_space 0=&#8221;&#8221;][\/vc_column][\/vc_row][vc_row 0=&#8221;&#8221;][vc_column parallax=&#8221;content-moving&#8221; width=&#8221;1\/6&#8243;][\/vc_column][vc_column width=&#8221;2\/3&#8243;][vc_gallery type=&#8221;flexslider_slide&#8221; interval=&#8221;5&#8243; images=&#8221;21089&#8243; img_size=&#8221;large&#8221;][vc_custom_heading 1=&#8221;Latinoamericana&#8221; 2=&#8221;sobre&#8221; 3=&#8221;Financiamiento&#8221; 4=&#8221;e&#8221; 5=&#8221;Impulso&#8221; 6=&#8221;de&#8221; 7=&#8221;los&#8221; 8=&#8221;Negocios&#8221; 9=&#8221;e&#8221; 10=&#8221;Inversiones&#8221; 11=&#8221;Internacionales&#8220;&#8221; text=&#8221;Desenvolve SP became a new member of ALIDE&#8221; font_container=&#8221;tag:h3|text_align:center|color:%23013c7b&#8221; use_theme_fonts=&#8221;yes&#8221;][vc_column_text 0=&#8221;&#8221;]<\/p>\n<ul>\n<li><i><span style=\"font-weight: 400;\">The financial institution of the Government of the State of S\u00e3o Paulo seeks to promote sustainable development through profitable financial solutions that create value<\/span><\/i><\/li>\n<\/ul>\n<hr \/>\n<p><b>March 31, 2022- <a href=\"https:\/\/www.desenvolvesp.com.br\/\"><span style=\"font-weight: 400;\">Desenvolve SP \u2013 Ag\u00eancia de Fomento do Estado de S\u00e3o Paulo S.A.<\/span><\/a><span style=\"font-weight: 400;\"> became an active new member of <\/span><\/b><a href=\"https:\/\/www.alide.org.pe\/en\/\"><span style=\"font-weight: 400;\">The<\/span> <\/a><span style=\"font-weight: 400;\"><a href=\"https:\/\/www.alide.org.pe\/en\/\">Latin American Association of Development Financing Institutions (ALIDE) <\/a><\/span><span style=\"font-weight: 400;\">\u00a0<\/span><span style=\"font-weight: 400;\">with the purpose of becoming part of the network of banks and financial institutions in the region that works for the economic and social development of Latin America and the Caribbean.<\/span><\/p>\n<p><span style=\"font-weight: 400;\">The <\/span><b>general secretary of ALIDE, Edgardo Alvarez,<\/b><span style=\"font-weight: 400;\"> reiterated the satisfaction of having the Brazilian institution as a member of the Association, and emphasized that the entity he represents seeks to strengthen the action and participation of financial institutions in the development of the region, therefore ALIDE will support Desenvolve SP with the objectives it wants to achieve in its country.\u00a0<\/span><\/p>\n<p><span style=\"font-weight: 400;\">Desenvolve SP was founded in 2008 as a financial institution of the S\u00e3o Paulo State Government. Currently its president director is Sergio Gusmao and its mission as an organization is to promote the sustainable development of the S\u00e3o Paulo economy through profitable financial solutions that create value.<\/span><\/p>\n<p><span style=\"font-weight: 400;\">Also, Desenvolve SP is part of the National System for Productive Transformation and Competitiveness, which aims to promote productive and innovative economic development with sustainability, social equity and environmental and territorial balance.<\/span><\/p>\n<p><span style=\"font-weight: 400;\">With Desenvolve SP&#8217;s participation in ALIDE, the Brazilian agency will be able to strengthen ties with more than 80 member entities, including national, regional and extra-regional institutions. Moreover, it will be able to participate in specialized events for development banking and take part in training and experience exchange programs on financing for productive, social and green banking sectors.\u00a0<\/span>[\/vc_column_text][\/vc_column][\/vc_row][vc_row 0=&#8221;&#8221;][vc_column parallax=&#8221;content-moving&#8221; width=&#8221;1\/6&#8243;][\/vc_column][vc_column width=&#8221;2\/3&#8243;][vc_column_text 0=&#8221;&#8221;]<\/p>\n<h3><span style=\"color: #009de5;\"><strong>About ALIDE<\/strong><\/span><\/h3>\n<p>ALIDE is the community of financial institutions that generates banking solutions for the development of Latin America and the Caribbean. Founded in 1968, its main objective is to contribute to the economic and social development of the region, through the good practices in development financing that it promotes among its associates, about 90 institutions with a presence in more than 20 Latin American countries and other regions of the world.<\/p>\n<h3><span style=\"color: #009de5;\"><strong>About <b>Desenvolve SP<\/b><\/strong><\/span><\/h3>\n<p><span style=\"font-weight: 400;\">Desenvolve SP \u2013 Ag\u00eancia de Fomento do Estado de S\u00e3o Paulo S.A. is a financial institution of the Government of the State of S\u00e3o Paulo that offers the best financing options to make companies growth projects a reality. The public agency supports sustainable development of the economy through profitable financial solutions that create value and foster economic and social growth, employment generation and income in the state of S\u00e3o Paulo.\u00a0<\/span><\/p>\n<h3><span style=\"color: #009de5;\"><strong>Contact<\/strong><\/span><\/h3>\n<p><strong>Andrea Villafranca<\/strong><br \/>\nCommunications Unit of ALIDE<br \/>\nPhone: +511-203-5520 |: Ext: 227<br \/>\n<a href=\"mailto:comunicaciones@alide.org\">comunicaciones@alide.org<\/a>,\u00a0<a href=\"mailto:comunicaciones2@alide.org\">comunicaciones2@alide.org<\/a><br \/>\n<a href=\"http:\/\/www.alide.org\/\">www.alide.org<\/a>[\/vc_column_text][\/vc_column][\/vc_row]<\/p>\n<\/div>","protected":false},"excerpt":{"rendered":"<p>[vc_row 0=&#8221;&#8221;][vc_column 0=&#8221;&#8221;][vc_empty_space 0=&#8221;&#8221;][\/vc_column][\/vc_row][vc_row 0=&#8221;&#8221;][vc_column parallax=&#8221;content-moving&#8221; width=&#8221;1\/6&#8243;][\/vc_column][vc_column width=&#8221;2\/3&#8243;][vc_gallery type=&#8221;flexslider_slide&#8221; interval=&#8221;5&#8243; images=&#8221;21089&#8243; img_size=&#8221;large&#8221;][vc_custom_heading 1=&#8221;Latinoamericana&#8221; 2=&#8221;sobre&#8221; 3=&#8221;Financiamiento&#8221; 4=&#8221;e&#8221; 5=&#8221;Impulso&#8221; 6=&#8221;de&#8221; 7=&#8221;los&#8221; 8=&#8221;Negocios&#8221; 9=&#8221;e&#8221; 10=&#8221;Inversiones&#8221; 11=&#8221;Internacionales&#8220;&#8221; text=&#8221;Desenvolve SP became<span class=\"excerpt-hellip\"> [\u2026]<\/span><\/p>\n","protected":false},"author":3,"featured_media":0,"parent":0,"menu_order":0,"comment_status":"closed","ping_status":"closed","template":"","meta":{"_uag_custom_page_level_css":"","footnotes":""},"class_list":["post-21095","page","type-page","status-publish","hentry"],"yoast_head":"<!-- This site is optimized with the Yoast SEO plugin v26.1.1 - https:\/\/yoast.com\/wordpress\/plugins\/seo\/ -->\n<title>Desenvolve SP became a new member of ALIDE - ALIDE<\/title>\n<meta name=\"robots\" content=\"index, follow, max-snippet:-1, max-image-preview:large, max-video-preview:-1\" \/>\n<link rel=\"canonical\" href=\"https:\/\/www.alide.org.pe\/en\/desenvolve-sp-became-a-new-member-of-alide\/\" \/>\n<meta property=\"og:locale\" content=\"en_US\" \/>\n<meta property=\"og:type\" content=\"article\" \/>\n<meta property=\"og:title\" content=\"Desenvolve SP became a new member of ALIDE - ALIDE\" \/>\n<meta property=\"og:description\" content=\"[vc_row 0=&#8221;&#8221;][vc_column 0=&#8221;&#8221;][vc_empty_space 0=&#8221;&#8221;][\/vc_column][\/vc_row][vc_row 0=&#8221;&#8221;][vc_column parallax=&#8221;content-moving&#8221; width=&#8221;1\/6&#8243;][\/vc_column][vc_column width=&#8221;2\/3&#8243;][vc_gallery type=&#8221;flexslider_slide&#8221; interval=&#8221;5&#8243; images=&#8221;21089&#8243; img_size=&#8221;large&#8221;][vc_custom_heading 1=&#8221;Latinoamericana&#8221; 2=&#8221;sobre&#8221; 3=&#8221;Financiamiento&#8221; 4=&#8221;e&#8221; 5=&#8221;Impulso&#8221; 6=&#8221;de&#8221; 7=&#8221;los&#8221; 8=&#8221;Negocios&#8221; 9=&#8221;e&#8221; 10=&#8221;Inversiones&#8221; 11=&#8221;Internacionales&#8220;&#8221; text=&#8221;Desenvolve SP became [\u2026]\" \/>\n<meta property=\"og:url\" content=\"https:\/\/www.alide.org.pe\/en\/desenvolve-sp-became-a-new-member-of-alide\/\" \/>\n<meta property=\"og:site_name\" content=\"ALIDE\" \/>\n<meta property=\"article:publisher\" content=\"https:\/\/www.facebook.com\/alideoficial\/\" \/>\n<meta property=\"article:modified_time\" content=\"2022-03-31T20:35:26+00:00\" \/>\n<meta name=\"twitter:card\" content=\"summary_large_image\" \/>\n<meta name=\"twitter:site\" content=\"@_ALIDE_\" \/>\n<meta name=\"twitter:label1\" content=\"Est. reading time\" \/>\n\t<meta name=\"twitter:data1\" content=\"3 minutes\" \/>\n<script type=\"application\/ld+json\" class=\"yoast-schema-graph\">{\"@context\":\"https:\/\/schema.org\",\"@graph\":[{\"@type\":\"WebPage\",\"@id\":\"https:\/\/www.alide.org.pe\/en\/desenvolve-sp-became-a-new-member-of-alide\/\",\"url\":\"https:\/\/www.alide.org.pe\/en\/desenvolve-sp-became-a-new-member-of-alide\/\",\"name\":\"Desenvolve SP became a new member of ALIDE - ALIDE\",\"isPartOf\":{\"@id\":\"https:\/\/www.alide.org.pe\/#website\"},\"datePublished\":\"2022-03-31T18:10:07+00:00\",\"dateModified\":\"2022-03-31T20:35:26+00:00\",\"breadcrumb\":{\"@id\":\"https:\/\/www.alide.org.pe\/en\/desenvolve-sp-became-a-new-member-of-alide\/#breadcrumb\"},\"inLanguage\":\"en-US\",\"potentialAction\":[{\"@type\":\"ReadAction\",\"target\":[\"https:\/\/www.alide.org.pe\/en\/desenvolve-sp-became-a-new-member-of-alide\/\"]}]},{\"@type\":\"BreadcrumbList\",\"@id\":\"https:\/\/www.alide.org.pe\/en\/desenvolve-sp-became-a-new-member-of-alide\/#breadcrumb\",\"itemListElement\":[{\"@type\":\"ListItem\",\"position\":1,\"name\":\"Portada\",\"item\":\"https:\/\/www.alide.org.pe\/en\/\"},{\"@type\":\"ListItem\",\"position\":2,\"name\":\"Desenvolve SP became a new member of ALIDE\"}]},{\"@type\":\"WebSite\",\"@id\":\"https:\/\/www.alide.org.pe\/#website\",\"url\":\"https:\/\/www.alide.org.pe\/\",\"name\":\"ALIDE\",\"description\":\"Asociaci\u00f3n Latinoamericana de Instituciones Financieras para el Desarrollo\",\"potentialAction\":[{\"@type\":\"SearchAction\",\"target\":{\"@type\":\"EntryPoint\",\"urlTemplate\":\"https:\/\/www.alide.org.pe\/?s={search_term_string}\"},\"query-input\":{\"@type\":\"PropertyValueSpecification\",\"valueRequired\":true,\"valueName\":\"search_term_string\"}}],\"inLanguage\":\"en-US\"}]}<\/script>\n<!-- \/ Yoast SEO plugin. -->","yoast_head_json":{"title":"Desenvolve SP became a new member of ALIDE - ALIDE","robots":{"index":"index","follow":"follow","max-snippet":"max-snippet:-1","max-image-preview":"max-image-preview:large","max-video-preview":"max-video-preview:-1"},"canonical":"https:\/\/www.alide.org.pe\/en\/desenvolve-sp-became-a-new-member-of-alide\/","og_locale":"en_US","og_type":"article","og_title":"Desenvolve SP became a new member of ALIDE - ALIDE","og_description":"[vc_row 0=&#8221;&#8221;][vc_column 0=&#8221;&#8221;][vc_empty_space 0=&#8221;&#8221;][\/vc_column][\/vc_row][vc_row 0=&#8221;&#8221;][vc_column parallax=&#8221;content-moving&#8221; width=&#8221;1\/6&#8243;][\/vc_column][vc_column width=&#8221;2\/3&#8243;][vc_gallery type=&#8221;flexslider_slide&#8221; interval=&#8221;5&#8243; images=&#8221;21089&#8243; img_size=&#8221;large&#8221;][vc_custom_heading 1=&#8221;Latinoamericana&#8221; 2=&#8221;sobre&#8221; 3=&#8221;Financiamiento&#8221; 4=&#8221;e&#8221; 5=&#8221;Impulso&#8221; 6=&#8221;de&#8221; 7=&#8221;los&#8221; 8=&#8221;Negocios&#8221; 9=&#8221;e&#8221; 10=&#8221;Inversiones&#8221; 11=&#8221;Internacionales&#8220;&#8221; text=&#8221;Desenvolve SP became [\u2026]","og_url":"https:\/\/www.alide.org.pe\/en\/desenvolve-sp-became-a-new-member-of-alide\/","og_site_name":"ALIDE","article_publisher":"https:\/\/www.facebook.com\/alideoficial\/","article_modified_time":"2022-03-31T20:35:26+00:00","twitter_card":"summary_large_image","twitter_site":"@_ALIDE_","twitter_misc":{"Est. reading time":"3 minutes"},"schema":{"@context":"https:\/\/schema.org","@graph":[{"@type":"WebPage","@id":"https:\/\/www.alide.org.pe\/en\/desenvolve-sp-became-a-new-member-of-alide\/","url":"https:\/\/www.alide.org.pe\/en\/desenvolve-sp-became-a-new-member-of-alide\/","name":"Desenvolve SP became a new member of ALIDE - ALIDE","isPartOf":{"@id":"https:\/\/www.alide.org.pe\/#website"},"datePublished":"2022-03-31T18:10:07+00:00","dateModified":"2022-03-31T20:35:26+00:00","breadcrumb":{"@id":"https:\/\/www.alide.org.pe\/en\/desenvolve-sp-became-a-new-member-of-alide\/#breadcrumb"},"inLanguage":"en-US","potentialAction":[{"@type":"ReadAction","target":["https:\/\/www.alide.org.pe\/en\/desenvolve-sp-became-a-new-member-of-alide\/"]}]},{"@type":"BreadcrumbList","@id":"https:\/\/www.alide.org.pe\/en\/desenvolve-sp-became-a-new-member-of-alide\/#breadcrumb","itemListElement":[{"@type":"ListItem","position":1,"name":"Portada","item":"https:\/\/www.alide.org.pe\/en\/"},{"@type":"ListItem","position":2,"name":"Desenvolve SP became a new member of ALIDE"}]},{"@type":"WebSite","@id":"https:\/\/www.alide.org.pe\/#website","url":"https:\/\/www.alide.org.pe\/","name":"ALIDE","description":"Asociaci\u00f3n Latinoamericana de Instituciones Financieras para el Desarrollo","potentialAction":[{"@type":"SearchAction","target":{"@type":"EntryPoint","urlTemplate":"https:\/\/www.alide.org.pe\/?s={search_term_string}"},"query-input":{"@type":"PropertyValueSpecification","valueRequired":true,"valueName":"search_term_string"}}],"inLanguage":"en-US"}]}},"uagb_featured_image_src":{"full":false,"thumbnail":false,"medium":false,"medium_large":false,"large":false,"1536x1536":false,"2048x2048":false,"post-thumbnail":false,"50x50":false,"clients-slider":false,"slider-content":false,"testimonials":false,"blog-navi":false,"portfolio-mf":false,"portfolio-mf-w":false,"portfolio-mf-t":false,"portfolio-list":false,"blog-portfolio":false,"blog-single":false},"uagb_author_info":{"display_name":"ALIDE","author_link":"https:\/\/www.alide.org.pe\/en\/author\/hanguk\/"},"uagb_comment_info":0,"uagb_excerpt":"[vc_row 0=&#8221;&#8221;][vc_column 0=&#8221;&#8221;][vc_empty_space 0=&#8221;&#8221;][\/vc_column][\/vc_row][vc_row 0=&#8221;&#8221;][vc_column parallax=&#8221;content-moving&#8221; width=&#8221;1\/6&#8243;][\/vc_column][vc_column width=&#8221;2\/3&#8243;][vc_gallery type=&#8221;flexslider_slide&#8221; interval=&#8221;5&#8243; images=&#8221;21089&#8243; img_size=&#8221;large&#8221;][vc_custom_heading 1=&#8221;Latinoamericana&#8221; 2=&#8221;sobre&#8221; 3=&#8221;Financiamiento&#8221; 4=&#8221;e&#8221; 5=&#8221;Impulso&#8221; 6=&#8221;de&#8221; 7=&#8221;los&#8221; 8=&#8221;Negocios&#8221; 9=&#8221;e&#8221; 10=&#8221;Inversiones&#8221; 11=&#8221;Internacionales&#8220;&#8221; text=&#8221;Desenvolve SP became [\u2026]","_links":{"self":[{"href":"https:\/\/www.alide.org.pe\/en\/wp-json\/wp\/v2\/pages\/21095","targetHints":{"allow":["GET"]}}],"collection":[{"href":"https:\/\/www.alide.org.pe\/en\/wp-json\/wp\/v2\/pages"}],"about":[{"href":"https:\/\/www.alide.org.pe\/en\/wp-json\/wp\/v2\/types\/page"}],"author":[{"embeddable":true,"href":"https:\/\/www.alide.org.pe\/en\/wp-json\/wp\/v2\/users\/3"}],"replies":[{"embeddable":true,"href":"https:\/\/www.alide.org.pe\/en\/wp-json\/wp\/v2\/comments?post=21095"}],"version-history":[{"count":2,"href":"https:\/\/www.alide.org.pe\/en\/wp-json\/wp\/v2\/pages\/21095\/revisions"}],"predecessor-version":[{"id":21104,"href":"https:\/\/www.alide.org.pe\/en\/wp-json\/wp\/v2\/pages\/21095\/revisions\/21104"}],"wp:attachment":[{"href":"https:\/\/www.alide.org.pe\/en\/wp-json\/wp\/v2\/media?parent=21095"}],"curies":[{"name":"wp","href":"https:\/\/api.w.org\/{rel}","templated":true}]}}